{"id":988242,"date":"2024-11-11T08:16:34","date_gmt":"2024-11-11T08:16:34","guid":{"rendered":"https:\/\/qaze.me\/home-2-copy\/"},"modified":"2025-12-09T13:32:55","modified_gmt":"2025-12-09T13:32:55","slug":"home-2-copy","status":"publish","type":"page","link":"https:\/\/qaze.me\/tr\/","title":{"rendered":"Ana Sayfa"},"content":{"rendered":"<div class=\"vgblk-rw-wrapper limit-wrapper\">\r\n\r\n\t<p>Dan\u0131\u015fmanl\u0131k ekibimiz, \u015firket kurulu\u015fu, hukuki dan\u0131\u015fmanl\u0131k, i\u015f geli\u015ftirme ve muhasebe gibi \u00e7e\u015fitli alanlarda derinlemesine uzmanl\u0131k sunmaktad\u0131r.<\/p>\r\n\t<p>M\u00fc\u015fterilerimizin benzersiz ihtiya\u00e7lar\u0131na g\u00f6re \u00f6zelle\u015ftirilmi\u015f \u00e7\u00f6z\u00fcmler sunarak stratejik hedeflerine ula\u015fmalar\u0131na yard\u0131mc\u0131 oluyoruz.<\/p>\r\n\t<p>M\u00fc\u015fterilerimize, yasal ve ticari s\u00fcre\u00e7lerde g\u00fcvenilir rehberlik hizmeti sunuyoruz.<\/p>\r\n\t<p>Ekibimiz, sekt\u00f6rde geni\u015f deneyime sahip profesyonellerden olu\u015fmakta olup, hem T\u00fcrk\u00e7e hem de \u0130ngilizce dillerinde etkili ileti\u015fim kurarak y\u00fcksek kaliteli hizmetler sunmaktad\u0131r.<\/p>\r\n<h2>\r\n\tHizmet Alanlar\u0131m\u0131z\r\n\t<\/h2>\r\n\t<h5>\u015eirket Kurulu\u015fu<\/h5>\r\n<h5>Muhasebe Hizmetleri<\/h5>\r\n<h5>Vergi Dan\u0131\u015fmanl\u0131\u011f\u0131 ve Stratejik Planlama<\/h5>\r\n<h5>\u0130\u015f Geli\u015ftirme<\/h5>\r\n<h5>Yat\u0131r\u0131m Dan\u0131\u015fmanl\u0131\u011f\u0131<\/h5>\r\n<h5>S\u00f6zle\u015fme Dan\u0131\u015fmanl\u0131\u011f\u0131<\/h5>\r\n<h5>Uyu\u015fmazl\u0131k \u00c7\u00f6z\u00fcm\u00fc ve Tahkim<\/h5>\r\n\t<a href=\"https:\/\/qaze.me\/tr\/hizmetlerimiz\/\" target=\"_self\" role=\"button\">\r\n\t\t\t\t\tUygulama Alanlar\u0131\r\n\t<\/a>\r\n<h2>\r\n\tNeden Qaze&#8217;i <br \/> tercih etmelisiniz?\r\n\t<\/h2>\r\n<p>Qaze Alliance Advisors&#8217;ta, dan\u0131\u015fmanl\u0131k hizmetlerimiz, 15 y\u0131l\u0131 a\u015fk\u0131n uzmanl\u0131k deneyimimizi, her m\u00fc\u015fterinin benzersiz ihtiya\u00e7lar\u0131n\u0131 kar\u015f\u0131layan \u00f6zel bir yakla\u015f\u0131mla birle\u015ftirerek \u00f6ne \u00e7\u0131kmaktad\u0131r. Verimlilik, uyum ve eri\u015filebilirli\u011fi \u00f6nceliklendirerek, i\u015fletmelerin Dubai ve \u00f6tesindeki dinamik pazarlara girmenin karma\u015f\u0131kl\u0131\u011f\u0131n\u0131 ba\u015far\u0131yla a\u015fabilmelerini sa\u011fl\u0131yoruz.<\/p>\r\n<p>&nbsp;<\/p>\r\n\t<a href=\"https:\/\/qaze.me\/tr\/hakkimizda\/\" target=\"_self\" role=\"button\">\r\n\t\t\t\t\tHakk\u0131m\u0131zda\r\n\t<\/a>\r\n\t\t\t\t\t\t\t<img loading=\"lazy\" decoding=\"async\" src=\"https:\/\/qaze.me\/wp-content\/uploads\/2017\/04\/PeopleImages.com-ID1327409-1.jpg\" alt=\"Shot of office workers in a meeting in a boardroom\" itemprop=\"image\" height=\"400\" width=\"730\" title=\"Turning ideas into reality\" onerror=\"this.style.display='none'\"  sizes=\"auto, (max-width: 768px) 100vw, 100vw\" srcset=\"https:\/\/qaze.me\/wp-content\/uploads\/2017\/04\/PeopleImages.com-ID1327409-1.jpg 730w, https:\/\/qaze.me\/wp-content\/uploads\/2017\/04\/PeopleImages.com-ID1327409-1-300x164.jpg 300w, https:\/\/qaze.me\/wp-content\/uploads\/2017\/04\/PeopleImages.com-ID1327409-1-630x345.jpg 630w, https:\/\/qaze.me\/wp-content\/uploads\/2017\/04\/PeopleImages.com-ID1327409-1-420x230.jpg 420w, https:\/\/qaze.me\/wp-content\/uploads\/2017\/04\/PeopleImages.com-ID1327409-1-315x173.jpg 315w\" \/>\t\t\t\t\t\t\t\r\n<h3>Esra Akdere \/ Kurucu<\/h3><p>Qaze Alliance Advisors, Dubai&#8217;ye a\u00e7\u0131lmam\u0131z\u0131 kusursuz ve verimli hale getirerek her ad\u0131mda uzman rehberli\u011fi sa\u011flad\u0131.<\/p>Esra Akdere \/ Co-Founder\r\n\t\t\t\t\t\t\t<img loading=\"lazy\" decoding=\"async\" src=\"https:\/\/qaze.me\/wp-content\/uploads\/2017\/05\/banner-5.jpg\" alt=\"banner-5\" itemprop=\"image\" height=\"700\" width=\"1440\" title=\"banner-5\" onerror=\"this.style.display='none'\"  sizes=\"auto, (max-width: 768px) 100vw, 100vw\" srcset=\"https:\/\/qaze.me\/wp-content\/uploads\/2017\/05\/banner-5.jpg 1440w, https:\/\/qaze.me\/wp-content\/uploads\/2017\/05\/banner-5-300x146.jpg 300w, https:\/\/qaze.me\/wp-content\/uploads\/2017\/05\/banner-5-1024x498.jpg 1024w, https:\/\/qaze.me\/wp-content\/uploads\/2017\/05\/banner-5-768x373.jpg 768w, https:\/\/qaze.me\/wp-content\/uploads\/2017\/05\/banner-5-1260x613.jpg 1260w, https:\/\/qaze.me\/wp-content\/uploads\/2017\/05\/banner-5-630x306.jpg 630w, https:\/\/qaze.me\/wp-content\/uploads\/2017\/05\/banner-5-420x204.jpg 420w, https:\/\/qaze.me\/wp-content\/uploads\/2017\/05\/banner-5-840x408.jpg 840w, https:\/\/qaze.me\/wp-content\/uploads\/2017\/05\/banner-5-315x153.jpg 315w\" \/>\t\t\t\t\t\t\t\r\n<h2>\r\n\t\u00dc\u00e7 temel de\u011ferimiz:\r\n\t<\/h2>\r\n\t<p>Qaze, k\u00fcresel sahnede ba\u015far\u0131ya ula\u015fman\u0131zda sizin i\u015f orta\u011f\u0131n\u0131z olarak hareket eder. \u0130ster faaliyetlerinizi geni\u015fletiyor, ister yat\u0131r\u0131m f\u0131rsatlar\u0131 ar\u0131yor, ister hukuki \u00e7\u00f6z\u00fcmler ar\u0131yor olun, Dubai yolculu\u011funuzda size destek olmak i\u00e7in buraday\u0131z.<\/p>\r\n<ul>\r\n<li>Profesyonellik<\/li>\r\n<li>G\u00fcvenilirlik<\/li>\r\n<li>Bilgi<\/li>\r\n<\/ul>\r\n\t<a href=\"https:\/\/qaze.me\/tr\/hakkimizda\/\" target=\"_self\" role=\"button\">\r\n\t\t\t\t\tDe\u011ferlerimiz\r\n\t<\/a>\r\n<h2>\r\n\tDuyurular\r\n\t<\/h2>\r\n<h2>\r\n\tSizi<br \/>  arayal\u0131m \r\n\t<\/h2>\r\n<h3>\r\n\tFormu doldurun:\r\n\t<\/h3>\r\n\tBildirim: Bu i\u00e7erik i\u00e7in bir JavaScript gereklidir.\r\n        <!-- That data is being printed as a workaround to page builders reordering the order of the scripts loaded-->\r\n        \r\n<\/div><!-- .vgblk-rw-wrapper -->","protected":false},"excerpt":{"rendered":"<p>Dan\u0131\u015fmanl\u0131k ekibimiz, \u015firket kurulu\u015fu, hukuki dan\u0131\u015fmanl\u0131k, i\u015f geli\u015ftirme ve muhasebe gibi \u00e7e\u015fitli alanlarda derinlemesine uzmanl\u0131k sunmaktad\u0131r. M\u00fc\u015fterilerimizin benzersiz ihtiya\u00e7lar\u0131na g\u00f6re \u00f6zelle\u015ftirilmi\u015f \u00e7\u00f6z\u00fcmler sunarak stratejik hedeflerine ula\u015fmalar\u0131na yard\u0131mc\u0131 oluyoruz. M\u00fc\u015fterilerimize, yasal ve ticari s\u00fcre\u00e7lerde g\u00fcvenilir rehberlik hizmeti sunuyoruz. Ekibimiz, sekt\u00f6rde geni\u015f deneyime sahip profesyonellerden olu\u015fmakta olup, hem T\u00fcrk\u00e7e hem de \u0130ngilizce dillerinde etkili ileti\u015fim kurarak y\u00fcksek&#8230;<\/p>\n","protected":false},"author":1,"featured_media":0,"parent":0,"menu_order":0,"comment_status":"closed","ping_status":"closed","template":"","meta":{"footnotes":""},"class_list":["post-988242","page","type-page","status-publish","hentry"],"yoast_head":"<!-- This site is optimized with the Yoast SEO plugin v27.3 - https:\/\/yoast.com\/product\/yoast-seo-wordpress\/ -->\n<title>Ana Sayfa - Qaze Alliance Advisors<\/title>\n<meta name=\"robots\" content=\"noindex, follow, max-snippet:-1, max-image-preview:large, max-video-preview:-1\" \/>\n<meta property=\"og:locale\" content=\"tr_TR\" \/>\n<meta property=\"og:type\" content=\"article\" \/>\n<meta property=\"og:title\" content=\"Ana Sayfa - Qaze Alliance Advisors\" \/>\n<meta property=\"og:description\" content=\"Dan\u0131\u015fmanl\u0131k ekibimiz, \u015firket kurulu\u015fu, hukuki dan\u0131\u015fmanl\u0131k, i\u015f geli\u015ftirme ve muhasebe gibi \u00e7e\u015fitli alanlarda derinlemesine uzmanl\u0131k sunmaktad\u0131r. M\u00fc\u015fterilerimizin benzersiz ihtiya\u00e7lar\u0131na g\u00f6re \u00f6zelle\u015ftirilmi\u015f \u00e7\u00f6z\u00fcmler sunarak stratejik hedeflerine ula\u015fmalar\u0131na yard\u0131mc\u0131 oluyoruz. M\u00fc\u015fterilerimize, yasal ve ticari s\u00fcre\u00e7lerde g\u00fcvenilir rehberlik hizmeti sunuyoruz. Ekibimiz, sekt\u00f6rde geni\u015f deneyime sahip profesyonellerden olu\u015fmakta olup, hem T\u00fcrk\u00e7e hem de \u0130ngilizce dillerinde etkili ileti\u015fim kurarak y\u00fcksek...\" \/>\n<meta property=\"og:url\" content=\"https:\/\/qaze.me\/tr\/\" \/>\n<meta property=\"og:site_name\" content=\"Qaze Alliance Advisors\" \/>\n<meta property=\"article:modified_time\" content=\"2025-12-09T13:32:55+00:00\" \/>\n<meta property=\"og:image\" content=\"https:\/\/qaze.me\/wp-content\/uploads\/2017\/04\/PeopleImages.com-ID1327409-1.jpg\" \/>\n<meta name=\"twitter:card\" content=\"summary_large_image\" \/>\n<meta name=\"twitter:label1\" content=\"Tahmini okuma s\u00fcresi\" \/>\n\t<meta name=\"twitter:data1\" content=\"4 dakika\" \/>\n<script type=\"application\/ld+json\" class=\"yoast-schema-graph\">{\"@context\":\"https:\\\/\\\/schema.org\",\"@graph\":[{\"@type\":\"WebPage\",\"@id\":\"https:\\\/\\\/qaze.me\\\/tr\\\/\",\"url\":\"https:\\\/\\\/qaze.me\\\/tr\\\/\",\"name\":\"Ana Sayfa - Qaze Alliance Advisors\",\"isPartOf\":{\"@id\":\"https:\\\/\\\/qaze.me\\\/tr\\\/#website\"},\"primaryImageOfPage\":{\"@id\":\"https:\\\/\\\/qaze.me\\\/tr\\\/#primaryimage\"},\"image\":{\"@id\":\"https:\\\/\\\/qaze.me\\\/tr\\\/#primaryimage\"},\"thumbnailUrl\":\"https:\\\/\\\/qaze.me\\\/wp-content\\\/uploads\\\/2017\\\/04\\\/PeopleImages.com-ID1327409-1.jpg\",\"datePublished\":\"2024-11-11T08:16:34+00:00\",\"dateModified\":\"2025-12-09T13:32:55+00:00\",\"breadcrumb\":{\"@id\":\"https:\\\/\\\/qaze.me\\\/tr\\\/#breadcrumb\"},\"inLanguage\":\"tr\",\"potentialAction\":[{\"@type\":\"ReadAction\",\"target\":[\"https:\\\/\\\/qaze.me\\\/tr\\\/\"]}]},{\"@type\":\"ImageObject\",\"inLanguage\":\"tr\",\"@id\":\"https:\\\/\\\/qaze.me\\\/tr\\\/#primaryimage\",\"url\":\"https:\\\/\\\/qaze.me\\\/wp-content\\\/uploads\\\/2017\\\/04\\\/PeopleImages.com-ID1327409-1.jpg\",\"contentUrl\":\"https:\\\/\\\/qaze.me\\\/wp-content\\\/uploads\\\/2017\\\/04\\\/PeopleImages.com-ID1327409-1.jpg\"},{\"@type\":\"BreadcrumbList\",\"@id\":\"https:\\\/\\\/qaze.me\\\/tr\\\/#breadcrumb\",\"itemListElement\":[{\"@type\":\"ListItem\",\"position\":1,\"name\":\"Home\",\"item\":\"https:\\\/\\\/qaze.me\\\/tr\\\/\"},{\"@type\":\"ListItem\",\"position\":2,\"name\":\"Ana Sayfa\"}]},{\"@type\":\"WebSite\",\"@id\":\"https:\\\/\\\/qaze.me\\\/tr\\\/#website\",\"url\":\"https:\\\/\\\/qaze.me\\\/tr\\\/\",\"name\":\"Qaze Alliance Advisors\",\"description\":\"\",\"publisher\":{\"@id\":\"https:\\\/\\\/qaze.me\\\/tr\\\/#organization\"},\"potentialAction\":[{\"@type\":\"SearchAction\",\"target\":{\"@type\":\"EntryPoint\",\"urlTemplate\":\"https:\\\/\\\/qaze.me\\\/tr\\\/?s={search_term_string}\"},\"query-input\":{\"@type\":\"PropertyValueSpecification\",\"valueRequired\":true,\"valueName\":\"search_term_string\"}}],\"inLanguage\":\"tr\"},{\"@type\":\"Organization\",\"@id\":\"https:\\\/\\\/qaze.me\\\/tr\\\/#organization\",\"name\":\"Qaze\",\"url\":\"https:\\\/\\\/qaze.me\\\/tr\\\/\",\"logo\":{\"@type\":\"ImageObject\",\"inLanguage\":\"tr\",\"@id\":\"https:\\\/\\\/qaze.me\\\/tr\\\/#\\\/schema\\\/logo\\\/image\\\/\",\"url\":\"https:\\\/\\\/qaze.me\\\/wp-content\\\/uploads\\\/2024\\\/11\\\/Qaze-logo.svg\",\"contentUrl\":\"https:\\\/\\\/qaze.me\\\/wp-content\\\/uploads\\\/2024\\\/11\\\/Qaze-logo.svg\",\"width\":828,\"height\":503,\"caption\":\"Qaze\"},\"image\":{\"@id\":\"https:\\\/\\\/qaze.me\\\/tr\\\/#\\\/schema\\\/logo\\\/image\\\/\"}}]}<\/script>\n<!-- \/ Yoast SEO plugin. -->","yoast_head_json":{"title":"Ana Sayfa - Qaze Alliance Advisors","robots":{"index":"noindex","follow":"follow","max-snippet":"max-snippet:-1","max-image-preview":"max-image-preview:large","max-video-preview":"max-video-preview:-1"},"og_locale":"tr_TR","og_type":"article","og_title":"Ana Sayfa - Qaze Alliance Advisors","og_description":"Dan\u0131\u015fmanl\u0131k ekibimiz, \u015firket kurulu\u015fu, hukuki dan\u0131\u015fmanl\u0131k, i\u015f geli\u015ftirme ve muhasebe gibi \u00e7e\u015fitli alanlarda derinlemesine uzmanl\u0131k sunmaktad\u0131r. M\u00fc\u015fterilerimizin benzersiz ihtiya\u00e7lar\u0131na g\u00f6re \u00f6zelle\u015ftirilmi\u015f \u00e7\u00f6z\u00fcmler sunarak stratejik hedeflerine ula\u015fmalar\u0131na yard\u0131mc\u0131 oluyoruz. M\u00fc\u015fterilerimize, yasal ve ticari s\u00fcre\u00e7lerde g\u00fcvenilir rehberlik hizmeti sunuyoruz. Ekibimiz, sekt\u00f6rde geni\u015f deneyime sahip profesyonellerden olu\u015fmakta olup, hem T\u00fcrk\u00e7e hem de \u0130ngilizce dillerinde etkili ileti\u015fim kurarak y\u00fcksek...","og_url":"https:\/\/qaze.me\/tr\/","og_site_name":"Qaze Alliance Advisors","article_modified_time":"2025-12-09T13:32:55+00:00","og_image":[{"url":"https:\/\/qaze.me\/wp-content\/uploads\/2017\/04\/PeopleImages.com-ID1327409-1.jpg","type":"","width":"","height":""}],"twitter_card":"summary_large_image","twitter_misc":{"Tahmini okuma s\u00fcresi":"4 dakika"},"schema":{"@context":"https:\/\/schema.org","@graph":[{"@type":"WebPage","@id":"https:\/\/qaze.me\/tr\/","url":"https:\/\/qaze.me\/tr\/","name":"Ana Sayfa - Qaze Alliance Advisors","isPartOf":{"@id":"https:\/\/qaze.me\/tr\/#website"},"primaryImageOfPage":{"@id":"https:\/\/qaze.me\/tr\/#primaryimage"},"image":{"@id":"https:\/\/qaze.me\/tr\/#primaryimage"},"thumbnailUrl":"https:\/\/qaze.me\/wp-content\/uploads\/2017\/04\/PeopleImages.com-ID1327409-1.jpg","datePublished":"2024-11-11T08:16:34+00:00","dateModified":"2025-12-09T13:32:55+00:00","breadcrumb":{"@id":"https:\/\/qaze.me\/tr\/#breadcrumb"},"inLanguage":"tr","potentialAction":[{"@type":"ReadAction","target":["https:\/\/qaze.me\/tr\/"]}]},{"@type":"ImageObject","inLanguage":"tr","@id":"https:\/\/qaze.me\/tr\/#primaryimage","url":"https:\/\/qaze.me\/wp-content\/uploads\/2017\/04\/PeopleImages.com-ID1327409-1.jpg","contentUrl":"https:\/\/qaze.me\/wp-content\/uploads\/2017\/04\/PeopleImages.com-ID1327409-1.jpg"},{"@type":"BreadcrumbList","@id":"https:\/\/qaze.me\/tr\/#breadcrumb","itemListElement":[{"@type":"ListItem","position":1,"name":"Home","item":"https:\/\/qaze.me\/tr\/"},{"@type":"ListItem","position":2,"name":"Ana Sayfa"}]},{"@type":"WebSite","@id":"https:\/\/qaze.me\/tr\/#website","url":"https:\/\/qaze.me\/tr\/","name":"Qaze Alliance Advisors","description":"","publisher":{"@id":"https:\/\/qaze.me\/tr\/#organization"},"potentialAction":[{"@type":"SearchAction","target":{"@type":"EntryPoint","urlTemplate":"https:\/\/qaze.me\/tr\/?s={search_term_string}"},"query-input":{"@type":"PropertyValueSpecification","valueRequired":true,"valueName":"search_term_string"}}],"inLanguage":"tr"},{"@type":"Organization","@id":"https:\/\/qaze.me\/tr\/#organization","name":"Qaze","url":"https:\/\/qaze.me\/tr\/","logo":{"@type":"ImageObject","inLanguage":"tr","@id":"https:\/\/qaze.me\/tr\/#\/schema\/logo\/image\/","url":"https:\/\/qaze.me\/wp-content\/uploads\/2024\/11\/Qaze-logo.svg","contentUrl":"https:\/\/qaze.me\/wp-content\/uploads\/2024\/11\/Qaze-logo.svg","width":828,"height":503,"caption":"Qaze"},"image":{"@id":"https:\/\/qaze.me\/tr\/#\/schema\/logo\/image\/"}}]}},"_links":{"self":[{"href":"https:\/\/qaze.me\/tr\/wp-json\/wp\/v2\/pages\/988242","targetHints":{"allow":["GET"]}}],"collection":[{"href":"https:\/\/qaze.me\/tr\/wp-json\/wp\/v2\/pages"}],"about":[{"href":"https:\/\/qaze.me\/tr\/wp-json\/wp\/v2\/types\/page"}],"author":[{"embeddable":true,"href":"https:\/\/qaze.me\/tr\/wp-json\/wp\/v2\/users\/1"}],"replies":[{"embeddable":true,"href":"https:\/\/qaze.me\/tr\/wp-json\/wp\/v2\/comments?post=988242"}],"version-history":[{"count":11,"href":"https:\/\/qaze.me\/tr\/wp-json\/wp\/v2\/pages\/988242\/revisions"}],"predecessor-version":[{"id":988451,"href":"https:\/\/qaze.me\/tr\/wp-json\/wp\/v2\/pages\/988242\/revisions\/988451"}],"wp:attachment":[{"href":"https:\/\/qaze.me\/tr\/wp-json\/wp\/v2\/media?parent=988242"}],"curies":[{"name":"wp","href":"https:\/\/api.w.org\/{rel}","templated":true}]}}