{"id":988255,"date":"2024-11-05T23:47:49","date_gmt":"2024-11-05T23:47:49","guid":{"rendered":"https:\/\/qaze.me\/about-us\/"},"modified":"2025-12-09T13:55:10","modified_gmt":"2025-12-09T13:55:10","slug":"hakkimizda","status":"publish","type":"page","link":"https:\/\/qaze.me\/tr\/hakkimizda\/","title":{"rendered":"Hakk\u0131m\u0131zda"},"content":{"rendered":"<div class=\"vgblk-rw-wrapper limit-wrapper\">\r\n\r\n\t<h4><strong>Qaze Alliance Advisors<\/strong> olarak, Orta Do\u011fu, Asya ve Afrika&#8217;ya a\u00e7\u0131lan kap\u0131 olarak <strong>Dubai&#8217;<\/strong>ye \u00f6zel \u00f6nem veriyor, i\u015fletmelere k\u00fcresel geni\u015flemenin karma\u015f\u0131kl\u0131klar\u0131 konusunda rehberlik etmeyi ama\u00e7l\u0131yoruz. Deneyimli hukuk ve i\u015f uzmanlar\u0131ndan olu\u015fan ekibimiz, d\u00fcnyan\u0131n en dinamik pazarlar\u0131ndan birinde varl\u0131k kurmak isteyen \u015firketlere kapsaml\u0131 \u00e7\u00f6z\u00fcmler sunmaktad\u0131r.<\/h4>\r\n\r\n<p>&nbsp;<\/p>\r\n<h4>Ekip \u00fcyelerimizin <strong>15 y\u0131l\u0131<\/strong> a\u015fk\u0131n uzmanl\u0131\u011f\u0131yla, <strong>\u015firket kurulu\u015fundan stratejik i\u015f geli\u015ftirmeye<\/strong> kadar \u00f6zel hizmetler sunuyoruz. Yakla\u015f\u0131m\u0131m\u0131z verimlilik ve uyumu \u00f6n planda tutarak, i\u015f yolculu\u011funuzun her ad\u0131m\u0131n\u0131n sorunsuz ve yerel kurallara g\u00f6re olmas\u0131n\u0131 sa\u011flar.<\/h4>\r\n\r\n<p>&nbsp;<\/p>\r\n<h4>Her m\u00fc\u015fterinin ihtiya\u00e7lar\u0131n\u0131n birbirinden farkl\u0131 oldu\u011funu \u00e7ok iyi biliyoruz, bu nedenle hizmetlerimizin sadece etkili de\u011fil, ayn\u0131 zamanda eri\u015filebilir olmas\u0131n\u0131 sa\u011flamak i\u00e7in alternatif fiyatland\u0131rma se\u00e7enekleri sunuyoruz. Vergi avantajlar\u0131 sa\u011flamaktan, \u015firketler hukukunun karma\u015f\u0131kl\u0131klar\u0131n\u0131 a\u015fman\u0131za yard\u0131mc\u0131 olmaya kadar, QAZE Dubai&#8217;deki g\u00fcvenilir i\u015f orta\u011f\u0131n\u0131z.<\/h4>\r\n<h2>\r\n\tQaze olarak \u00fc\u00e7 temel de\u011fere ba\u011fl\u0131y\u0131z:\r\n\t<\/h2>\r\n\t\r\n<h5>Qaze, k\u00fcresel sahnede ba\u015far\u0131ya ula\u015fman\u0131zda sizin de i\u015f orta\u011f\u0131n\u0131z olsun. \u0130ster faaliyetlerinizi geni\u015fletiyor, ister yat\u0131r\u0131m f\u0131rsatlar\u0131 ar\u0131yor, ister hukuki \u00e7\u00f6z\u00fcmler ar\u0131yor olun, Dubai ve \u00f6tesinde bu yolculu\u011funuzda sizi desteklemek i\u00e7in yan\u0131n\u0131zday\u0131z.<\/h5>\r\n\t<p><strong>Professionalism:<\/strong> Ekibimiz, en y\u00fcksek kalitede hizmet sunmaya kendini adam\u0131\u015f deneyimli profesyonellerden olu\u015fmaktad\u0131r.<\/p>\r\n<p><strong>G\u00fcvenilirlik:<\/strong> M\u00fc\u015fteri memnuniyetini \u00f6ncelikli de\u011ferlendiriyor ve her ad\u0131mda g\u00fcvenebilece\u011finiz \u00e7\u00f6z\u00fcmler sunmak i\u00e7in \u00e7al\u0131\u015f\u0131yoruz.<\/p>\r\n<p><strong>Bilgi:<\/strong> Dubai&#8217;deki hukuk ve i\u015f d\u00fcnyas\u0131na ili\u015fkin derin tecr\u00fcbemiz, i\u015finizin geli\u015fmesine yard\u0131mc\u0131 olacak pratik ve uygulanabilir tavsiyeler sunmam\u0131z\u0131 sa\u011fl\u0131yor.<\/p>\r\n<h2>\r\n\tQaze&#8217;ye ho\u015f geldiniz!\r\n\t<\/h2>\r\n\t\t\t\t\t\t\t<img width=\"611\" height=\"611\" src=\"https:\/\/qaze.me\/wp-content\/uploads\/2024\/11\/kanat_kutlu.jpeg\" alt=\"\" decoding=\"async\" loading=\"lazy\" srcset=\"https:\/\/qaze.me\/wp-content\/uploads\/2024\/11\/kanat_kutlu.jpeg 611w, https:\/\/qaze.me\/wp-content\/uploads\/2024\/11\/kanat_kutlu-300x300.jpeg 300w, https:\/\/qaze.me\/wp-content\/uploads\/2024\/11\/kanat_kutlu-150x150.jpeg 150w, https:\/\/qaze.me\/wp-content\/uploads\/2024\/11\/kanat_kutlu-420x420.jpeg 420w, https:\/\/qaze.me\/wp-content\/uploads\/2024\/11\/kanat_kutlu-315x315.jpeg 315w, https:\/\/qaze.me\/wp-content\/uploads\/2024\/11\/kanat_kutlu-100x100.jpeg 100w\" sizes=\"auto, (max-width: 611px) 100vw, 611px\" \/>\t\t\t\r\n\t\t\t\t\t\t\t\t\t\t\t<a href=\"https:\/\/www.linkedin.com\/in\/kanatkutluk\/\">&#58904;<\/a>\r\n\t\t\t\t\t<h5>CEO<\/h5>\r\n\t\t<h3>\r\n\t\t\t\t\t\t\tKanat KUTLUK\t\t\t\t\t<\/h3>\r\n\t<p>Burada, i\u015finizi desteklemek ve geli\u015ftirmek i\u00e7in tasarlanm\u0131\u015f uzman hukuk ve dan\u0131\u015fmanl\u0131k hizmetleri sunuyoruz.<\/p>\r\n<p>Son derece deneyimli profesyonellerden olu\u015fan ekibimiz, yat\u0131r\u0131m, i\u015f geli\u015ftirme, \u015firket kurulu\u015fu dahil olmak \u00fczere \u00e7e\u015fitli alanlarda uzmanl\u0131k sunmaktad\u0131r. Bu alanlar aras\u0131nda \u015firketler hukuku, aile hukuku, miras hukuku, vergi dan\u0131\u015fmanl\u0131\u011f\u0131, muhasebe ve uyu\u015fmazl\u0131k \u00e7\u00f6z\u00fcm\u00fc gibi hukuk alanlar\u0131 da bulunmaktad\u0131r.<\/p>\r\n\t<p>Qaze olarak, farkl\u0131 ihtiya\u00e7lar\u0131n\u0131z\u0131 kar\u015f\u0131layan ve stratejik hedeflerinize ula\u015fman\u0131za yard\u0131mc\u0131 olan \u00f6zel \u00e7\u00f6z\u00fcmler sunmay\u0131 taahh\u00fct ediyoruz. M\u00fc\u015fteri odakl\u0131 yakla\u015f\u0131m\u0131m\u0131zla gurur duyuyor ve sundu\u011fumuz her hizmetin hedeflerinizle uyumlu olmas\u0131n\u0131 ve somut sonu\u00e7lar vermesini sa\u011fl\u0131yoruz.<\/p>\r\n<p>Web sitemizi ke\u015ffederek hizmet alanlar\u0131m\u0131z hakk\u0131nda daha fazla bilgi edinin, deneyimli ekibimizle tan\u0131\u015f\u0131n ve hukuki ve ticari zorluklar\u0131n\u0131z\u0131 g\u00fcvenle a\u015fman\u0131za nas\u0131l yard\u0131mc\u0131 olabilece\u011fimizi ke\u015ffedin.<\/p>\r\n\t<a href=\"\/contact\/\" target=\"_self\" role=\"button\">\r\n\t\t\t\t\tSohbete kat\u0131l\u0131n\r\n\t<\/a>\r\n<h2>\r\n\tLet&#8217;s help you!\r\n\t<\/h2>\r\n\tBildirim: Bu i\u00e7erik i\u00e7in bir JavaScript gereklidir.\r\n        <!-- That data is being printed as a workaround to page builders reordering the order of the scripts loaded-->\r\n\t<!--\r\n<h5>Phone: <a href=\"tel:00971564741811\">+971 56 4741811<\/a><\/h5>\r\n-->\r\n<strong>Kartal Consultancy FZCO<br \/>\r\n<\/strong>The Onyx Tower 2 \u2013 11th Floor 1007 The Greens Dubai, UAE\r\n\t<a href=\"https:\/\/www.google.com\/maps\/search\/The+Oynx-+Tower+2-11th+Floor+1007+The+Greens-Dubai\/@25.0970692,55.1663599,17z\/data=!3m1!4b1?entry=ttu&#038;g_ep=EgoyMDI0MTAyOS4wIKXMDSoASAFQAw%3D%3D\" target=\"_blank\" role=\"button\">\r\n\t\t\t\t\tOur Address\r\n\t<\/a>\r\n\r\n<\/div><!-- .vgblk-rw-wrapper -->","protected":false},"excerpt":{"rendered":"<p>Qaze Alliance Advisors olarak, Orta Do\u011fu, Asya ve Afrika&#8217;ya a\u00e7\u0131lan kap\u0131 olarak Dubai&#8217;ye \u00f6zel \u00f6nem veriyor, i\u015fletmelere k\u00fcresel geni\u015flemenin karma\u015f\u0131kl\u0131klar\u0131 konusunda rehberlik etmeyi ama\u00e7l\u0131yoruz. Deneyimli hukuk ve i\u015f uzmanlar\u0131ndan olu\u015fan ekibimiz, d\u00fcnyan\u0131n en dinamik pazarlar\u0131ndan birinde varl\u0131k kurmak isteyen \u015firketlere kapsaml\u0131 \u00e7\u00f6z\u00fcmler sunmaktad\u0131r. &nbsp; Ekip \u00fcyelerimizin 15 y\u0131l\u0131 a\u015fk\u0131n uzmanl\u0131\u011f\u0131yla, \u015firket kurulu\u015fundan stratejik i\u015f geli\u015ftirmeye&#8230;<\/p>\n","protected":false},"author":1,"featured_media":0,"parent":0,"menu_order":0,"comment_status":"closed","ping_status":"closed","template":"","meta":{"footnotes":""},"class_list":["post-988255","page","type-page","status-publish","hentry"],"yoast_head":"<!-- This site is optimized with the Yoast SEO plugin v27.3 - https:\/\/yoast.com\/product\/yoast-seo-wordpress\/ -->\n<title>Hakk\u0131m\u0131zda - Qaze Alliance Advisors<\/title>\n<meta name=\"robots\" content=\"noindex, follow, max-snippet:-1, max-image-preview:large, max-video-preview:-1\" \/>\n<meta property=\"og:locale\" content=\"tr_TR\" \/>\n<meta property=\"og:type\" content=\"article\" \/>\n<meta property=\"og:title\" content=\"Hakk\u0131m\u0131zda - Qaze Alliance Advisors\" \/>\n<meta property=\"og:description\" content=\"Qaze Alliance Advisors olarak, Orta Do\u011fu, Asya ve Afrika&#8217;ya a\u00e7\u0131lan kap\u0131 olarak Dubai&#8217;ye \u00f6zel \u00f6nem veriyor, i\u015fletmelere k\u00fcresel geni\u015flemenin karma\u015f\u0131kl\u0131klar\u0131 konusunda rehberlik etmeyi ama\u00e7l\u0131yoruz. Deneyimli hukuk ve i\u015f uzmanlar\u0131ndan olu\u015fan ekibimiz, d\u00fcnyan\u0131n en dinamik pazarlar\u0131ndan birinde varl\u0131k kurmak isteyen \u015firketlere kapsaml\u0131 \u00e7\u00f6z\u00fcmler sunmaktad\u0131r. &nbsp; Ekip \u00fcyelerimizin 15 y\u0131l\u0131 a\u015fk\u0131n uzmanl\u0131\u011f\u0131yla, \u015firket kurulu\u015fundan stratejik i\u015f geli\u015ftirmeye...\" \/>\n<meta property=\"og:url\" content=\"https:\/\/qaze.me\/tr\/hakkimizda\/\" \/>\n<meta property=\"og:site_name\" content=\"Qaze Alliance Advisors\" \/>\n<meta property=\"article:modified_time\" content=\"2025-12-09T13:55:10+00:00\" \/>\n<meta property=\"og:image\" content=\"https:\/\/qaze.me\/wp-content\/uploads\/2024\/11\/kanat_kutlu.jpeg\" \/>\n<meta name=\"twitter:card\" content=\"summary_large_image\" \/>\n<meta name=\"twitter:label1\" content=\"Tahmini okuma s\u00fcresi\" \/>\n\t<meta name=\"twitter:data1\" content=\"2 dakika\" \/>\n<script type=\"application\/ld+json\" class=\"yoast-schema-graph\">{\"@context\":\"https:\\\/\\\/schema.org\",\"@graph\":[{\"@type\":\"WebPage\",\"@id\":\"https:\\\/\\\/qaze.me\\\/tr\\\/hakkimizda\\\/\",\"url\":\"https:\\\/\\\/qaze.me\\\/tr\\\/hakkimizda\\\/\",\"name\":\"Hakk\u0131m\u0131zda - Qaze Alliance Advisors\",\"isPartOf\":{\"@id\":\"https:\\\/\\\/qaze.me\\\/tr\\\/#website\"},\"primaryImageOfPage\":{\"@id\":\"https:\\\/\\\/qaze.me\\\/tr\\\/hakkimizda\\\/#primaryimage\"},\"image\":{\"@id\":\"https:\\\/\\\/qaze.me\\\/tr\\\/hakkimizda\\\/#primaryimage\"},\"thumbnailUrl\":\"https:\\\/\\\/qaze.me\\\/wp-content\\\/uploads\\\/2024\\\/11\\\/kanat_kutlu.jpeg\",\"datePublished\":\"2024-11-05T23:47:49+00:00\",\"dateModified\":\"2025-12-09T13:55:10+00:00\",\"breadcrumb\":{\"@id\":\"https:\\\/\\\/qaze.me\\\/tr\\\/hakkimizda\\\/#breadcrumb\"},\"inLanguage\":\"tr\",\"potentialAction\":[{\"@type\":\"ReadAction\",\"target\":[\"https:\\\/\\\/qaze.me\\\/tr\\\/hakkimizda\\\/\"]}]},{\"@type\":\"ImageObject\",\"inLanguage\":\"tr\",\"@id\":\"https:\\\/\\\/qaze.me\\\/tr\\\/hakkimizda\\\/#primaryimage\",\"url\":\"https:\\\/\\\/qaze.me\\\/wp-content\\\/uploads\\\/2024\\\/11\\\/kanat_kutlu.jpeg\",\"contentUrl\":\"https:\\\/\\\/qaze.me\\\/wp-content\\\/uploads\\\/2024\\\/11\\\/kanat_kutlu.jpeg\"},{\"@type\":\"BreadcrumbList\",\"@id\":\"https:\\\/\\\/qaze.me\\\/tr\\\/hakkimizda\\\/#breadcrumb\",\"itemListElement\":[{\"@type\":\"ListItem\",\"position\":1,\"name\":\"Home\",\"item\":\"https:\\\/\\\/qaze.me\\\/tr\\\/\"},{\"@type\":\"ListItem\",\"position\":2,\"name\":\"Hakk\u0131m\u0131zda\"}]},{\"@type\":\"WebSite\",\"@id\":\"https:\\\/\\\/qaze.me\\\/tr\\\/#website\",\"url\":\"https:\\\/\\\/qaze.me\\\/tr\\\/\",\"name\":\"Qaze Alliance Advisors\",\"description\":\"\",\"publisher\":{\"@id\":\"https:\\\/\\\/qaze.me\\\/tr\\\/#organization\"},\"potentialAction\":[{\"@type\":\"SearchAction\",\"target\":{\"@type\":\"EntryPoint\",\"urlTemplate\":\"https:\\\/\\\/qaze.me\\\/tr\\\/?s={search_term_string}\"},\"query-input\":{\"@type\":\"PropertyValueSpecification\",\"valueRequired\":true,\"valueName\":\"search_term_string\"}}],\"inLanguage\":\"tr\"},{\"@type\":\"Organization\",\"@id\":\"https:\\\/\\\/qaze.me\\\/tr\\\/#organization\",\"name\":\"Qaze\",\"url\":\"https:\\\/\\\/qaze.me\\\/tr\\\/\",\"logo\":{\"@type\":\"ImageObject\",\"inLanguage\":\"tr\",\"@id\":\"https:\\\/\\\/qaze.me\\\/tr\\\/#\\\/schema\\\/logo\\\/image\\\/\",\"url\":\"https:\\\/\\\/qaze.me\\\/wp-content\\\/uploads\\\/2024\\\/11\\\/Qaze-logo.svg\",\"contentUrl\":\"https:\\\/\\\/qaze.me\\\/wp-content\\\/uploads\\\/2024\\\/11\\\/Qaze-logo.svg\",\"width\":828,\"height\":503,\"caption\":\"Qaze\"},\"image\":{\"@id\":\"https:\\\/\\\/qaze.me\\\/tr\\\/#\\\/schema\\\/logo\\\/image\\\/\"}}]}<\/script>\n<!-- \/ Yoast SEO plugin. -->","yoast_head_json":{"title":"Hakk\u0131m\u0131zda - Qaze Alliance Advisors","robots":{"index":"noindex","follow":"follow","max-snippet":"max-snippet:-1","max-image-preview":"max-image-preview:large","max-video-preview":"max-video-preview:-1"},"og_locale":"tr_TR","og_type":"article","og_title":"Hakk\u0131m\u0131zda - Qaze Alliance Advisors","og_description":"Qaze Alliance Advisors olarak, Orta Do\u011fu, Asya ve Afrika&#8217;ya a\u00e7\u0131lan kap\u0131 olarak Dubai&#8217;ye \u00f6zel \u00f6nem veriyor, i\u015fletmelere k\u00fcresel geni\u015flemenin karma\u015f\u0131kl\u0131klar\u0131 konusunda rehberlik etmeyi ama\u00e7l\u0131yoruz. Deneyimli hukuk ve i\u015f uzmanlar\u0131ndan olu\u015fan ekibimiz, d\u00fcnyan\u0131n en dinamik pazarlar\u0131ndan birinde varl\u0131k kurmak isteyen \u015firketlere kapsaml\u0131 \u00e7\u00f6z\u00fcmler sunmaktad\u0131r. &nbsp; Ekip \u00fcyelerimizin 15 y\u0131l\u0131 a\u015fk\u0131n uzmanl\u0131\u011f\u0131yla, \u015firket kurulu\u015fundan stratejik i\u015f geli\u015ftirmeye...","og_url":"https:\/\/qaze.me\/tr\/hakkimizda\/","og_site_name":"Qaze Alliance Advisors","article_modified_time":"2025-12-09T13:55:10+00:00","og_image":[{"url":"https:\/\/qaze.me\/wp-content\/uploads\/2024\/11\/kanat_kutlu.jpeg","type":"","width":"","height":""}],"twitter_card":"summary_large_image","twitter_misc":{"Tahmini okuma s\u00fcresi":"2 dakika"},"schema":{"@context":"https:\/\/schema.org","@graph":[{"@type":"WebPage","@id":"https:\/\/qaze.me\/tr\/hakkimizda\/","url":"https:\/\/qaze.me\/tr\/hakkimizda\/","name":"Hakk\u0131m\u0131zda - Qaze Alliance Advisors","isPartOf":{"@id":"https:\/\/qaze.me\/tr\/#website"},"primaryImageOfPage":{"@id":"https:\/\/qaze.me\/tr\/hakkimizda\/#primaryimage"},"image":{"@id":"https:\/\/qaze.me\/tr\/hakkimizda\/#primaryimage"},"thumbnailUrl":"https:\/\/qaze.me\/wp-content\/uploads\/2024\/11\/kanat_kutlu.jpeg","datePublished":"2024-11-05T23:47:49+00:00","dateModified":"2025-12-09T13:55:10+00:00","breadcrumb":{"@id":"https:\/\/qaze.me\/tr\/hakkimizda\/#breadcrumb"},"inLanguage":"tr","potentialAction":[{"@type":"ReadAction","target":["https:\/\/qaze.me\/tr\/hakkimizda\/"]}]},{"@type":"ImageObject","inLanguage":"tr","@id":"https:\/\/qaze.me\/tr\/hakkimizda\/#primaryimage","url":"https:\/\/qaze.me\/wp-content\/uploads\/2024\/11\/kanat_kutlu.jpeg","contentUrl":"https:\/\/qaze.me\/wp-content\/uploads\/2024\/11\/kanat_kutlu.jpeg"},{"@type":"BreadcrumbList","@id":"https:\/\/qaze.me\/tr\/hakkimizda\/#breadcrumb","itemListElement":[{"@type":"ListItem","position":1,"name":"Home","item":"https:\/\/qaze.me\/tr\/"},{"@type":"ListItem","position":2,"name":"Hakk\u0131m\u0131zda"}]},{"@type":"WebSite","@id":"https:\/\/qaze.me\/tr\/#website","url":"https:\/\/qaze.me\/tr\/","name":"Qaze Alliance Advisors","description":"","publisher":{"@id":"https:\/\/qaze.me\/tr\/#organization"},"potentialAction":[{"@type":"SearchAction","target":{"@type":"EntryPoint","urlTemplate":"https:\/\/qaze.me\/tr\/?s={search_term_string}"},"query-input":{"@type":"PropertyValueSpecification","valueRequired":true,"valueName":"search_term_string"}}],"inLanguage":"tr"},{"@type":"Organization","@id":"https:\/\/qaze.me\/tr\/#organization","name":"Qaze","url":"https:\/\/qaze.me\/tr\/","logo":{"@type":"ImageObject","inLanguage":"tr","@id":"https:\/\/qaze.me\/tr\/#\/schema\/logo\/image\/","url":"https:\/\/qaze.me\/wp-content\/uploads\/2024\/11\/Qaze-logo.svg","contentUrl":"https:\/\/qaze.me\/wp-content\/uploads\/2024\/11\/Qaze-logo.svg","width":828,"height":503,"caption":"Qaze"},"image":{"@id":"https:\/\/qaze.me\/tr\/#\/schema\/logo\/image\/"}}]}},"_links":{"self":[{"href":"https:\/\/qaze.me\/tr\/wp-json\/wp\/v2\/pages\/988255","targetHints":{"allow":["GET"]}}],"collection":[{"href":"https:\/\/qaze.me\/tr\/wp-json\/wp\/v2\/pages"}],"about":[{"href":"https:\/\/qaze.me\/tr\/wp-json\/wp\/v2\/types\/page"}],"author":[{"embeddable":true,"href":"https:\/\/qaze.me\/tr\/wp-json\/wp\/v2\/users\/1"}],"replies":[{"embeddable":true,"href":"https:\/\/qaze.me\/tr\/wp-json\/wp\/v2\/comments?post=988255"}],"version-history":[{"count":5,"href":"https:\/\/qaze.me\/tr\/wp-json\/wp\/v2\/pages\/988255\/revisions"}],"predecessor-version":[{"id":988375,"href":"https:\/\/qaze.me\/tr\/wp-json\/wp\/v2\/pages\/988255\/revisions\/988375"}],"wp:attachment":[{"href":"https:\/\/qaze.me\/tr\/wp-json\/wp\/v2\/media?parent=988255"}],"curies":[{"name":"wp","href":"https:\/\/api.w.org\/{rel}","templated":true}]}}