{"id":988262,"date":"2017-04-26T15:05:10","date_gmt":"2017-04-26T15:05:10","guid":{"rendered":"https:\/\/qaze.me\/people\/"},"modified":"2025-12-09T13:11:36","modified_gmt":"2025-12-09T13:11:36","slug":"ekibimiz","status":"publish","type":"page","link":"https:\/\/qaze.me\/tr\/ekibimiz\/","title":{"rendered":"Ekibimiz"},"content":{"rendered":"<div class=\"vgblk-rw-wrapper limit-wrapper\">\n<h2>\n\tEkibimiz\n\t<\/h2>\n\t\t\t\t\t\t\t<a href=\"\/tr\/kanat-kutlu\/\" title=\"Kanat Kutluk\">\n\t\t\t\t\t\t\t<img width=\"611\" height=\"611\" src=\"https:\/\/qaze.me\/wp-content\/uploads\/2024\/11\/kanat_kutlu.jpeg\" alt=\"\" decoding=\"async\" loading=\"lazy\" srcset=\"https:\/\/qaze.me\/wp-content\/uploads\/2024\/11\/kanat_kutlu.jpeg 611w, https:\/\/qaze.me\/wp-content\/uploads\/2024\/11\/kanat_kutlu-300x300.jpeg 300w, https:\/\/qaze.me\/wp-content\/uploads\/2024\/11\/kanat_kutlu-150x150.jpeg 150w, https:\/\/qaze.me\/wp-content\/uploads\/2024\/11\/kanat_kutlu-420x420.jpeg 420w, https:\/\/qaze.me\/wp-content\/uploads\/2024\/11\/kanat_kutlu-315x315.jpeg 315w, https:\/\/qaze.me\/wp-content\/uploads\/2024\/11\/kanat_kutlu-100x100.jpeg 100w\" sizes=\"auto, (max-width: 611px) 100vw, 611px\" \/>\t\t\t\t\t\t\t<\/a>\n\t\t\t\t\t<h5>CEO<\/h5>\n\t\t<h3>\n\t\t\t\t\t\t\t<a href=\"\/tr\/kanat-kutlu\/\" title=\"Kanat Kutluk\">\n\t\t\t\t\t\t\tKanat Kutluk\t\t\t\t\t\t\t<\/a>\n\t\t\t\t\t<\/h3>\n\t\t\t\t<p>Kanat Kutluk, kimya ve g\u0131da end\u00fcstrilerinden \u00f6nemli sosyal ve toplumsal programlara kadar bir\u00e7ok alanda faaliyet g\u00f6steren bir kurumsal ve sosyal giri\u015fimcidir.<a href=\"https:\/\/www.instagram.com\/kanatkutluk\" target=\"_blank\" rel=\"noopener\">Instagram<\/a>\u00a0\u00a0 <a href=\"https:\/\/www.linkedin.com\/in\/kanatkutluk\/\" target=\"_blank\" rel=\"noopener\">Linkedin<\/a><\/p>\t\t\t\n\t\t\t\t\t\t\t<a href=\"\/tr\/sezin-aktepe-artik\/\" title=\"Sezin Aktepe Art\u0131k\">\n\t\t\t\t\t\t\t<img width=\"611\" height=\"611\" src=\"https:\/\/qaze.me\/wp-content\/uploads\/2024\/12\/sezin_aktepe_v2.png\" alt=\"\" decoding=\"async\" loading=\"lazy\" srcset=\"https:\/\/qaze.me\/wp-content\/uploads\/2024\/12\/sezin_aktepe_v2.png 611w, https:\/\/qaze.me\/wp-content\/uploads\/2024\/12\/sezin_aktepe_v2-300x300.png 300w, https:\/\/qaze.me\/wp-content\/uploads\/2024\/12\/sezin_aktepe_v2-150x150.png 150w, https:\/\/qaze.me\/wp-content\/uploads\/2024\/12\/sezin_aktepe_v2-420x420.png 420w, https:\/\/qaze.me\/wp-content\/uploads\/2024\/12\/sezin_aktepe_v2-315x315.png 315w, https:\/\/qaze.me\/wp-content\/uploads\/2024\/12\/sezin_aktepe_v2-100x100.png 100w\" sizes=\"auto, (max-width: 611px) 100vw, 611px\" \/>\t\t\t\t\t\t\t<\/a>\n\t\t\t\t\t<h5>COO<\/h5>\n\t\t<h3>\n\t\t\t\t\t\t\t<a href=\"\/tr\/sezin-aktepe-artik\/\" title=\"Sezin Aktepe Art\u0131k\">\n\t\t\t\t\t\t\tSezin Aktepe Art\u0131k\t\t\t\t\t\t\t<\/a>\n\t\t\t\t\t<\/h3>\n\t\t\t\t<p>Do\u00e7. Dr. Sezin Aktepe Art\u0131k, medeni usul hukuku, yeniden yap\u0131land\u0131rma ve iflas hukuku ile tahkim alanlar\u0131nda 20 y\u0131ll\u0131k deneyime sahip olup, QAZE Alliance Advisors&#8217;\u0131n kurucu orta\u011f\u0131d\u0131r.<a href=\"https:\/\/www.linkedin.com\/in\/sezinaktepeartik\" target=\"_blank\" rel=\"noopener\">Linkedin<\/a><\/p>\t\t\t\n\t\t\t\t\t\t\t<a href=\"\/tr\/umut-burcu-acimis-ulusahin\/\" title=\"Umut Burcu Ac\u0131m\u0131\u015f Ulu\u015fahin\">\n\t\t\t\t\t\t\t<img width=\"611\" height=\"611\" src=\"https:\/\/qaze.me\/wp-content\/uploads\/2024\/11\/umut-burcu-acimis-ulusahin.jpg\" alt=\"\" decoding=\"async\" loading=\"lazy\" srcset=\"https:\/\/qaze.me\/wp-content\/uploads\/2024\/11\/umut-burcu-acimis-ulusahin.jpg 611w, https:\/\/qaze.me\/wp-content\/uploads\/2024\/11\/umut-burcu-acimis-ulusahin-300x300.jpg 300w, https:\/\/qaze.me\/wp-content\/uploads\/2024\/11\/umut-burcu-acimis-ulusahin-150x150.jpg 150w, https:\/\/qaze.me\/wp-content\/uploads\/2024\/11\/umut-burcu-acimis-ulusahin-420x420.jpg 420w, https:\/\/qaze.me\/wp-content\/uploads\/2024\/11\/umut-burcu-acimis-ulusahin-315x315.jpg 315w, https:\/\/qaze.me\/wp-content\/uploads\/2024\/11\/umut-burcu-acimis-ulusahin-100x100.jpg 100w\" sizes=\"auto, (max-width: 611px) 100vw, 611px\" \/>\t\t\t\t\t\t\t<\/a>\n\t\t\t\t\t<h5>Legal Partner<\/h5>\n\t\t<h3>\n\t\t\t\t\t\t\t<a href=\"\/tr\/umut-burcu-acimis-ulusahin\/\" title=\"Umut Burcu Ac\u0131m\u0131\u015f Ulu\u015fahin\">\n\t\t\t\t\t\t\tUmut Burcu Ac\u0131m\u0131\u015f Ulu\u015fahin\t\t\t\t\t\t\t<\/a>\n\t\t\t\t\t<\/h3>\n\t\t\t\t<p>Umut Burcu Ac\u0131m\u0131\u015f Ulu\u015fahin, 2004 y\u0131l\u0131nda \u0130stanbul \u00dcniversitesi Hukuk Fak\u00fcltesi&#8217;nden mezun olan ba\u015far\u0131l\u0131 bir hukuk\u00e7udur.<a href=\"https:\/\/www.instagram.com\/umutburcuacimis?igsh=bjNiOTdlamNia2dh\" target=\"_blank\" rel=\"noopener\">Instagram<\/a>\u00a0 \u00a0<a href=\"https:\/\/www.linkedin.com\/in\/umut-burcu-ac%C4%B1m%C4%B1%C5%9F-ulu%C5%9Fahin-7b749542\" target=\"_blank\" rel=\"noopener\">Linkedin<\/a><\/p>\t\t\t\n\t\t\t\t\t\t\t<a href=\"\/tr\/ceyda-vural\/\" title=\"Ceyda Vural\">\n\t\t\t\t\t\t\t<img width=\"611\" height=\"611\" src=\"https:\/\/qaze.me\/wp-content\/uploads\/2024\/12\/ceyda_vural_v2-1.png\" alt=\"\" decoding=\"async\" loading=\"lazy\" srcset=\"https:\/\/qaze.me\/wp-content\/uploads\/2024\/12\/ceyda_vural_v2-1.png 611w, https:\/\/qaze.me\/wp-content\/uploads\/2024\/12\/ceyda_vural_v2-1-300x300.png 300w, https:\/\/qaze.me\/wp-content\/uploads\/2024\/12\/ceyda_vural_v2-1-150x150.png 150w, https:\/\/qaze.me\/wp-content\/uploads\/2024\/12\/ceyda_vural_v2-1-420x420.png 420w, https:\/\/qaze.me\/wp-content\/uploads\/2024\/12\/ceyda_vural_v2-1-315x315.png 315w, https:\/\/qaze.me\/wp-content\/uploads\/2024\/12\/ceyda_vural_v2-1-100x100.png 100w\" sizes=\"auto, (max-width: 611px) 100vw, 611px\" \/>\t\t\t\t\t\t\t<\/a>\n\t\t\t\t\t<h5>Legal Partner<\/h5>\n\t\t<h3>\n\t\t\t\t\t\t\t<a href=\"\/tr\/ceyda-vural\/\" title=\"Ceyda Vural\">\n\t\t\t\t\t\t\tCeyda Vural\t\t\t\t\t\t\t<\/a>\n\t\t\t\t\t<\/h3>\n\t\t\t\t<p>Ceyda Vural, 2024 y\u0131l\u0131nda Qaze Alliance Advisors&#8217;a kat\u0131ld\u0131 ve hem yerel hem de uluslararas\u0131 \u015firketlere kurumsal anla\u015fmalar ve ticari i\u015flemler konusunda hukuki destek sa\u011flad\u0131.<a href=\"https:\/\/www.linkedin.com\/in\/av-ceyda-vural-233149223\/\" target=\"_blank\" rel=\"noopener\">Linkedin<\/a><\/p>\t\t\t\n\t\t\t\t\t\t\t<a href=\"\/tr\/gozen-camkiran-sahin-cansu\/\" title=\"G\u00f6zen \u00c7amk\u0131ran Cansu\">\n\t\t\t\t\t\t\t<img width=\"611\" height=\"611\" src=\"https:\/\/qaze.me\/wp-content\/uploads\/2024\/11\/gozen-camkiran.jpg\" alt=\"\" decoding=\"async\" loading=\"lazy\" srcset=\"https:\/\/qaze.me\/wp-content\/uploads\/2024\/11\/gozen-camkiran.jpg 611w, https:\/\/qaze.me\/wp-content\/uploads\/2024\/11\/gozen-camkiran-300x300.jpg 300w, https:\/\/qaze.me\/wp-content\/uploads\/2024\/11\/gozen-camkiran-150x150.jpg 150w, https:\/\/qaze.me\/wp-content\/uploads\/2024\/11\/gozen-camkiran-420x420.jpg 420w, https:\/\/qaze.me\/wp-content\/uploads\/2024\/11\/gozen-camkiran-315x315.jpg 315w, https:\/\/qaze.me\/wp-content\/uploads\/2024\/11\/gozen-camkiran-100x100.jpg 100w\" sizes=\"auto, (max-width: 611px) 100vw, 611px\" \/>\t\t\t\t\t\t\t<\/a>\n\t\t\t\t\t<h5>Senior Legal Consultant<\/h5>\n\t\t<h3>\n\t\t\t\t\t\t\t<a href=\"\/tr\/gozen-camkiran-sahin-cansu\/\" title=\"G\u00f6zen \u00c7amk\u0131ran Cansu\">\n\t\t\t\t\t\t\tG\u00f6zen \u00c7amk\u0131ran Cansu\t\t\t\t\t\t\t<\/a>\n\t\t\t\t\t<\/h3>\n\t\t\t\t<p>Gozen \u00c7amk\u0131ran Cansu, birle\u015fme ve devralmalar, s\u00f6zle\u015fme hukuku ve rekabet konular\u0131nda geni\u015f uzmanl\u0131\u011fa sahip, y\u00fcksek de\u011ferli s\u0131n\u0131r \u00f6tesi i\u015flemleri y\u00f6netmedeki yetkinli\u011fiyle tan\u0131nan, son derece ba\u015far\u0131l\u0131 bir hukuk profesyonelidir.<a href=\"https:\/\/www.instagram.com\/gozencamkiran\" target=\"_blank\" rel=\"noopener\">Instagram<\/a>\u00a0 \u00a0<a href=\"https:\/\/www.linkedin.com\/in\/g%C3%B6zen-%C3%A7amk%C4%B1ran-cansu-0b68284a\/\" target=\"_blank\" rel=\"noopener\">Linkedin<\/a><\/p>\t\t\t\n\t\t\t\t\t\t\t<a href=\"\/tr\/ozum-melek-dogan\/\" title=\"\u00d6z\u00fcm Melek Do\u011fan\">\n\t\t\t\t\t\t\t<img width=\"611\" height=\"611\" src=\"https:\/\/qaze.me\/wp-content\/uploads\/2024\/11\/Ozum-Melek-Dogan.jpg\" alt=\"\" decoding=\"async\" loading=\"lazy\" srcset=\"https:\/\/qaze.me\/wp-content\/uploads\/2024\/11\/Ozum-Melek-Dogan.jpg 611w, https:\/\/qaze.me\/wp-content\/uploads\/2024\/11\/Ozum-Melek-Dogan-300x300.jpg 300w, https:\/\/qaze.me\/wp-content\/uploads\/2024\/11\/Ozum-Melek-Dogan-150x150.jpg 150w, https:\/\/qaze.me\/wp-content\/uploads\/2024\/11\/Ozum-Melek-Dogan-420x420.jpg 420w, https:\/\/qaze.me\/wp-content\/uploads\/2024\/11\/Ozum-Melek-Dogan-315x315.jpg 315w, https:\/\/qaze.me\/wp-content\/uploads\/2024\/11\/Ozum-Melek-Dogan-100x100.jpg 100w\" sizes=\"auto, (max-width: 611px) 100vw, 611px\" \/>\t\t\t\t\t\t\t<\/a>\n\t\t\t\t\t<h5>Legal Partner<\/h5>\n\t\t<h3>\n\t\t\t\t\t\t\t<a href=\"\/tr\/ozum-melek-dogan\/\" title=\"\u00d6z\u00fcm Melek Do\u011fan\">\n\t\t\t\t\t\t\t\u00d6z\u00fcm Melek Do\u011fan\t\t\t\t\t\t\t<\/a>\n\t\t\t\t\t<\/h3>\n\t\t\t\t<p>\u00d6z\u00fcm Melek DO\u011eAN, \u0130stanbul \u00dcniversitesi Hukuk Fak\u00fcltesi mezunu olup, QAZE Alliance Advisors ekibine hukuk orta\u011f\u0131 olarak kat\u0131lm\u0131\u015ft\u0131r.<a href=\"https:\/\/www.linkedin.com\/in\/ozummelekdogan\" target=\"_blank\" rel=\"noopener\">Linkedin<\/a><\/p>\t\t\t\n\n<\/div><!-- .vgblk-rw-wrapper -->","protected":false},"excerpt":{"rendered":"<p>Ekibimiz CEO Kanat Kutluk Kanat Kutluk, kimya ve g\u0131da end\u00fcstrilerinden \u00f6nemli sosyal ve toplumsal programlara kadar bir\u00e7ok alanda faaliyet g\u00f6steren bir kurumsal ve sosyal giri\u015fimcidir.Instagram\u00a0\u00a0 Linkedin COO Sezin Aktepe Art\u0131k Do\u00e7. Dr. Sezin Aktepe Art\u0131k, medeni usul hukuku, yeniden yap\u0131land\u0131rma ve iflas hukuku ile tahkim alanlar\u0131nda 20 y\u0131ll\u0131k deneyime sahip olup, QAZE Alliance Advisors&#8217;\u0131n kurucu&#8230;<\/p>\n","protected":false},"author":1,"featured_media":0,"parent":0,"menu_order":0,"comment_status":"closed","ping_status":"closed","template":"","meta":{"footnotes":""},"class_list":["post-988262","page","type-page","status-publish","hentry"],"yoast_head":"<!-- This site is optimized with the Yoast SEO plugin v27.3 - https:\/\/yoast.com\/product\/yoast-seo-wordpress\/ -->\n<title>Ekibimiz - Qaze Alliance Advisors<\/title>\n<meta name=\"robots\" content=\"noindex, follow, max-snippet:-1, max-image-preview:large, max-video-preview:-1\" \/>\n<meta property=\"og:locale\" content=\"tr_TR\" \/>\n<meta property=\"og:type\" content=\"article\" \/>\n<meta property=\"og:title\" content=\"Ekibimiz - Qaze Alliance Advisors\" \/>\n<meta property=\"og:description\" content=\"Ekibimiz CEO Kanat Kutluk Kanat Kutluk, kimya ve g\u0131da end\u00fcstrilerinden \u00f6nemli sosyal ve toplumsal programlara kadar bir\u00e7ok alanda faaliyet g\u00f6steren bir kurumsal ve sosyal giri\u015fimcidir.Instagram\u00a0\u00a0 Linkedin COO Sezin Aktepe Art\u0131k Do\u00e7. Dr. Sezin Aktepe Art\u0131k, medeni usul hukuku, yeniden yap\u0131land\u0131rma ve iflas hukuku ile tahkim alanlar\u0131nda 20 y\u0131ll\u0131k deneyime sahip olup, QAZE Alliance Advisors&#8217;\u0131n kurucu...\" \/>\n<meta property=\"og:url\" content=\"https:\/\/qaze.me\/tr\/ekibimiz\/\" \/>\n<meta property=\"og:site_name\" content=\"Qaze Alliance Advisors\" \/>\n<meta property=\"article:modified_time\" content=\"2025-12-09T13:11:36+00:00\" \/>\n<meta property=\"og:image\" content=\"https:\/\/qaze.me\/wp-content\/uploads\/2024\/11\/kanat_kutlu.jpeg\" \/>\n<meta name=\"twitter:card\" content=\"summary_large_image\" \/>\n<meta name=\"twitter:label1\" content=\"Tahmini okuma s\u00fcresi\" \/>\n\t<meta name=\"twitter:data1\" content=\"3 dakika\" \/>\n<script type=\"application\/ld+json\" class=\"yoast-schema-graph\">{\"@context\":\"https:\\\/\\\/schema.org\",\"@graph\":[{\"@type\":\"WebPage\",\"@id\":\"https:\\\/\\\/qaze.me\\\/tr\\\/ekibimiz\\\/\",\"url\":\"https:\\\/\\\/qaze.me\\\/tr\\\/ekibimiz\\\/\",\"name\":\"Ekibimiz - Qaze Alliance Advisors\",\"isPartOf\":{\"@id\":\"https:\\\/\\\/qaze.me\\\/tr\\\/#website\"},\"primaryImageOfPage\":{\"@id\":\"https:\\\/\\\/qaze.me\\\/tr\\\/ekibimiz\\\/#primaryimage\"},\"image\":{\"@id\":\"https:\\\/\\\/qaze.me\\\/tr\\\/ekibimiz\\\/#primaryimage\"},\"thumbnailUrl\":\"https:\\\/\\\/qaze.me\\\/wp-content\\\/uploads\\\/2024\\\/11\\\/kanat_kutlu.jpeg\",\"datePublished\":\"2017-04-26T15:05:10+00:00\",\"dateModified\":\"2025-12-09T13:11:36+00:00\",\"breadcrumb\":{\"@id\":\"https:\\\/\\\/qaze.me\\\/tr\\\/ekibimiz\\\/#breadcrumb\"},\"inLanguage\":\"tr\",\"potentialAction\":[{\"@type\":\"ReadAction\",\"target\":[\"https:\\\/\\\/qaze.me\\\/tr\\\/ekibimiz\\\/\"]}]},{\"@type\":\"ImageObject\",\"inLanguage\":\"tr\",\"@id\":\"https:\\\/\\\/qaze.me\\\/tr\\\/ekibimiz\\\/#primaryimage\",\"url\":\"https:\\\/\\\/qaze.me\\\/wp-content\\\/uploads\\\/2024\\\/11\\\/kanat_kutlu.jpeg\",\"contentUrl\":\"https:\\\/\\\/qaze.me\\\/wp-content\\\/uploads\\\/2024\\\/11\\\/kanat_kutlu.jpeg\"},{\"@type\":\"BreadcrumbList\",\"@id\":\"https:\\\/\\\/qaze.me\\\/tr\\\/ekibimiz\\\/#breadcrumb\",\"itemListElement\":[{\"@type\":\"ListItem\",\"position\":1,\"name\":\"Home\",\"item\":\"https:\\\/\\\/qaze.me\\\/tr\\\/\"},{\"@type\":\"ListItem\",\"position\":2,\"name\":\"Ekibimiz\"}]},{\"@type\":\"WebSite\",\"@id\":\"https:\\\/\\\/qaze.me\\\/tr\\\/#website\",\"url\":\"https:\\\/\\\/qaze.me\\\/tr\\\/\",\"name\":\"Qaze Alliance Advisors\",\"description\":\"\",\"publisher\":{\"@id\":\"https:\\\/\\\/qaze.me\\\/tr\\\/#organization\"},\"potentialAction\":[{\"@type\":\"SearchAction\",\"target\":{\"@type\":\"EntryPoint\",\"urlTemplate\":\"https:\\\/\\\/qaze.me\\\/tr\\\/?s={search_term_string}\"},\"query-input\":{\"@type\":\"PropertyValueSpecification\",\"valueRequired\":true,\"valueName\":\"search_term_string\"}}],\"inLanguage\":\"tr\"},{\"@type\":\"Organization\",\"@id\":\"https:\\\/\\\/qaze.me\\\/tr\\\/#organization\",\"name\":\"Qaze\",\"url\":\"https:\\\/\\\/qaze.me\\\/tr\\\/\",\"logo\":{\"@type\":\"ImageObject\",\"inLanguage\":\"tr\",\"@id\":\"https:\\\/\\\/qaze.me\\\/tr\\\/#\\\/schema\\\/logo\\\/image\\\/\",\"url\":\"https:\\\/\\\/qaze.me\\\/wp-content\\\/uploads\\\/2024\\\/11\\\/Qaze-logo.svg\",\"contentUrl\":\"https:\\\/\\\/qaze.me\\\/wp-content\\\/uploads\\\/2024\\\/11\\\/Qaze-logo.svg\",\"width\":828,\"height\":503,\"caption\":\"Qaze\"},\"image\":{\"@id\":\"https:\\\/\\\/qaze.me\\\/tr\\\/#\\\/schema\\\/logo\\\/image\\\/\"}}]}<\/script>\n<!-- \/ Yoast SEO plugin. -->","yoast_head_json":{"title":"Ekibimiz - Qaze Alliance Advisors","robots":{"index":"noindex","follow":"follow","max-snippet":"max-snippet:-1","max-image-preview":"max-image-preview:large","max-video-preview":"max-video-preview:-1"},"og_locale":"tr_TR","og_type":"article","og_title":"Ekibimiz - Qaze Alliance Advisors","og_description":"Ekibimiz CEO Kanat Kutluk Kanat Kutluk, kimya ve g\u0131da end\u00fcstrilerinden \u00f6nemli sosyal ve toplumsal programlara kadar bir\u00e7ok alanda faaliyet g\u00f6steren bir kurumsal ve sosyal giri\u015fimcidir.Instagram\u00a0\u00a0 Linkedin COO Sezin Aktepe Art\u0131k Do\u00e7. Dr. Sezin Aktepe Art\u0131k, medeni usul hukuku, yeniden yap\u0131land\u0131rma ve iflas hukuku ile tahkim alanlar\u0131nda 20 y\u0131ll\u0131k deneyime sahip olup, QAZE Alliance Advisors&#8217;\u0131n kurucu...","og_url":"https:\/\/qaze.me\/tr\/ekibimiz\/","og_site_name":"Qaze Alliance Advisors","article_modified_time":"2025-12-09T13:11:36+00:00","og_image":[{"url":"https:\/\/qaze.me\/wp-content\/uploads\/2024\/11\/kanat_kutlu.jpeg","type":"","width":"","height":""}],"twitter_card":"summary_large_image","twitter_misc":{"Tahmini okuma s\u00fcresi":"3 dakika"},"schema":{"@context":"https:\/\/schema.org","@graph":[{"@type":"WebPage","@id":"https:\/\/qaze.me\/tr\/ekibimiz\/","url":"https:\/\/qaze.me\/tr\/ekibimiz\/","name":"Ekibimiz - Qaze Alliance Advisors","isPartOf":{"@id":"https:\/\/qaze.me\/tr\/#website"},"primaryImageOfPage":{"@id":"https:\/\/qaze.me\/tr\/ekibimiz\/#primaryimage"},"image":{"@id":"https:\/\/qaze.me\/tr\/ekibimiz\/#primaryimage"},"thumbnailUrl":"https:\/\/qaze.me\/wp-content\/uploads\/2024\/11\/kanat_kutlu.jpeg","datePublished":"2017-04-26T15:05:10+00:00","dateModified":"2025-12-09T13:11:36+00:00","breadcrumb":{"@id":"https:\/\/qaze.me\/tr\/ekibimiz\/#breadcrumb"},"inLanguage":"tr","potentialAction":[{"@type":"ReadAction","target":["https:\/\/qaze.me\/tr\/ekibimiz\/"]}]},{"@type":"ImageObject","inLanguage":"tr","@id":"https:\/\/qaze.me\/tr\/ekibimiz\/#primaryimage","url":"https:\/\/qaze.me\/wp-content\/uploads\/2024\/11\/kanat_kutlu.jpeg","contentUrl":"https:\/\/qaze.me\/wp-content\/uploads\/2024\/11\/kanat_kutlu.jpeg"},{"@type":"BreadcrumbList","@id":"https:\/\/qaze.me\/tr\/ekibimiz\/#breadcrumb","itemListElement":[{"@type":"ListItem","position":1,"name":"Home","item":"https:\/\/qaze.me\/tr\/"},{"@type":"ListItem","position":2,"name":"Ekibimiz"}]},{"@type":"WebSite","@id":"https:\/\/qaze.me\/tr\/#website","url":"https:\/\/qaze.me\/tr\/","name":"Qaze Alliance Advisors","description":"","publisher":{"@id":"https:\/\/qaze.me\/tr\/#organization"},"potentialAction":[{"@type":"SearchAction","target":{"@type":"EntryPoint","urlTemplate":"https:\/\/qaze.me\/tr\/?s={search_term_string}"},"query-input":{"@type":"PropertyValueSpecification","valueRequired":true,"valueName":"search_term_string"}}],"inLanguage":"tr"},{"@type":"Organization","@id":"https:\/\/qaze.me\/tr\/#organization","name":"Qaze","url":"https:\/\/qaze.me\/tr\/","logo":{"@type":"ImageObject","inLanguage":"tr","@id":"https:\/\/qaze.me\/tr\/#\/schema\/logo\/image\/","url":"https:\/\/qaze.me\/wp-content\/uploads\/2024\/11\/Qaze-logo.svg","contentUrl":"https:\/\/qaze.me\/wp-content\/uploads\/2024\/11\/Qaze-logo.svg","width":828,"height":503,"caption":"Qaze"},"image":{"@id":"https:\/\/qaze.me\/tr\/#\/schema\/logo\/image\/"}}]}},"_links":{"self":[{"href":"https:\/\/qaze.me\/tr\/wp-json\/wp\/v2\/pages\/988262","targetHints":{"allow":["GET"]}}],"collection":[{"href":"https:\/\/qaze.me\/tr\/wp-json\/wp\/v2\/pages"}],"about":[{"href":"https:\/\/qaze.me\/tr\/wp-json\/wp\/v2\/types\/page"}],"author":[{"embeddable":true,"href":"https:\/\/qaze.me\/tr\/wp-json\/wp\/v2\/users\/1"}],"replies":[{"embeddable":true,"href":"https:\/\/qaze.me\/tr\/wp-json\/wp\/v2\/comments?post=988262"}],"version-history":[{"count":5,"href":"https:\/\/qaze.me\/tr\/wp-json\/wp\/v2\/pages\/988262\/revisions"}],"predecessor-version":[{"id":988446,"href":"https:\/\/qaze.me\/tr\/wp-json\/wp\/v2\/pages\/988262\/revisions\/988446"}],"wp:attachment":[{"href":"https:\/\/qaze.me\/tr\/wp-json\/wp\/v2\/media?parent=988262"}],"curies":[{"name":"wp","href":"https:\/\/api.w.org\/{rel}","templated":true}]}}