{"id":988278,"date":"2024-11-06T18:05:08","date_gmt":"2024-11-06T18:05:08","guid":{"rendered":"https:\/\/qaze.me\/practice-areas\/"},"modified":"2025-12-09T11:48:59","modified_gmt":"2025-12-09T11:48:59","slug":"hizmetlerimiz","status":"publish","type":"page","link":"https:\/\/qaze.me\/tr\/hizmetlerimiz\/","title":{"rendered":"Hizmetlerimiz"},"content":{"rendered":"<div class=\"vgblk-rw-wrapper limit-wrapper\">\r\n<h2>\r\n\tHizmet Alanlar\u0131\r\n\t<\/h2>\r\n<h2>\r\n\t\u015eirket Kurulu\u015fu\r\n\t<\/h2>\r\n<h2>\r\n\tMuhasebe Hizmetleri\r\n\t<\/h2>\r\n<h2>\r\n\t\t\t<a href=\"https:\/\/qaze.me\/tr\/vergi-danismanligi-ve-stratejik-planlama\/\" title=\"Vergi Dan\u0131\u015fmanl\u0131\u011f\u0131 ve Stratejik Planlama\" target=\"_self\">\r\n\tVergi Dan\u0131\u015fmanl\u0131\u011f\u0131 ve Stratejik Planlama\r\n\t\t\t<\/a>\r\n\t<\/h2>\r\n\t<p>Qaze Alliance Advisors, yeni i\u015fletmelerin Dubai&#8217;de stres, kafa kar\u0131\u015f\u0131kl\u0131\u011f\u0131 veya gecikme ya\u015famadan faaliyete ge\u00e7mesine yard\u0131mc\u0131 olur.<\/p>\r\n<p>\u015eirket kurulumunun her ad\u0131m\u0131nda size rehberlik eder, t\u00fcm resmi i\u015flemleri y\u00fcr\u00fct\u00fcr ve kurulumunuzun h\u0131zl\u0131, mevzuata uygun ve hedeflerinize uygun olmas\u0131n\u0131 sa\u011flar\u0131z.<\/p>\r\n<p>\u0130ster yeni bir giri\u015fimci, ister b\u00fcy\u00fcyen bir KOB\u0130, ister b\u00f6lgeye geni\u015fleyen uluslararas\u0131 bir \u015firket olun, Qaze, BAE&#8217;de ba\u015far\u0131l\u0131 bir i\u015f kurmak i\u00e7in ihtiyac\u0131n\u0131z olan netli\u011fi, deste\u011fi ve pazar bilgisini sa\u011flar.<\/p>\r\n\t<p>Qaze, i\u015fletmenizin finansal sa\u011fl\u0131\u011f\u0131n\u0131 ve mevzuata uygunlu\u011funu desteklemek i\u00e7in kapsaml\u0131 muhasebe hizmetleri sunar. Ekibimiz finansal raporlama, muhasebe, vergi haz\u0131rl\u0131\u011f\u0131 ve finansal analiz konular\u0131nda uzman yard\u0131m\u0131 sunar. Bilin\u00e7li kararlar alman\u0131za ve yasal gerekliliklere uyman\u0131za yard\u0131mc\u0131 olmak i\u00e7in do\u011fru ve zaman\u0131nda finansal bilgiler sa\u011fl\u0131yoruz. Verimlilik ve detaylara odaklanan muhasebe hizmetlerimiz, finansal i\u015flemlerinizi kolayla\u015ft\u0131rmak ve i\u015fletmenizin stratejik hedeflerini desteklemek i\u00e7in tasarlanm\u0131\u015ft\u0131r.<\/p>\r\n\t<p>Qaze, vergi d\u00fczenlemelerinin karma\u015f\u0131kl\u0131\u011f\u0131n\u0131 a\u015fman\u0131za ve finansal stratejinizi optimize etmenize yard\u0131mc\u0131 olmak i\u00e7in stratejik planlama ile birle\u015ftirilmi\u015f uzman vergi dan\u0131\u015fmanl\u0131\u011f\u0131 hizmetleri sunar. Ekibimiz, i\u015fletmenizin t\u00fcm yasal gereklilikleri yerine getirmesini ve vergi y\u00fck\u00fcml\u00fcl\u00fcklerini en aza indirmesini sa\u011flamak i\u00e7in vergi planlamas\u0131, uyum ve risk y\u00f6netimi konusunda kapsaml\u0131 rehberlik sa\u011flar. Vergi beyannameleri, indirimler ve krediler konusunda yard\u0131mc\u0131 olur ve i\u015f hedeflerinize uygun \u00f6zel stratejiler geli\u015ftirir. Stratejik planlamay\u0131 vergi dan\u0131\u015fmanl\u0131\u011f\u0131m\u0131za entegre ederek, finansal verimlili\u011finizi art\u0131rmay\u0131 ve uzun vadeli ba\u015far\u0131n\u0131z\u0131 desteklemeyi ama\u00e7l\u0131yoruz.<\/p>\r\n<h2>\r\n\t\u0130\u015f Geli\u015ftirme\r\n\t<\/h2>\r\n<h2>\r\n\tYat\u0131r\u0131m Dan\u0131\u015fmanl\u0131\u011f\u0131\r\n\t<\/h2>\r\n<h2>\r\n\tS\u00f6zle\u015fme Dan\u0131\u015fmanl\u0131\u011f\u0131\r\n\t<\/h2>\r\n\t<p>Qaze, b\u00fcy\u00fcme ve geni\u015flemeyi te\u015fvik etmek i\u00e7in tasarlanm\u0131\u015f i\u015f geli\u015ftirme hizmetleri sunmaktad\u0131r. \u0130ster yeni pazarlara girme ister mevcut operasyonlar\u0131 geni\u015fletme olsun, ekibimiz b\u00fcy\u00fcme f\u0131rsatlar\u0131n\u0131 belirlemeye ve i\u015f performans\u0131n\u0131 art\u0131rmak i\u00e7in stratejiler olu\u015fturmaya yard\u0131mc\u0131 olur.<\/p>\r\n\t<p>Qaze olarak, m\u00fc\u015fterilerimizin karma\u015f\u0131k piyasalarda yolunu bulmas\u0131na ve f\u0131rsatlar\u0131 de\u011ferlendirmesine yard\u0131mc\u0131 olmak i\u00e7in stratejik yat\u0131r\u0131m dan\u0131\u015fmanl\u0131\u011f\u0131 hizmetleri sunuyoruz. Ekibimiz, yat\u0131r\u0131m portf\u00f6ylerini optimize etmek i\u00e7in \u00f6zel \u00e7\u00f6z\u00fcmler sunarak, \u00e7e\u015fitli sekt\u00f6rlerde riskleri en aza indirirken maksimum getiri elde edilmesini sa\u011flar.<\/p>\r\n\t<p>MENA b\u00f6lgesindeki \u00f6nde gelen yerel firmalarla i\u015fbirli\u011fi i\u00e7inde hukuki dan\u0131\u015fmanl\u0131k hizmeti sunuyoruz. Deneyimli hukuk ekibimiz, \u015firketler hukuku, s\u00f6zle\u015fmeler, aile hukuku, i\u015f hukuku ve miras hukuku dahil olmak \u00fczere \u00e7e\u015fitli alanlarda kapsaml\u0131 hukuki dan\u0131\u015fmanl\u0131k hizmeti sunmaktad\u0131r. M\u00fc\u015fterilerimizin i\u015f ve ki\u015fisel i\u015flerinin her zaman hukuki a\u00e7\u0131dan sa\u011flam olmas\u0131n\u0131 sa\u011flayarak, hukuki zorluklar\u0131 g\u00fcven ve netlikle a\u015fmalar\u0131na yard\u0131mc\u0131 oluyoruz<\/p>\r\n<h2>\r\n\tUyu\u015fmazl\u0131k \u00c7\u00f6z\u00fcm\u00fc ve Tahkim\r\n\t<\/h2>\r\n\t<p>Qaze, uyu\u015fmazl\u0131k \u00e7\u00f6z\u00fcm\u00fc ve tahkim konusunda kapsaml\u0131 bir uzmanl\u0131\u011fa sahiptir. Taraflar aras\u0131ndaki uyu\u015fmazl\u0131klar\u0131 etkili ve h\u0131zl\u0131 bir \u015fekilde \u00e7\u00f6zmek i\u00e7in stratejik yakla\u015f\u0131mlar ve modern teknikler kullan\u0131r\u0131z. Tahkim s\u00fcre\u00e7lerinde, kurucu ortaklar\u0131m\u0131zdan biri olan, Do\u00e7ent ve Chartered Institute of Arbitrators (FCIArb) \u00fcyesi olan se\u00e7kin akademisyen Sezin Aktepe&#8217;nin uzmanl\u0131\u011f\u0131ndan yararlan\u0131yoruz. Deneyimli kay\u0131tl\u0131 hakemlerle birlikte, hem ulusal hem de uluslararas\u0131 d\u00fczeyde tarafs\u0131z ve adil \u00e7\u00f6z\u00fcmler sunuyoruz. S\u00fcrecin her a\u015famas\u0131n\u0131 dikkatle y\u00f6neterek ve hem hukuki hem de ticari hedefleri ele al\u0131yor, m\u00fc\u015fterilerimiz i\u00e7in en iyi sonu\u00e7lar\u0131 elde etmeye gayret ediyoruz.<\/p>\r\n\r\n<\/div><!-- .vgblk-rw-wrapper -->","protected":false},"excerpt":{"rendered":"<p>Hizmet Alanlar\u0131 \u015eirket Kurulu\u015fu Muhasebe Hizmetleri Vergi Dan\u0131\u015fmanl\u0131\u011f\u0131 ve Stratejik Planlama Qaze Alliance Advisors, yeni i\u015fletmelerin Dubai&#8217;de stres, kafa kar\u0131\u015f\u0131kl\u0131\u011f\u0131 veya gecikme ya\u015famadan faaliyete ge\u00e7mesine yard\u0131mc\u0131 olur. \u015eirket kurulumunun her ad\u0131m\u0131nda size rehberlik eder, t\u00fcm resmi i\u015flemleri y\u00fcr\u00fct\u00fcr ve kurulumunuzun h\u0131zl\u0131, mevzuata uygun ve hedeflerinize uygun olmas\u0131n\u0131 sa\u011flar\u0131z. \u0130ster yeni bir giri\u015fimci, ister b\u00fcy\u00fcyen bir&#8230;<\/p>\n","protected":false},"author":1,"featured_media":0,"parent":0,"menu_order":0,"comment_status":"closed","ping_status":"closed","template":"","meta":{"footnotes":""},"class_list":["post-988278","page","type-page","status-publish","hentry"],"yoast_head":"<!-- This site is optimized with the Yoast SEO plugin v27.3 - https:\/\/yoast.com\/product\/yoast-seo-wordpress\/ -->\n<title>Hizmetlerimiz - Qaze Alliance Advisors<\/title>\n<meta name=\"robots\" content=\"noindex, follow, max-snippet:-1, max-image-preview:large, max-video-preview:-1\" \/>\n<meta property=\"og:locale\" content=\"tr_TR\" \/>\n<meta property=\"og:type\" content=\"article\" \/>\n<meta property=\"og:title\" content=\"Hizmetlerimiz - Qaze Alliance Advisors\" \/>\n<meta property=\"og:description\" content=\"Hizmet Alanlar\u0131 \u015eirket Kurulu\u015fu Muhasebe Hizmetleri Vergi Dan\u0131\u015fmanl\u0131\u011f\u0131 ve Stratejik Planlama Qaze Alliance Advisors, yeni i\u015fletmelerin Dubai&#8217;de stres, kafa kar\u0131\u015f\u0131kl\u0131\u011f\u0131 veya gecikme ya\u015famadan faaliyete ge\u00e7mesine yard\u0131mc\u0131 olur. \u015eirket kurulumunun her ad\u0131m\u0131nda size rehberlik eder, t\u00fcm resmi i\u015flemleri y\u00fcr\u00fct\u00fcr ve kurulumunuzun h\u0131zl\u0131, mevzuata uygun ve hedeflerinize uygun olmas\u0131n\u0131 sa\u011flar\u0131z. \u0130ster yeni bir giri\u015fimci, ister b\u00fcy\u00fcyen bir...\" \/>\n<meta property=\"og:url\" content=\"https:\/\/qaze.me\/tr\/hizmetlerimiz\/\" \/>\n<meta property=\"og:site_name\" content=\"Qaze Alliance Advisors\" \/>\n<meta property=\"article:modified_time\" content=\"2025-12-09T11:48:59+00:00\" \/>\n<meta name=\"twitter:card\" content=\"summary_large_image\" \/>\n<meta name=\"twitter:label1\" content=\"Tahmini okuma s\u00fcresi\" \/>\n\t<meta name=\"twitter:data1\" content=\"2 dakika\" \/>\n<script type=\"application\/ld+json\" class=\"yoast-schema-graph\">{\"@context\":\"https:\\\/\\\/schema.org\",\"@graph\":[{\"@type\":\"WebPage\",\"@id\":\"https:\\\/\\\/qaze.me\\\/tr\\\/hizmetlerimiz\\\/\",\"url\":\"https:\\\/\\\/qaze.me\\\/tr\\\/hizmetlerimiz\\\/\",\"name\":\"Hizmetlerimiz - Qaze Alliance Advisors\",\"isPartOf\":{\"@id\":\"https:\\\/\\\/qaze.me\\\/tr\\\/#website\"},\"datePublished\":\"2024-11-06T18:05:08+00:00\",\"dateModified\":\"2025-12-09T11:48:59+00:00\",\"breadcrumb\":{\"@id\":\"https:\\\/\\\/qaze.me\\\/tr\\\/hizmetlerimiz\\\/#breadcrumb\"},\"inLanguage\":\"tr\",\"potentialAction\":[{\"@type\":\"ReadAction\",\"target\":[\"https:\\\/\\\/qaze.me\\\/tr\\\/hizmetlerimiz\\\/\"]}]},{\"@type\":\"BreadcrumbList\",\"@id\":\"https:\\\/\\\/qaze.me\\\/tr\\\/hizmetlerimiz\\\/#breadcrumb\",\"itemListElement\":[{\"@type\":\"ListItem\",\"position\":1,\"name\":\"Home\",\"item\":\"https:\\\/\\\/qaze.me\\\/tr\\\/\"},{\"@type\":\"ListItem\",\"position\":2,\"name\":\"Hizmetlerimiz\"}]},{\"@type\":\"WebSite\",\"@id\":\"https:\\\/\\\/qaze.me\\\/tr\\\/#website\",\"url\":\"https:\\\/\\\/qaze.me\\\/tr\\\/\",\"name\":\"Qaze Alliance Advisors\",\"description\":\"\",\"publisher\":{\"@id\":\"https:\\\/\\\/qaze.me\\\/tr\\\/#organization\"},\"potentialAction\":[{\"@type\":\"SearchAction\",\"target\":{\"@type\":\"EntryPoint\",\"urlTemplate\":\"https:\\\/\\\/qaze.me\\\/tr\\\/?s={search_term_string}\"},\"query-input\":{\"@type\":\"PropertyValueSpecification\",\"valueRequired\":true,\"valueName\":\"search_term_string\"}}],\"inLanguage\":\"tr\"},{\"@type\":\"Organization\",\"@id\":\"https:\\\/\\\/qaze.me\\\/tr\\\/#organization\",\"name\":\"Qaze\",\"url\":\"https:\\\/\\\/qaze.me\\\/tr\\\/\",\"logo\":{\"@type\":\"ImageObject\",\"inLanguage\":\"tr\",\"@id\":\"https:\\\/\\\/qaze.me\\\/tr\\\/#\\\/schema\\\/logo\\\/image\\\/\",\"url\":\"https:\\\/\\\/qaze.me\\\/wp-content\\\/uploads\\\/2024\\\/11\\\/Qaze-logo.svg\",\"contentUrl\":\"https:\\\/\\\/qaze.me\\\/wp-content\\\/uploads\\\/2024\\\/11\\\/Qaze-logo.svg\",\"width\":828,\"height\":503,\"caption\":\"Qaze\"},\"image\":{\"@id\":\"https:\\\/\\\/qaze.me\\\/tr\\\/#\\\/schema\\\/logo\\\/image\\\/\"}}]}<\/script>\n<!-- \/ Yoast SEO plugin. -->","yoast_head_json":{"title":"Hizmetlerimiz - Qaze Alliance Advisors","robots":{"index":"noindex","follow":"follow","max-snippet":"max-snippet:-1","max-image-preview":"max-image-preview:large","max-video-preview":"max-video-preview:-1"},"og_locale":"tr_TR","og_type":"article","og_title":"Hizmetlerimiz - Qaze Alliance Advisors","og_description":"Hizmet Alanlar\u0131 \u015eirket Kurulu\u015fu Muhasebe Hizmetleri Vergi Dan\u0131\u015fmanl\u0131\u011f\u0131 ve Stratejik Planlama Qaze Alliance Advisors, yeni i\u015fletmelerin Dubai&#8217;de stres, kafa kar\u0131\u015f\u0131kl\u0131\u011f\u0131 veya gecikme ya\u015famadan faaliyete ge\u00e7mesine yard\u0131mc\u0131 olur. \u015eirket kurulumunun her ad\u0131m\u0131nda size rehberlik eder, t\u00fcm resmi i\u015flemleri y\u00fcr\u00fct\u00fcr ve kurulumunuzun h\u0131zl\u0131, mevzuata uygun ve hedeflerinize uygun olmas\u0131n\u0131 sa\u011flar\u0131z. \u0130ster yeni bir giri\u015fimci, ister b\u00fcy\u00fcyen bir...","og_url":"https:\/\/qaze.me\/tr\/hizmetlerimiz\/","og_site_name":"Qaze Alliance Advisors","article_modified_time":"2025-12-09T11:48:59+00:00","twitter_card":"summary_large_image","twitter_misc":{"Tahmini okuma s\u00fcresi":"2 dakika"},"schema":{"@context":"https:\/\/schema.org","@graph":[{"@type":"WebPage","@id":"https:\/\/qaze.me\/tr\/hizmetlerimiz\/","url":"https:\/\/qaze.me\/tr\/hizmetlerimiz\/","name":"Hizmetlerimiz - Qaze Alliance Advisors","isPartOf":{"@id":"https:\/\/qaze.me\/tr\/#website"},"datePublished":"2024-11-06T18:05:08+00:00","dateModified":"2025-12-09T11:48:59+00:00","breadcrumb":{"@id":"https:\/\/qaze.me\/tr\/hizmetlerimiz\/#breadcrumb"},"inLanguage":"tr","potentialAction":[{"@type":"ReadAction","target":["https:\/\/qaze.me\/tr\/hizmetlerimiz\/"]}]},{"@type":"BreadcrumbList","@id":"https:\/\/qaze.me\/tr\/hizmetlerimiz\/#breadcrumb","itemListElement":[{"@type":"ListItem","position":1,"name":"Home","item":"https:\/\/qaze.me\/tr\/"},{"@type":"ListItem","position":2,"name":"Hizmetlerimiz"}]},{"@type":"WebSite","@id":"https:\/\/qaze.me\/tr\/#website","url":"https:\/\/qaze.me\/tr\/","name":"Qaze Alliance Advisors","description":"","publisher":{"@id":"https:\/\/qaze.me\/tr\/#organization"},"potentialAction":[{"@type":"SearchAction","target":{"@type":"EntryPoint","urlTemplate":"https:\/\/qaze.me\/tr\/?s={search_term_string}"},"query-input":{"@type":"PropertyValueSpecification","valueRequired":true,"valueName":"search_term_string"}}],"inLanguage":"tr"},{"@type":"Organization","@id":"https:\/\/qaze.me\/tr\/#organization","name":"Qaze","url":"https:\/\/qaze.me\/tr\/","logo":{"@type":"ImageObject","inLanguage":"tr","@id":"https:\/\/qaze.me\/tr\/#\/schema\/logo\/image\/","url":"https:\/\/qaze.me\/wp-content\/uploads\/2024\/11\/Qaze-logo.svg","contentUrl":"https:\/\/qaze.me\/wp-content\/uploads\/2024\/11\/Qaze-logo.svg","width":828,"height":503,"caption":"Qaze"},"image":{"@id":"https:\/\/qaze.me\/tr\/#\/schema\/logo\/image\/"}}]}},"_links":{"self":[{"href":"https:\/\/qaze.me\/tr\/wp-json\/wp\/v2\/pages\/988278","targetHints":{"allow":["GET"]}}],"collection":[{"href":"https:\/\/qaze.me\/tr\/wp-json\/wp\/v2\/pages"}],"about":[{"href":"https:\/\/qaze.me\/tr\/wp-json\/wp\/v2\/types\/page"}],"author":[{"embeddable":true,"href":"https:\/\/qaze.me\/tr\/wp-json\/wp\/v2\/users\/1"}],"replies":[{"embeddable":true,"href":"https:\/\/qaze.me\/tr\/wp-json\/wp\/v2\/comments?post=988278"}],"version-history":[{"count":9,"href":"https:\/\/qaze.me\/tr\/wp-json\/wp\/v2\/pages\/988278\/revisions"}],"predecessor-version":[{"id":988425,"href":"https:\/\/qaze.me\/tr\/wp-json\/wp\/v2\/pages\/988278\/revisions\/988425"}],"wp:attachment":[{"href":"https:\/\/qaze.me\/tr\/wp-json\/wp\/v2\/media?parent=988278"}],"curies":[{"name":"wp","href":"https:\/\/api.w.org\/{rel}","templated":true}]}}