{"id":988298,"date":"2013-06-02T12:52:33","date_gmt":"2013-06-02T12:52:33","guid":{"rendered":"https:\/\/qaze.me\/case-studies\/"},"modified":"2025-12-09T12:48:32","modified_gmt":"2025-12-09T12:48:32","slug":"vaka-calismalari","status":"publish","type":"page","link":"https:\/\/qaze.me\/tr\/vaka-calismalari\/","title":{"rendered":"Vaka \u00c7al\u0131\u015fmalar\u0131"},"content":{"rendered":"<div class=\"vgblk-rw-wrapper limit-wrapper\">\r\n\r\n\t\t\t\t\t\t\t<img loading=\"lazy\" decoding=\"async\" src=\"https:\/\/qaze.me\/wp-content\/uploads\/2017\/08\/pic2.jpg\" alt=\"pic2\" itemprop=\"image\" height=\"597\" width=\"952\" title=\"pic2\" onerror=\"this.style.display='none'\"  sizes=\"auto, (max-width: 768px) 100vw, 100vw\" srcset=\"https:\/\/qaze.me\/wp-content\/uploads\/2017\/08\/pic2.jpg 952w, https:\/\/qaze.me\/wp-content\/uploads\/2017\/08\/pic2-300x188.jpg 300w, https:\/\/qaze.me\/wp-content\/uploads\/2017\/08\/pic2-768x482.jpg 768w, https:\/\/qaze.me\/wp-content\/uploads\/2017\/08\/pic2-630x395.jpg 630w, https:\/\/qaze.me\/wp-content\/uploads\/2017\/08\/pic2-420x263.jpg 420w, https:\/\/qaze.me\/wp-content\/uploads\/2017\/08\/pic2-840x527.jpg 840w, https:\/\/qaze.me\/wp-content\/uploads\/2017\/08\/pic2-315x198.jpg 315w\" \/>\t\t\t\t\t\t\t\r\n\t<p>Qaze, Hisse Devri, Yat\u0131r\u0131m Anla\u015fmalar\u0131 ve \u015eirket Kurulu\u015fu alanlar\u0131nda uzmanl\u0131\u011f\u0131n\u0131 sunarak, \u00e7e\u015fitli uluslararas\u0131 i\u015flemlerde m\u00fc\u015fterilerini aktif olarak desteklemi\u015ftir. Dubai merkezli kurulu\u015flara hisse devri konusunda yard\u0131mc\u0131 olmu\u015f ve Dubai&#8217;de yeni \u015firket kurulu\u015flar\u0131n\u0131 desteklemi\u015f, y\u00f6netim kurulu kararlar\u0131, yetkili imza sahiplerinin atanmas\u0131 ve Dubai mahkemelerinin yarg\u0131 yetkisi kurulmas\u0131 gibi \u00f6nemli ad\u0131mlar\u0131 y\u00f6netmi\u015ftir.<\/p>\r\n<p>Qaze ayr\u0131ca \u0130\u015f Geli\u015ftirme ve Yat\u0131r\u0131m Dan\u0131\u015fmanl\u0131\u011f\u0131 hizmetleri sunarak, m\u00fc\u015fterilerin ihtiya\u00e7 duyduklar\u0131nda hukuki hizmetler i\u00e7in \u00f6zel destek sa\u011flayan \u00f6zenle yap\u0131land\u0131r\u0131lm\u0131\u015f anla\u015fmalar yoluyla Dubai&#8217;deki varl\u0131klar\u0131n\u0131 geni\u015fletmelerine yard\u0131mc\u0131 olmaktad\u0131r.<\/p>\r\n<p>Ayr\u0131ca Qaze, yerel i\u015f hukuku konular\u0131nda dan\u0131\u015fmanl\u0131k hizmeti sunmakta ve \u00f6ncelikle yerel d\u00fczenlemelere uygunlu\u011fu sa\u011flamak i\u00e7in i\u015f s\u00f6zle\u015fmelerinin incelenmesi ve revizyonuna odaklanarak, i\u015fveren-\u00e7al\u0131\u015fan ili\u015fkilerinde m\u00fc\u015fterilerin haklar\u0131n\u0131 korumaktad\u0131r. Ayr\u0131ca Dubai yasalar\u0131na g\u00f6re Gizlilik Anla\u015fmalar\u0131 sunarak, hassas i\u015fveren-\u00e7al\u0131\u015fan ili\u015fkilerini korumakta ve kapsaml\u0131 yasal korumalarla m\u00fc\u015fterilerin haklar\u0131n\u0131 g\u00fcvence alt\u0131na almaktad\u0131r.<\/p>\r\n\r\n<\/div><!-- .vgblk-rw-wrapper -->","protected":false},"excerpt":{"rendered":"<p>Qaze, Hisse Devri, Yat\u0131r\u0131m Anla\u015fmalar\u0131 ve \u015eirket Kurulu\u015fu alanlar\u0131nda uzmanl\u0131\u011f\u0131n\u0131 sunarak, \u00e7e\u015fitli uluslararas\u0131 i\u015flemlerde m\u00fc\u015fterilerini aktif olarak desteklemi\u015ftir. Dubai merkezli kurulu\u015flara hisse devri konusunda yard\u0131mc\u0131 olmu\u015f ve Dubai&#8217;de yeni \u015firket kurulu\u015flar\u0131n\u0131 desteklemi\u015f, y\u00f6netim kurulu kararlar\u0131, yetkili imza sahiplerinin atanmas\u0131 ve Dubai mahkemelerinin yarg\u0131 yetkisi kurulmas\u0131 gibi \u00f6nemli ad\u0131mlar\u0131 y\u00f6netmi\u015ftir. Qaze ayr\u0131ca \u0130\u015f Geli\u015ftirme ve Yat\u0131r\u0131m&#8230;<\/p>\n","protected":false},"author":1,"featured_media":0,"parent":0,"menu_order":0,"comment_status":"closed","ping_status":"closed","template":"","meta":{"footnotes":""},"class_list":["post-988298","page","type-page","status-publish","hentry"],"yoast_head":"<!-- This site is optimized with the Yoast SEO plugin v27.3 - https:\/\/yoast.com\/product\/yoast-seo-wordpress\/ -->\n<title>Vaka \u00c7al\u0131\u015fmalar\u0131 - Qaze Alliance Advisors<\/title>\n<meta name=\"robots\" content=\"noindex, follow, max-snippet:-1, max-image-preview:large, max-video-preview:-1\" \/>\n<meta property=\"og:locale\" content=\"tr_TR\" \/>\n<meta property=\"og:type\" content=\"article\" \/>\n<meta property=\"og:title\" content=\"Vaka \u00c7al\u0131\u015fmalar\u0131 - Qaze Alliance Advisors\" \/>\n<meta property=\"og:description\" content=\"Qaze, Hisse Devri, Yat\u0131r\u0131m Anla\u015fmalar\u0131 ve \u015eirket Kurulu\u015fu alanlar\u0131nda uzmanl\u0131\u011f\u0131n\u0131 sunarak, \u00e7e\u015fitli uluslararas\u0131 i\u015flemlerde m\u00fc\u015fterilerini aktif olarak desteklemi\u015ftir. Dubai merkezli kurulu\u015flara hisse devri konusunda yard\u0131mc\u0131 olmu\u015f ve Dubai&#8217;de yeni \u015firket kurulu\u015flar\u0131n\u0131 desteklemi\u015f, y\u00f6netim kurulu kararlar\u0131, yetkili imza sahiplerinin atanmas\u0131 ve Dubai mahkemelerinin yarg\u0131 yetkisi kurulmas\u0131 gibi \u00f6nemli ad\u0131mlar\u0131 y\u00f6netmi\u015ftir. Qaze ayr\u0131ca \u0130\u015f Geli\u015ftirme ve Yat\u0131r\u0131m...\" \/>\n<meta property=\"og:url\" content=\"https:\/\/qaze.me\/tr\/vaka-calismalari\/\" \/>\n<meta property=\"og:site_name\" content=\"Qaze Alliance Advisors\" \/>\n<meta property=\"article:modified_time\" content=\"2025-12-09T12:48:32+00:00\" \/>\n<meta property=\"og:image\" content=\"https:\/\/qaze.me\/wp-content\/uploads\/2017\/08\/pic2.jpg\" \/>\n<meta name=\"twitter:card\" content=\"summary_large_image\" \/>\n<meta name=\"twitter:label1\" content=\"Tahmini okuma s\u00fcresi\" \/>\n\t<meta name=\"twitter:data1\" content=\"1 dakika\" \/>\n<script type=\"application\/ld+json\" class=\"yoast-schema-graph\">{\"@context\":\"https:\\\/\\\/schema.org\",\"@graph\":[{\"@type\":\"WebPage\",\"@id\":\"https:\\\/\\\/qaze.me\\\/tr\\\/vaka-calismalari\\\/\",\"url\":\"https:\\\/\\\/qaze.me\\\/tr\\\/vaka-calismalari\\\/\",\"name\":\"Vaka \u00c7al\u0131\u015fmalar\u0131 - Qaze Alliance Advisors\",\"isPartOf\":{\"@id\":\"https:\\\/\\\/qaze.me\\\/tr\\\/#website\"},\"primaryImageOfPage\":{\"@id\":\"https:\\\/\\\/qaze.me\\\/tr\\\/vaka-calismalari\\\/#primaryimage\"},\"image\":{\"@id\":\"https:\\\/\\\/qaze.me\\\/tr\\\/vaka-calismalari\\\/#primaryimage\"},\"thumbnailUrl\":\"https:\\\/\\\/qaze.me\\\/wp-content\\\/uploads\\\/2017\\\/08\\\/pic2.jpg\",\"datePublished\":\"2013-06-02T12:52:33+00:00\",\"dateModified\":\"2025-12-09T12:48:32+00:00\",\"breadcrumb\":{\"@id\":\"https:\\\/\\\/qaze.me\\\/tr\\\/vaka-calismalari\\\/#breadcrumb\"},\"inLanguage\":\"tr\",\"potentialAction\":[{\"@type\":\"ReadAction\",\"target\":[\"https:\\\/\\\/qaze.me\\\/tr\\\/vaka-calismalari\\\/\"]}]},{\"@type\":\"ImageObject\",\"inLanguage\":\"tr\",\"@id\":\"https:\\\/\\\/qaze.me\\\/tr\\\/vaka-calismalari\\\/#primaryimage\",\"url\":\"https:\\\/\\\/qaze.me\\\/wp-content\\\/uploads\\\/2017\\\/08\\\/pic2.jpg\",\"contentUrl\":\"https:\\\/\\\/qaze.me\\\/wp-content\\\/uploads\\\/2017\\\/08\\\/pic2.jpg\"},{\"@type\":\"BreadcrumbList\",\"@id\":\"https:\\\/\\\/qaze.me\\\/tr\\\/vaka-calismalari\\\/#breadcrumb\",\"itemListElement\":[{\"@type\":\"ListItem\",\"position\":1,\"name\":\"Home\",\"item\":\"https:\\\/\\\/qaze.me\\\/tr\\\/\"},{\"@type\":\"ListItem\",\"position\":2,\"name\":\"Vaka \u00c7al\u0131\u015fmalar\u0131\"}]},{\"@type\":\"WebSite\",\"@id\":\"https:\\\/\\\/qaze.me\\\/tr\\\/#website\",\"url\":\"https:\\\/\\\/qaze.me\\\/tr\\\/\",\"name\":\"Qaze Alliance Advisors\",\"description\":\"\",\"publisher\":{\"@id\":\"https:\\\/\\\/qaze.me\\\/tr\\\/#organization\"},\"potentialAction\":[{\"@type\":\"SearchAction\",\"target\":{\"@type\":\"EntryPoint\",\"urlTemplate\":\"https:\\\/\\\/qaze.me\\\/tr\\\/?s={search_term_string}\"},\"query-input\":{\"@type\":\"PropertyValueSpecification\",\"valueRequired\":true,\"valueName\":\"search_term_string\"}}],\"inLanguage\":\"tr\"},{\"@type\":\"Organization\",\"@id\":\"https:\\\/\\\/qaze.me\\\/tr\\\/#organization\",\"name\":\"Qaze\",\"url\":\"https:\\\/\\\/qaze.me\\\/tr\\\/\",\"logo\":{\"@type\":\"ImageObject\",\"inLanguage\":\"tr\",\"@id\":\"https:\\\/\\\/qaze.me\\\/tr\\\/#\\\/schema\\\/logo\\\/image\\\/\",\"url\":\"https:\\\/\\\/qaze.me\\\/wp-content\\\/uploads\\\/2024\\\/11\\\/Qaze-logo.svg\",\"contentUrl\":\"https:\\\/\\\/qaze.me\\\/wp-content\\\/uploads\\\/2024\\\/11\\\/Qaze-logo.svg\",\"width\":828,\"height\":503,\"caption\":\"Qaze\"},\"image\":{\"@id\":\"https:\\\/\\\/qaze.me\\\/tr\\\/#\\\/schema\\\/logo\\\/image\\\/\"}}]}<\/script>\n<!-- \/ Yoast SEO plugin. -->","yoast_head_json":{"title":"Vaka \u00c7al\u0131\u015fmalar\u0131 - Qaze Alliance Advisors","robots":{"index":"noindex","follow":"follow","max-snippet":"max-snippet:-1","max-image-preview":"max-image-preview:large","max-video-preview":"max-video-preview:-1"},"og_locale":"tr_TR","og_type":"article","og_title":"Vaka \u00c7al\u0131\u015fmalar\u0131 - Qaze Alliance Advisors","og_description":"Qaze, Hisse Devri, Yat\u0131r\u0131m Anla\u015fmalar\u0131 ve \u015eirket Kurulu\u015fu alanlar\u0131nda uzmanl\u0131\u011f\u0131n\u0131 sunarak, \u00e7e\u015fitli uluslararas\u0131 i\u015flemlerde m\u00fc\u015fterilerini aktif olarak desteklemi\u015ftir. Dubai merkezli kurulu\u015flara hisse devri konusunda yard\u0131mc\u0131 olmu\u015f ve Dubai&#8217;de yeni \u015firket kurulu\u015flar\u0131n\u0131 desteklemi\u015f, y\u00f6netim kurulu kararlar\u0131, yetkili imza sahiplerinin atanmas\u0131 ve Dubai mahkemelerinin yarg\u0131 yetkisi kurulmas\u0131 gibi \u00f6nemli ad\u0131mlar\u0131 y\u00f6netmi\u015ftir. Qaze ayr\u0131ca \u0130\u015f Geli\u015ftirme ve Yat\u0131r\u0131m...","og_url":"https:\/\/qaze.me\/tr\/vaka-calismalari\/","og_site_name":"Qaze Alliance Advisors","article_modified_time":"2025-12-09T12:48:32+00:00","og_image":[{"url":"https:\/\/qaze.me\/wp-content\/uploads\/2017\/08\/pic2.jpg","type":"","width":"","height":""}],"twitter_card":"summary_large_image","twitter_misc":{"Tahmini okuma s\u00fcresi":"1 dakika"},"schema":{"@context":"https:\/\/schema.org","@graph":[{"@type":"WebPage","@id":"https:\/\/qaze.me\/tr\/vaka-calismalari\/","url":"https:\/\/qaze.me\/tr\/vaka-calismalari\/","name":"Vaka \u00c7al\u0131\u015fmalar\u0131 - Qaze Alliance Advisors","isPartOf":{"@id":"https:\/\/qaze.me\/tr\/#website"},"primaryImageOfPage":{"@id":"https:\/\/qaze.me\/tr\/vaka-calismalari\/#primaryimage"},"image":{"@id":"https:\/\/qaze.me\/tr\/vaka-calismalari\/#primaryimage"},"thumbnailUrl":"https:\/\/qaze.me\/wp-content\/uploads\/2017\/08\/pic2.jpg","datePublished":"2013-06-02T12:52:33+00:00","dateModified":"2025-12-09T12:48:32+00:00","breadcrumb":{"@id":"https:\/\/qaze.me\/tr\/vaka-calismalari\/#breadcrumb"},"inLanguage":"tr","potentialAction":[{"@type":"ReadAction","target":["https:\/\/qaze.me\/tr\/vaka-calismalari\/"]}]},{"@type":"ImageObject","inLanguage":"tr","@id":"https:\/\/qaze.me\/tr\/vaka-calismalari\/#primaryimage","url":"https:\/\/qaze.me\/wp-content\/uploads\/2017\/08\/pic2.jpg","contentUrl":"https:\/\/qaze.me\/wp-content\/uploads\/2017\/08\/pic2.jpg"},{"@type":"BreadcrumbList","@id":"https:\/\/qaze.me\/tr\/vaka-calismalari\/#breadcrumb","itemListElement":[{"@type":"ListItem","position":1,"name":"Home","item":"https:\/\/qaze.me\/tr\/"},{"@type":"ListItem","position":2,"name":"Vaka \u00c7al\u0131\u015fmalar\u0131"}]},{"@type":"WebSite","@id":"https:\/\/qaze.me\/tr\/#website","url":"https:\/\/qaze.me\/tr\/","name":"Qaze Alliance Advisors","description":"","publisher":{"@id":"https:\/\/qaze.me\/tr\/#organization"},"potentialAction":[{"@type":"SearchAction","target":{"@type":"EntryPoint","urlTemplate":"https:\/\/qaze.me\/tr\/?s={search_term_string}"},"query-input":{"@type":"PropertyValueSpecification","valueRequired":true,"valueName":"search_term_string"}}],"inLanguage":"tr"},{"@type":"Organization","@id":"https:\/\/qaze.me\/tr\/#organization","name":"Qaze","url":"https:\/\/qaze.me\/tr\/","logo":{"@type":"ImageObject","inLanguage":"tr","@id":"https:\/\/qaze.me\/tr\/#\/schema\/logo\/image\/","url":"https:\/\/qaze.me\/wp-content\/uploads\/2024\/11\/Qaze-logo.svg","contentUrl":"https:\/\/qaze.me\/wp-content\/uploads\/2024\/11\/Qaze-logo.svg","width":828,"height":503,"caption":"Qaze"},"image":{"@id":"https:\/\/qaze.me\/tr\/#\/schema\/logo\/image\/"}}]}},"_links":{"self":[{"href":"https:\/\/qaze.me\/tr\/wp-json\/wp\/v2\/pages\/988298","targetHints":{"allow":["GET"]}}],"collection":[{"href":"https:\/\/qaze.me\/tr\/wp-json\/wp\/v2\/pages"}],"about":[{"href":"https:\/\/qaze.me\/tr\/wp-json\/wp\/v2\/types\/page"}],"author":[{"embeddable":true,"href":"https:\/\/qaze.me\/tr\/wp-json\/wp\/v2\/users\/1"}],"replies":[{"embeddable":true,"href":"https:\/\/qaze.me\/tr\/wp-json\/wp\/v2\/comments?post=988298"}],"version-history":[{"count":3,"href":"https:\/\/qaze.me\/tr\/wp-json\/wp\/v2\/pages\/988298\/revisions"}],"predecessor-version":[{"id":988368,"href":"https:\/\/qaze.me\/tr\/wp-json\/wp\/v2\/pages\/988298\/revisions\/988368"}],"wp:attachment":[{"href":"https:\/\/qaze.me\/tr\/wp-json\/wp\/v2\/media?parent=988298"}],"curies":[{"name":"wp","href":"https:\/\/api.w.org\/{rel}","templated":true}]}}