{"id":988302,"date":"2016-12-05T16:27:47","date_gmt":"2016-12-05T16:27:47","guid":{"rendered":"https:\/\/qaze.me\/contact-us\/"},"modified":"2025-12-09T13:38:20","modified_gmt":"2025-12-09T13:38:20","slug":"bize-ulasin","status":"publish","type":"page","link":"https:\/\/qaze.me\/tr\/bize-ulasin\/","title":{"rendered":"Bize Ula\u015f\u0131n"},"content":{"rendered":"<div class=\"vgblk-rw-wrapper limit-wrapper\">\r\n<h4>\r\n\t\u0130lginiz i\u00e7in te\u015fekk\u00fcr ederiz. L\u00fctfen a\u015fa\u011f\u0131daki formu doldurarak bize ula\u015fabilirsiniz. \r\n\t<\/h4>\r\n\tBildirim: Bu i\u00e7erik i\u00e7in bir JavaScript gereklidir.\r\n        <!-- That data is being printed as a workaround to page builders reordering the order of the scripts loaded-->\r\n        \r\n<h4>\r\n\t\t\t<a href=\"mailto:info@qaze.me\" title=\"info@qaze.me\" target=\"_blank\">\r\n\tinfo@qaze.me\r\n\t\t\t<\/a>\r\n\t<\/h4>\r\n<h4>\r\n\tDubai\r\n\t<\/h4>\r\n\t<strong>Kartal Consultancy FZCO<br \/>\r\n<\/strong>The Onyx Tower 2 \u2013 11th Floor 1107 The Greens Dubai, UAE\r\n\t<a href=\"https:\/\/www.google.com\/maps\/place\/The+Onyx+Tower+1\/@25.0973639,55.1661773,17z\/data=!3m1!4b1!4m6!3m5!1s0x3e5f6b6fa1e692b7:0xd36d15785b1bd3df!8m2!3d25.0973639!4d55.1687522!16s%2Fg%2F11bttfnp7w?entry=ttu&#038;g_ep=EgoyMDI0MTAyOS4wIKXMDSoASAFQAw%3D%3D\" target=\"_blank\" role=\"button\">\r\n\t\t\t\t\tYol tarifi al\r\n\t<\/a>\r\n\r\n\t<a href=\"#\" target=\"_self\" role=\"button\">\r\n\t<\/a>\r\n\t\t<iframe src=\"https:\/\/maps.google.com\/maps?q=The+Oynx-+Tower+2-11+th+Floor+1007+The+Greens%2C+Dubai&#038;iwloc=near&#038;output=embed\" height=\"430\" frameborder=\"0\" loading=\"lazy\"><\/iframe>\r\n\r\n<\/div><!-- .vgblk-rw-wrapper -->","protected":false},"excerpt":{"rendered":"<p>\u0130lginiz i\u00e7in te\u015fekk\u00fcr ederiz. L\u00fctfen a\u015fa\u011f\u0131daki formu doldurarak bize ula\u015fabilirsiniz. Bildirim: Bu i\u00e7erik i\u00e7in bir JavaScript gereklidir. info@qaze.me Dubai Kartal Consultancy FZCO The Onyx Tower 2 \u2013 11th Floor 1107 The Greens Dubai, UAE Yol tarifi al<\/p>\n","protected":false},"author":1,"featured_media":0,"parent":0,"menu_order":0,"comment_status":"closed","ping_status":"closed","template":"","meta":{"footnotes":""},"class_list":["post-988302","page","type-page","status-publish","hentry"],"yoast_head":"<!-- This site is optimized with the Yoast SEO plugin v27.3 - https:\/\/yoast.com\/product\/yoast-seo-wordpress\/ -->\n<title>Bize Ula\u015f\u0131n - Qaze Alliance Advisors<\/title>\n<meta name=\"robots\" content=\"noindex, follow, max-snippet:-1, max-image-preview:large, max-video-preview:-1\" \/>\n<meta property=\"og:locale\" content=\"tr_TR\" \/>\n<meta property=\"og:type\" content=\"article\" \/>\n<meta property=\"og:title\" content=\"Bize Ula\u015f\u0131n - Qaze Alliance Advisors\" \/>\n<meta property=\"og:description\" content=\"\u0130lginiz i\u00e7in te\u015fekk\u00fcr ederiz. L\u00fctfen a\u015fa\u011f\u0131daki formu doldurarak bize ula\u015fabilirsiniz. Bildirim: Bu i\u00e7erik i\u00e7in bir JavaScript gereklidir. info@qaze.me Dubai Kartal Consultancy FZCO The Onyx Tower 2 \u2013 11th Floor 1107 The Greens Dubai, UAE Yol tarifi al\" \/>\n<meta property=\"og:url\" content=\"https:\/\/qaze.me\/tr\/bize-ulasin\/\" \/>\n<meta property=\"og:site_name\" content=\"Qaze Alliance Advisors\" \/>\n<meta property=\"article:modified_time\" content=\"2025-12-09T13:38:20+00:00\" \/>\n<meta name=\"twitter:card\" content=\"summary_large_image\" \/>\n<meta name=\"twitter:label1\" content=\"Tahmini okuma s\u00fcresi\" \/>\n\t<meta name=\"twitter:data1\" content=\"1 dakika\" \/>\n<script type=\"application\/ld+json\" class=\"yoast-schema-graph\">{\"@context\":\"https:\\\/\\\/schema.org\",\"@graph\":[{\"@type\":\"WebPage\",\"@id\":\"https:\\\/\\\/qaze.me\\\/tr\\\/bize-ulasin\\\/\",\"url\":\"https:\\\/\\\/qaze.me\\\/tr\\\/bize-ulasin\\\/\",\"name\":\"Bize Ula\u015f\u0131n - Qaze Alliance Advisors\",\"isPartOf\":{\"@id\":\"https:\\\/\\\/qaze.me\\\/tr\\\/#website\"},\"datePublished\":\"2016-12-05T16:27:47+00:00\",\"dateModified\":\"2025-12-09T13:38:20+00:00\",\"breadcrumb\":{\"@id\":\"https:\\\/\\\/qaze.me\\\/tr\\\/bize-ulasin\\\/#breadcrumb\"},\"inLanguage\":\"tr\",\"potentialAction\":[{\"@type\":\"ReadAction\",\"target\":[\"https:\\\/\\\/qaze.me\\\/tr\\\/bize-ulasin\\\/\"]}]},{\"@type\":\"BreadcrumbList\",\"@id\":\"https:\\\/\\\/qaze.me\\\/tr\\\/bize-ulasin\\\/#breadcrumb\",\"itemListElement\":[{\"@type\":\"ListItem\",\"position\":1,\"name\":\"Home\",\"item\":\"https:\\\/\\\/qaze.me\\\/tr\\\/\"},{\"@type\":\"ListItem\",\"position\":2,\"name\":\"Bize Ula\u015f\u0131n\"}]},{\"@type\":\"WebSite\",\"@id\":\"https:\\\/\\\/qaze.me\\\/tr\\\/#website\",\"url\":\"https:\\\/\\\/qaze.me\\\/tr\\\/\",\"name\":\"Qaze Alliance Advisors\",\"description\":\"\",\"publisher\":{\"@id\":\"https:\\\/\\\/qaze.me\\\/tr\\\/#organization\"},\"potentialAction\":[{\"@type\":\"SearchAction\",\"target\":{\"@type\":\"EntryPoint\",\"urlTemplate\":\"https:\\\/\\\/qaze.me\\\/tr\\\/?s={search_term_string}\"},\"query-input\":{\"@type\":\"PropertyValueSpecification\",\"valueRequired\":true,\"valueName\":\"search_term_string\"}}],\"inLanguage\":\"tr\"},{\"@type\":\"Organization\",\"@id\":\"https:\\\/\\\/qaze.me\\\/tr\\\/#organization\",\"name\":\"Qaze\",\"url\":\"https:\\\/\\\/qaze.me\\\/tr\\\/\",\"logo\":{\"@type\":\"ImageObject\",\"inLanguage\":\"tr\",\"@id\":\"https:\\\/\\\/qaze.me\\\/tr\\\/#\\\/schema\\\/logo\\\/image\\\/\",\"url\":\"https:\\\/\\\/qaze.me\\\/wp-content\\\/uploads\\\/2024\\\/11\\\/Qaze-logo.svg\",\"contentUrl\":\"https:\\\/\\\/qaze.me\\\/wp-content\\\/uploads\\\/2024\\\/11\\\/Qaze-logo.svg\",\"width\":828,\"height\":503,\"caption\":\"Qaze\"},\"image\":{\"@id\":\"https:\\\/\\\/qaze.me\\\/tr\\\/#\\\/schema\\\/logo\\\/image\\\/\"}}]}<\/script>\n<!-- \/ Yoast SEO plugin. -->","yoast_head_json":{"title":"Bize Ula\u015f\u0131n - Qaze Alliance Advisors","robots":{"index":"noindex","follow":"follow","max-snippet":"max-snippet:-1","max-image-preview":"max-image-preview:large","max-video-preview":"max-video-preview:-1"},"og_locale":"tr_TR","og_type":"article","og_title":"Bize Ula\u015f\u0131n - Qaze Alliance Advisors","og_description":"\u0130lginiz i\u00e7in te\u015fekk\u00fcr ederiz. L\u00fctfen a\u015fa\u011f\u0131daki formu doldurarak bize ula\u015fabilirsiniz. Bildirim: Bu i\u00e7erik i\u00e7in bir JavaScript gereklidir. info@qaze.me Dubai Kartal Consultancy FZCO The Onyx Tower 2 \u2013 11th Floor 1107 The Greens Dubai, UAE Yol tarifi al","og_url":"https:\/\/qaze.me\/tr\/bize-ulasin\/","og_site_name":"Qaze Alliance Advisors","article_modified_time":"2025-12-09T13:38:20+00:00","twitter_card":"summary_large_image","twitter_misc":{"Tahmini okuma s\u00fcresi":"1 dakika"},"schema":{"@context":"https:\/\/schema.org","@graph":[{"@type":"WebPage","@id":"https:\/\/qaze.me\/tr\/bize-ulasin\/","url":"https:\/\/qaze.me\/tr\/bize-ulasin\/","name":"Bize Ula\u015f\u0131n - Qaze Alliance Advisors","isPartOf":{"@id":"https:\/\/qaze.me\/tr\/#website"},"datePublished":"2016-12-05T16:27:47+00:00","dateModified":"2025-12-09T13:38:20+00:00","breadcrumb":{"@id":"https:\/\/qaze.me\/tr\/bize-ulasin\/#breadcrumb"},"inLanguage":"tr","potentialAction":[{"@type":"ReadAction","target":["https:\/\/qaze.me\/tr\/bize-ulasin\/"]}]},{"@type":"BreadcrumbList","@id":"https:\/\/qaze.me\/tr\/bize-ulasin\/#breadcrumb","itemListElement":[{"@type":"ListItem","position":1,"name":"Home","item":"https:\/\/qaze.me\/tr\/"},{"@type":"ListItem","position":2,"name":"Bize Ula\u015f\u0131n"}]},{"@type":"WebSite","@id":"https:\/\/qaze.me\/tr\/#website","url":"https:\/\/qaze.me\/tr\/","name":"Qaze Alliance Advisors","description":"","publisher":{"@id":"https:\/\/qaze.me\/tr\/#organization"},"potentialAction":[{"@type":"SearchAction","target":{"@type":"EntryPoint","urlTemplate":"https:\/\/qaze.me\/tr\/?s={search_term_string}"},"query-input":{"@type":"PropertyValueSpecification","valueRequired":true,"valueName":"search_term_string"}}],"inLanguage":"tr"},{"@type":"Organization","@id":"https:\/\/qaze.me\/tr\/#organization","name":"Qaze","url":"https:\/\/qaze.me\/tr\/","logo":{"@type":"ImageObject","inLanguage":"tr","@id":"https:\/\/qaze.me\/tr\/#\/schema\/logo\/image\/","url":"https:\/\/qaze.me\/wp-content\/uploads\/2024\/11\/Qaze-logo.svg","contentUrl":"https:\/\/qaze.me\/wp-content\/uploads\/2024\/11\/Qaze-logo.svg","width":828,"height":503,"caption":"Qaze"},"image":{"@id":"https:\/\/qaze.me\/tr\/#\/schema\/logo\/image\/"}}]}},"_links":{"self":[{"href":"https:\/\/qaze.me\/tr\/wp-json\/wp\/v2\/pages\/988302","targetHints":{"allow":["GET"]}}],"collection":[{"href":"https:\/\/qaze.me\/tr\/wp-json\/wp\/v2\/pages"}],"about":[{"href":"https:\/\/qaze.me\/tr\/wp-json\/wp\/v2\/types\/page"}],"author":[{"embeddable":true,"href":"https:\/\/qaze.me\/tr\/wp-json\/wp\/v2\/users\/1"}],"replies":[{"embeddable":true,"href":"https:\/\/qaze.me\/tr\/wp-json\/wp\/v2\/comments?post=988302"}],"version-history":[{"count":3,"href":"https:\/\/qaze.me\/tr\/wp-json\/wp\/v2\/pages\/988302\/revisions"}],"predecessor-version":[{"id":988366,"href":"https:\/\/qaze.me\/tr\/wp-json\/wp\/v2\/pages\/988302\/revisions\/988366"}],"wp:attachment":[{"href":"https:\/\/qaze.me\/tr\/wp-json\/wp\/v2\/media?parent=988302"}],"curies":[{"name":"wp","href":"https:\/\/api.w.org\/{rel}","templated":true}]}}