{"id":988310,"date":"2024-11-06T12:39:41","date_gmt":"2024-11-06T12:39:41","guid":{"rendered":"https:\/\/qaze.me\/ceyda-vural\/"},"modified":"2025-12-09T13:17:55","modified_gmt":"2025-12-09T13:17:55","slug":"ceyda-vural","status":"publish","type":"page","link":"https:\/\/qaze.me\/tr\/ceyda-vural\/","title":{"rendered":"Ceyda Vural"},"content":{"rendered":"<div class=\"vgblk-rw-wrapper limit-wrapper\">\r\n\r\n\t<p>Ceyda Vural, 2024 y\u0131l\u0131nda Qaze Alliance Advisors&#8217;a kat\u0131larak, hem yerel hem de uluslararas\u0131 \u015firketlere kurumsal anla\u015fmalar ve ticari i\u015flemler konusunda hukuki destek sa\u011flamaktad\u0131r. Engin tecr\u00fcbesiyle, \u015firketlerin T\u00fcrkiye ve BAE&#8217;deki pazara giri\u015f s\u00fcre\u00e7lerinde ve operasyonel faaliyetlerinde yard\u0131mc\u0131 olmaktad\u0131r.<\/p>\r\n<p>Ceyda, aile hukuku, i\u015f hukuku, g\u00f6\u00e7menlik hukuku, vatanda\u015fl\u0131k hukuku, gayrimenkul ve \u015firket kurulu\u015fu dahil olmak \u00fczere \u00e7e\u015fitli hukuk alanlar\u0131nda uzmanla\u015fm\u0131\u015ft\u0131r. Kapsaml\u0131 bilgisi, m\u00fc\u015fterileri i\u00e7in karma\u015f\u0131k hukuki s\u00fcre\u00e7leri etkin bir \u015fekilde y\u00f6netmesini sa\u011flamaktad\u0131r.<\/p>\r\n<p>Qaze Alliance Advisors&#8217;daki g\u00f6revinden \u00f6nce, Ceyda 2010 y\u0131l\u0131nda Vural Hukuk ve Dan\u0131\u015fmanl\u0131k&#8217;\u0131 kurdu ve burada 14 y\u0131l\u0131 a\u015fk\u0131n bir s\u00fcre boyunca i\u015fletmelere kapsaml\u0131 hukuk dan\u0131\u015fmanl\u0131\u011f\u0131 hizmeti vererek T\u00fcrkiye&#8217;de sekt\u00f6r\u00fcn g\u00fcvenilir isimlerinden biri haline geldi.<\/p>\r\n<p>\u0130stanbul Bilgi \u00dcniversitesi Hukuk Fak\u00fcltesi mezunu olan Ceyda, kariyerine \u0130stanbul&#8217;un \u00f6nde gelen hukuk b\u00fcrolar\u0131ndan birinde avukat olarak ba\u015flad\u0131. Sa\u011flam e\u011fitim ge\u00e7mi\u015fi ve engin sekt\u00f6r deneyimi ile Qaze&#8217;de m\u00fc\u015fterilerine de\u011fer katmaya devam ediyor.<\/p>\r\n\r\n<\/div><!-- .vgblk-rw-wrapper -->","protected":false},"excerpt":{"rendered":"<p>Ceyda Vural, 2024 y\u0131l\u0131nda Qaze Alliance Advisors&#8217;a kat\u0131larak, hem yerel hem de uluslararas\u0131 \u015firketlere kurumsal anla\u015fmalar ve ticari i\u015flemler konusunda hukuki destek sa\u011flamaktad\u0131r. Engin tecr\u00fcbesiyle, \u015firketlerin T\u00fcrkiye ve BAE&#8217;deki pazara giri\u015f s\u00fcre\u00e7lerinde ve operasyonel faaliyetlerinde yard\u0131mc\u0131 olmaktad\u0131r. Ceyda, aile hukuku, i\u015f hukuku, g\u00f6\u00e7menlik hukuku, vatanda\u015fl\u0131k hukuku, gayrimenkul ve \u015firket kurulu\u015fu dahil olmak \u00fczere \u00e7e\u015fitli hukuk&#8230;<\/p>\n","protected":false},"author":1,"featured_media":0,"parent":0,"menu_order":0,"comment_status":"closed","ping_status":"closed","template":"","meta":{"footnotes":""},"class_list":["post-988310","page","type-page","status-publish","hentry"],"yoast_head":"<!-- This site is optimized with the Yoast SEO plugin v27.3 - https:\/\/yoast.com\/product\/yoast-seo-wordpress\/ -->\n<title>Ceyda Vural - Qaze Alliance Advisors<\/title>\n<meta name=\"robots\" content=\"noindex, follow, max-snippet:-1, max-image-preview:large, max-video-preview:-1\" \/>\n<meta property=\"og:locale\" content=\"tr_TR\" \/>\n<meta property=\"og:type\" content=\"article\" \/>\n<meta property=\"og:title\" content=\"Ceyda Vural - Qaze Alliance Advisors\" \/>\n<meta property=\"og:description\" content=\"Ceyda Vural, 2024 y\u0131l\u0131nda Qaze Alliance Advisors&#8217;a kat\u0131larak, hem yerel hem de uluslararas\u0131 \u015firketlere kurumsal anla\u015fmalar ve ticari i\u015flemler konusunda hukuki destek sa\u011flamaktad\u0131r. Engin tecr\u00fcbesiyle, \u015firketlerin T\u00fcrkiye ve BAE&#8217;deki pazara giri\u015f s\u00fcre\u00e7lerinde ve operasyonel faaliyetlerinde yard\u0131mc\u0131 olmaktad\u0131r. Ceyda, aile hukuku, i\u015f hukuku, g\u00f6\u00e7menlik hukuku, vatanda\u015fl\u0131k hukuku, gayrimenkul ve \u015firket kurulu\u015fu dahil olmak \u00fczere \u00e7e\u015fitli hukuk...\" \/>\n<meta property=\"og:url\" content=\"https:\/\/qaze.me\/tr\/ceyda-vural\/\" \/>\n<meta property=\"og:site_name\" content=\"Qaze Alliance Advisors\" \/>\n<meta property=\"article:modified_time\" content=\"2025-12-09T13:17:55+00:00\" \/>\n<meta name=\"twitter:card\" content=\"summary_large_image\" \/>\n<meta name=\"twitter:label1\" content=\"Tahmini okuma s\u00fcresi\" \/>\n\t<meta name=\"twitter:data1\" content=\"1 dakika\" \/>\n<script type=\"application\/ld+json\" class=\"yoast-schema-graph\">{\"@context\":\"https:\\\/\\\/schema.org\",\"@graph\":[{\"@type\":\"WebPage\",\"@id\":\"https:\\\/\\\/qaze.me\\\/tr\\\/ceyda-vural\\\/\",\"url\":\"https:\\\/\\\/qaze.me\\\/tr\\\/ceyda-vural\\\/\",\"name\":\"Ceyda Vural - Qaze Alliance Advisors\",\"isPartOf\":{\"@id\":\"https:\\\/\\\/qaze.me\\\/tr\\\/#website\"},\"datePublished\":\"2024-11-06T12:39:41+00:00\",\"dateModified\":\"2025-12-09T13:17:55+00:00\",\"breadcrumb\":{\"@id\":\"https:\\\/\\\/qaze.me\\\/tr\\\/ceyda-vural\\\/#breadcrumb\"},\"inLanguage\":\"tr\",\"potentialAction\":[{\"@type\":\"ReadAction\",\"target\":[\"https:\\\/\\\/qaze.me\\\/tr\\\/ceyda-vural\\\/\"]}]},{\"@type\":\"BreadcrumbList\",\"@id\":\"https:\\\/\\\/qaze.me\\\/tr\\\/ceyda-vural\\\/#breadcrumb\",\"itemListElement\":[{\"@type\":\"ListItem\",\"position\":1,\"name\":\"Home\",\"item\":\"https:\\\/\\\/qaze.me\\\/tr\\\/\"},{\"@type\":\"ListItem\",\"position\":2,\"name\":\"Ceyda Vural\"}]},{\"@type\":\"WebSite\",\"@id\":\"https:\\\/\\\/qaze.me\\\/tr\\\/#website\",\"url\":\"https:\\\/\\\/qaze.me\\\/tr\\\/\",\"name\":\"Qaze Alliance Advisors\",\"description\":\"\",\"publisher\":{\"@id\":\"https:\\\/\\\/qaze.me\\\/tr\\\/#organization\"},\"potentialAction\":[{\"@type\":\"SearchAction\",\"target\":{\"@type\":\"EntryPoint\",\"urlTemplate\":\"https:\\\/\\\/qaze.me\\\/tr\\\/?s={search_term_string}\"},\"query-input\":{\"@type\":\"PropertyValueSpecification\",\"valueRequired\":true,\"valueName\":\"search_term_string\"}}],\"inLanguage\":\"tr\"},{\"@type\":\"Organization\",\"@id\":\"https:\\\/\\\/qaze.me\\\/tr\\\/#organization\",\"name\":\"Qaze\",\"url\":\"https:\\\/\\\/qaze.me\\\/tr\\\/\",\"logo\":{\"@type\":\"ImageObject\",\"inLanguage\":\"tr\",\"@id\":\"https:\\\/\\\/qaze.me\\\/tr\\\/#\\\/schema\\\/logo\\\/image\\\/\",\"url\":\"https:\\\/\\\/qaze.me\\\/wp-content\\\/uploads\\\/2024\\\/11\\\/Qaze-logo.svg\",\"contentUrl\":\"https:\\\/\\\/qaze.me\\\/wp-content\\\/uploads\\\/2024\\\/11\\\/Qaze-logo.svg\",\"width\":828,\"height\":503,\"caption\":\"Qaze\"},\"image\":{\"@id\":\"https:\\\/\\\/qaze.me\\\/tr\\\/#\\\/schema\\\/logo\\\/image\\\/\"}}]}<\/script>\n<!-- \/ Yoast SEO plugin. -->","yoast_head_json":{"title":"Ceyda Vural - Qaze Alliance Advisors","robots":{"index":"noindex","follow":"follow","max-snippet":"max-snippet:-1","max-image-preview":"max-image-preview:large","max-video-preview":"max-video-preview:-1"},"og_locale":"tr_TR","og_type":"article","og_title":"Ceyda Vural - Qaze Alliance Advisors","og_description":"Ceyda Vural, 2024 y\u0131l\u0131nda Qaze Alliance Advisors&#8217;a kat\u0131larak, hem yerel hem de uluslararas\u0131 \u015firketlere kurumsal anla\u015fmalar ve ticari i\u015flemler konusunda hukuki destek sa\u011flamaktad\u0131r. Engin tecr\u00fcbesiyle, \u015firketlerin T\u00fcrkiye ve BAE&#8217;deki pazara giri\u015f s\u00fcre\u00e7lerinde ve operasyonel faaliyetlerinde yard\u0131mc\u0131 olmaktad\u0131r. Ceyda, aile hukuku, i\u015f hukuku, g\u00f6\u00e7menlik hukuku, vatanda\u015fl\u0131k hukuku, gayrimenkul ve \u015firket kurulu\u015fu dahil olmak \u00fczere \u00e7e\u015fitli hukuk...","og_url":"https:\/\/qaze.me\/tr\/ceyda-vural\/","og_site_name":"Qaze Alliance Advisors","article_modified_time":"2025-12-09T13:17:55+00:00","twitter_card":"summary_large_image","twitter_misc":{"Tahmini okuma s\u00fcresi":"1 dakika"},"schema":{"@context":"https:\/\/schema.org","@graph":[{"@type":"WebPage","@id":"https:\/\/qaze.me\/tr\/ceyda-vural\/","url":"https:\/\/qaze.me\/tr\/ceyda-vural\/","name":"Ceyda Vural - Qaze Alliance Advisors","isPartOf":{"@id":"https:\/\/qaze.me\/tr\/#website"},"datePublished":"2024-11-06T12:39:41+00:00","dateModified":"2025-12-09T13:17:55+00:00","breadcrumb":{"@id":"https:\/\/qaze.me\/tr\/ceyda-vural\/#breadcrumb"},"inLanguage":"tr","potentialAction":[{"@type":"ReadAction","target":["https:\/\/qaze.me\/tr\/ceyda-vural\/"]}]},{"@type":"BreadcrumbList","@id":"https:\/\/qaze.me\/tr\/ceyda-vural\/#breadcrumb","itemListElement":[{"@type":"ListItem","position":1,"name":"Home","item":"https:\/\/qaze.me\/tr\/"},{"@type":"ListItem","position":2,"name":"Ceyda Vural"}]},{"@type":"WebSite","@id":"https:\/\/qaze.me\/tr\/#website","url":"https:\/\/qaze.me\/tr\/","name":"Qaze Alliance Advisors","description":"","publisher":{"@id":"https:\/\/qaze.me\/tr\/#organization"},"potentialAction":[{"@type":"SearchAction","target":{"@type":"EntryPoint","urlTemplate":"https:\/\/qaze.me\/tr\/?s={search_term_string}"},"query-input":{"@type":"PropertyValueSpecification","valueRequired":true,"valueName":"search_term_string"}}],"inLanguage":"tr"},{"@type":"Organization","@id":"https:\/\/qaze.me\/tr\/#organization","name":"Qaze","url":"https:\/\/qaze.me\/tr\/","logo":{"@type":"ImageObject","inLanguage":"tr","@id":"https:\/\/qaze.me\/tr\/#\/schema\/logo\/image\/","url":"https:\/\/qaze.me\/wp-content\/uploads\/2024\/11\/Qaze-logo.svg","contentUrl":"https:\/\/qaze.me\/wp-content\/uploads\/2024\/11\/Qaze-logo.svg","width":828,"height":503,"caption":"Qaze"},"image":{"@id":"https:\/\/qaze.me\/tr\/#\/schema\/logo\/image\/"}}]}},"_links":{"self":[{"href":"https:\/\/qaze.me\/tr\/wp-json\/wp\/v2\/pages\/988310","targetHints":{"allow":["GET"]}}],"collection":[{"href":"https:\/\/qaze.me\/tr\/wp-json\/wp\/v2\/pages"}],"about":[{"href":"https:\/\/qaze.me\/tr\/wp-json\/wp\/v2\/types\/page"}],"author":[{"embeddable":true,"href":"https:\/\/qaze.me\/tr\/wp-json\/wp\/v2\/users\/1"}],"replies":[{"embeddable":true,"href":"https:\/\/qaze.me\/tr\/wp-json\/wp\/v2\/comments?post=988310"}],"version-history":[{"count":3,"href":"https:\/\/qaze.me\/tr\/wp-json\/wp\/v2\/pages\/988310\/revisions"}],"predecessor-version":[{"id":988450,"href":"https:\/\/qaze.me\/tr\/wp-json\/wp\/v2\/pages\/988310\/revisions\/988450"}],"wp:attachment":[{"href":"https:\/\/qaze.me\/tr\/wp-json\/wp\/v2\/media?parent=988310"}],"curies":[{"name":"wp","href":"https:\/\/api.w.org\/{rel}","templated":true}]}}