{"id":988376,"date":"2024-11-06T12:55:18","date_gmt":"2024-11-06T12:55:18","guid":{"rendered":"https:\/\/qaze.me\/gozen-camkiran-sahin-cansu\/"},"modified":"2025-12-09T13:19:20","modified_gmt":"2025-12-09T13:19:20","slug":"gozen-camkiran-sahin-cansu","status":"publish","type":"page","link":"https:\/\/qaze.me\/tr\/gozen-camkiran-sahin-cansu\/","title":{"rendered":"G\u00f6zen \u00c7amk\u0131ran Cansu"},"content":{"rendered":"<div class=\"vgblk-rw-wrapper limit-wrapper\">\n\n\t<p>Gozen \u00c7amk\u0131ran Cansu, birle\u015fme ve devralmalar, s\u00f6zle\u015fme hukuku ve rekabet konular\u0131nda kapsaml\u0131 uzmanl\u0131\u011fa sahip, y\u00fcksek de\u011ferli s\u0131n\u0131r \u00f6tesi i\u015flemleri y\u00f6netmedeki yetkinli\u011fiyle tan\u0131nan, son derece ba\u015far\u0131l\u0131 bir hukuk profesyonelidir. Yerel ve uluslararas\u0131 m\u00fc\u015fterilere stratejik hukuk dan\u0131\u015fmanl\u0131\u011f\u0131 sunan Cansu, b\u00fcy\u00fck s\u0131n\u0131r \u00f6tesi anla\u015fmalar ve \u00e7e\u015fitli ticari zorluklar dahil olmak \u00fczere karma\u015f\u0131k kurumsal i\u015flemlerde m\u00fc\u015fterilere ustaca rehberlik etmektedir.<\/p>\n<p>Enerji, gayrimenkul ve in\u015faat sekt\u00f6rlerinde, \u00f6zellikle ticari ve gayrimenkul due diligence alanlar\u0131nda derin uzmanl\u0131\u011fa sahip olan Gozen, \u00e7ok uluslu markalara T\u00fcrkiye ve k\u00fcresel pazarlara giri\u015f stratejileri ve operasyonel konularda s\u0131k s\u0131k dan\u0131\u015fmanl\u0131k yapmaktad\u0131r. Uygulamalar\u0131 aras\u0131nda g\u00fcnl\u00fck i\u015f operasyonlar\u0131 i\u00e7in s\u00fcrekli hukuki destek de bulunmaktad\u0131r ve hisse sat\u0131n alma s\u00f6zle\u015fmeleri, hissedar s\u00f6zle\u015fmeleri, kira s\u00f6zle\u015fmeleri ve \u00e7ok \u00e7e\u015fitli ticari s\u00f6zle\u015fmelerin haz\u0131rlanmas\u0131 ve m\u00fczakeresinde kan\u0131tlanm\u0131\u015f bir ge\u00e7mi\u015fe sahiptir.<\/p>\n<p>Gozen, kariyeri boyunca, New York Borsas\u0131&#8217;nda i\u015flem g\u00f6ren bir \u015firketin T\u00fcrk g\u0131da sekt\u00f6r\u00fcndeki bir \u015firketi sat\u0131n almas\u0131 gibi y\u00fcksek riskli i\u015flemlerde do\u011frudan yer alm\u0131\u015ft\u0131r. Ayr\u0131ca, \u00f6nde gelen bir ABD fonunun \u0130ngiltere merkezli i\u015ftirakine, yenilenebilir enerji sekt\u00f6r\u00fcndeki \u015firketlerin \u00f6nemli bir sat\u0131n al\u0131m\u0131nda dan\u0131\u015fmanl\u0131k yapm\u0131\u015ft\u0131r. Buna ek olarak, \u0130ngiltere merkezli k\u00fcresel bir ila\u00e7 firmas\u0131n\u0131n T\u00fcrkiye&#8217;deki i\u015ftirakinin birle\u015fmesini destekleyerek, \u00e7e\u015fitli sekt\u00f6rlerdeki b\u00fcy\u00fck \u00f6l\u00e7ekli birle\u015fme ve sat\u0131n almalardaki uzmanl\u0131\u011f\u0131n\u0131 sergilemi\u015ftir.<\/p>\n<p>\u0130\u015flemlerin \u00f6tesinde, Gozen kendi \u015firketini kurmu\u015f ve birka\u00e7 y\u0131l boyunca y\u00f6netici ortak olarak g\u00f6rev yapm\u0131\u015f, T\u00fcrkiye&#8217;de \u00f6nemli yat\u0131r\u0131mlar\u0131 olan holding \u015firketlerine ve kurumlara \u00fcst d\u00fczey dan\u0131\u015fmanl\u0131k hizmetleri sunmu\u015ftur. Bu g\u00f6revinde, b\u00fcy\u00fck \u00f6l\u00e7ekli yat\u0131r\u0131mc\u0131lar i\u00e7in karma\u015f\u0131k kamu-\u00f6zel sekt\u00f6r ortakl\u0131klar\u0131 (PPP), ilk halka arzlar (IPO) ve di\u011fer stratejik giri\u015fimler konusunda dan\u0131\u015fmanl\u0131k hizmetleri sunmu\u015f ve iddial\u0131 b\u00fcy\u00fcme hedefleri olan \u015firketlerin g\u00fcvenilir dan\u0131\u015fman\u0131 olarak \u00fcn\u00fcn\u00fc peki\u015ftirmi\u015ftir.<\/p>\n<p>Gozen, Galatasaray \u00dcniversitesi&#8217;nden Ekonomi Hukuku alan\u0131nda y\u00fcksek lisans derecesine sahiptir (2011) ve bu, kurumsal i\u015flemlerin hukuki ve finansal karma\u015f\u0131kl\u0131klar\u0131 konusundaki bilgisini derinle\u015ftirmi\u015ftir. 2009 y\u0131l\u0131nda \u0130stanbul Barosu&#8217;na kabul edilen Gozen, 2014 y\u0131l\u0131ndan bu yana T\u00fcrkiye Arabuluculuk Kurumu&#8217;na kay\u0131tl\u0131 arabulucu olarak da g\u00f6rev yapmaktad\u0131r ve bu da y\u00fcksek kaliteli, \u00e7\u00f6z\u00fcm odakl\u0131 m\u00fc\u015fteri hizmetine olan ba\u011fl\u0131l\u0131\u011f\u0131n\u0131 yans\u0131tmaktad\u0131r.<\/p>\n\n<\/div><!-- .vgblk-rw-wrapper -->","protected":false},"excerpt":{"rendered":"<p>Gozen \u00c7amk\u0131ran Cansu, birle\u015fme ve devralmalar, s\u00f6zle\u015fme hukuku ve rekabet konular\u0131nda kapsaml\u0131 uzmanl\u0131\u011fa sahip, y\u00fcksek de\u011ferli s\u0131n\u0131r \u00f6tesi i\u015flemleri y\u00f6netmedeki yetkinli\u011fiyle tan\u0131nan, son derece ba\u015far\u0131l\u0131 bir hukuk profesyonelidir. Yerel ve uluslararas\u0131 m\u00fc\u015fterilere stratejik hukuk dan\u0131\u015fmanl\u0131\u011f\u0131 sunan Cansu, b\u00fcy\u00fck s\u0131n\u0131r \u00f6tesi anla\u015fmalar ve \u00e7e\u015fitli ticari zorluklar dahil olmak \u00fczere karma\u015f\u0131k kurumsal i\u015flemlerde m\u00fc\u015fterilere ustaca rehberlik etmektedir&#8230;.<\/p>\n","protected":false},"author":1,"featured_media":0,"parent":0,"menu_order":0,"comment_status":"closed","ping_status":"closed","template":"","meta":{"footnotes":""},"class_list":["post-988376","page","type-page","status-publish","hentry"],"yoast_head":"<!-- This site is optimized with the Yoast SEO plugin v27.3 - https:\/\/yoast.com\/product\/yoast-seo-wordpress\/ -->\n<title>G\u00f6zen \u00c7amk\u0131ran Cansu - Qaze Alliance Advisors<\/title>\n<meta name=\"robots\" content=\"noindex, follow, max-snippet:-1, max-image-preview:large, max-video-preview:-1\" \/>\n<meta property=\"og:locale\" content=\"tr_TR\" \/>\n<meta property=\"og:type\" content=\"article\" \/>\n<meta property=\"og:title\" content=\"G\u00f6zen \u00c7amk\u0131ran Cansu - Qaze Alliance Advisors\" \/>\n<meta property=\"og:description\" content=\"Gozen \u00c7amk\u0131ran Cansu, birle\u015fme ve devralmalar, s\u00f6zle\u015fme hukuku ve rekabet konular\u0131nda kapsaml\u0131 uzmanl\u0131\u011fa sahip, y\u00fcksek de\u011ferli s\u0131n\u0131r \u00f6tesi i\u015flemleri y\u00f6netmedeki yetkinli\u011fiyle tan\u0131nan, son derece ba\u015far\u0131l\u0131 bir hukuk profesyonelidir. Yerel ve uluslararas\u0131 m\u00fc\u015fterilere stratejik hukuk dan\u0131\u015fmanl\u0131\u011f\u0131 sunan Cansu, b\u00fcy\u00fck s\u0131n\u0131r \u00f6tesi anla\u015fmalar ve \u00e7e\u015fitli ticari zorluklar dahil olmak \u00fczere karma\u015f\u0131k kurumsal i\u015flemlerde m\u00fc\u015fterilere ustaca rehberlik etmektedir....\" \/>\n<meta property=\"og:url\" content=\"https:\/\/qaze.me\/tr\/gozen-camkiran-sahin-cansu\/\" \/>\n<meta property=\"og:site_name\" content=\"Qaze Alliance Advisors\" \/>\n<meta property=\"article:modified_time\" content=\"2025-12-09T13:19:20+00:00\" \/>\n<meta name=\"twitter:card\" content=\"summary_large_image\" \/>\n<meta name=\"twitter:label1\" content=\"Tahmini okuma s\u00fcresi\" \/>\n\t<meta name=\"twitter:data1\" content=\"1 dakika\" \/>\n<script type=\"application\/ld+json\" class=\"yoast-schema-graph\">{\"@context\":\"https:\\\/\\\/schema.org\",\"@graph\":[{\"@type\":\"WebPage\",\"@id\":\"https:\\\/\\\/qaze.me\\\/tr\\\/gozen-camkiran-sahin-cansu\\\/\",\"url\":\"https:\\\/\\\/qaze.me\\\/tr\\\/gozen-camkiran-sahin-cansu\\\/\",\"name\":\"G\u00f6zen \u00c7amk\u0131ran Cansu - Qaze Alliance Advisors\",\"isPartOf\":{\"@id\":\"https:\\\/\\\/qaze.me\\\/tr\\\/#website\"},\"datePublished\":\"2024-11-06T12:55:18+00:00\",\"dateModified\":\"2025-12-09T13:19:20+00:00\",\"breadcrumb\":{\"@id\":\"https:\\\/\\\/qaze.me\\\/tr\\\/gozen-camkiran-sahin-cansu\\\/#breadcrumb\"},\"inLanguage\":\"tr\",\"potentialAction\":[{\"@type\":\"ReadAction\",\"target\":[\"https:\\\/\\\/qaze.me\\\/tr\\\/gozen-camkiran-sahin-cansu\\\/\"]}]},{\"@type\":\"BreadcrumbList\",\"@id\":\"https:\\\/\\\/qaze.me\\\/tr\\\/gozen-camkiran-sahin-cansu\\\/#breadcrumb\",\"itemListElement\":[{\"@type\":\"ListItem\",\"position\":1,\"name\":\"Home\",\"item\":\"https:\\\/\\\/qaze.me\\\/tr\\\/\"},{\"@type\":\"ListItem\",\"position\":2,\"name\":\"G\u00f6zen \u00c7amk\u0131ran Cansu\"}]},{\"@type\":\"WebSite\",\"@id\":\"https:\\\/\\\/qaze.me\\\/tr\\\/#website\",\"url\":\"https:\\\/\\\/qaze.me\\\/tr\\\/\",\"name\":\"Qaze Alliance Advisors\",\"description\":\"\",\"publisher\":{\"@id\":\"https:\\\/\\\/qaze.me\\\/tr\\\/#organization\"},\"potentialAction\":[{\"@type\":\"SearchAction\",\"target\":{\"@type\":\"EntryPoint\",\"urlTemplate\":\"https:\\\/\\\/qaze.me\\\/tr\\\/?s={search_term_string}\"},\"query-input\":{\"@type\":\"PropertyValueSpecification\",\"valueRequired\":true,\"valueName\":\"search_term_string\"}}],\"inLanguage\":\"tr\"},{\"@type\":\"Organization\",\"@id\":\"https:\\\/\\\/qaze.me\\\/tr\\\/#organization\",\"name\":\"Qaze\",\"url\":\"https:\\\/\\\/qaze.me\\\/tr\\\/\",\"logo\":{\"@type\":\"ImageObject\",\"inLanguage\":\"tr\",\"@id\":\"https:\\\/\\\/qaze.me\\\/tr\\\/#\\\/schema\\\/logo\\\/image\\\/\",\"url\":\"https:\\\/\\\/qaze.me\\\/wp-content\\\/uploads\\\/2024\\\/11\\\/Qaze-logo.svg\",\"contentUrl\":\"https:\\\/\\\/qaze.me\\\/wp-content\\\/uploads\\\/2024\\\/11\\\/Qaze-logo.svg\",\"width\":828,\"height\":503,\"caption\":\"Qaze\"},\"image\":{\"@id\":\"https:\\\/\\\/qaze.me\\\/tr\\\/#\\\/schema\\\/logo\\\/image\\\/\"}}]}<\/script>\n<!-- \/ Yoast SEO plugin. -->","yoast_head_json":{"title":"G\u00f6zen \u00c7amk\u0131ran Cansu - Qaze Alliance Advisors","robots":{"index":"noindex","follow":"follow","max-snippet":"max-snippet:-1","max-image-preview":"max-image-preview:large","max-video-preview":"max-video-preview:-1"},"og_locale":"tr_TR","og_type":"article","og_title":"G\u00f6zen \u00c7amk\u0131ran Cansu - Qaze Alliance Advisors","og_description":"Gozen \u00c7amk\u0131ran Cansu, birle\u015fme ve devralmalar, s\u00f6zle\u015fme hukuku ve rekabet konular\u0131nda kapsaml\u0131 uzmanl\u0131\u011fa sahip, y\u00fcksek de\u011ferli s\u0131n\u0131r \u00f6tesi i\u015flemleri y\u00f6netmedeki yetkinli\u011fiyle tan\u0131nan, son derece ba\u015far\u0131l\u0131 bir hukuk profesyonelidir. Yerel ve uluslararas\u0131 m\u00fc\u015fterilere stratejik hukuk dan\u0131\u015fmanl\u0131\u011f\u0131 sunan Cansu, b\u00fcy\u00fck s\u0131n\u0131r \u00f6tesi anla\u015fmalar ve \u00e7e\u015fitli ticari zorluklar dahil olmak \u00fczere karma\u015f\u0131k kurumsal i\u015flemlerde m\u00fc\u015fterilere ustaca rehberlik etmektedir....","og_url":"https:\/\/qaze.me\/tr\/gozen-camkiran-sahin-cansu\/","og_site_name":"Qaze Alliance Advisors","article_modified_time":"2025-12-09T13:19:20+00:00","twitter_card":"summary_large_image","twitter_misc":{"Tahmini okuma s\u00fcresi":"1 dakika"},"schema":{"@context":"https:\/\/schema.org","@graph":[{"@type":"WebPage","@id":"https:\/\/qaze.me\/tr\/gozen-camkiran-sahin-cansu\/","url":"https:\/\/qaze.me\/tr\/gozen-camkiran-sahin-cansu\/","name":"G\u00f6zen \u00c7amk\u0131ran Cansu - Qaze Alliance Advisors","isPartOf":{"@id":"https:\/\/qaze.me\/tr\/#website"},"datePublished":"2024-11-06T12:55:18+00:00","dateModified":"2025-12-09T13:19:20+00:00","breadcrumb":{"@id":"https:\/\/qaze.me\/tr\/gozen-camkiran-sahin-cansu\/#breadcrumb"},"inLanguage":"tr","potentialAction":[{"@type":"ReadAction","target":["https:\/\/qaze.me\/tr\/gozen-camkiran-sahin-cansu\/"]}]},{"@type":"BreadcrumbList","@id":"https:\/\/qaze.me\/tr\/gozen-camkiran-sahin-cansu\/#breadcrumb","itemListElement":[{"@type":"ListItem","position":1,"name":"Home","item":"https:\/\/qaze.me\/tr\/"},{"@type":"ListItem","position":2,"name":"G\u00f6zen \u00c7amk\u0131ran Cansu"}]},{"@type":"WebSite","@id":"https:\/\/qaze.me\/tr\/#website","url":"https:\/\/qaze.me\/tr\/","name":"Qaze Alliance Advisors","description":"","publisher":{"@id":"https:\/\/qaze.me\/tr\/#organization"},"potentialAction":[{"@type":"SearchAction","target":{"@type":"EntryPoint","urlTemplate":"https:\/\/qaze.me\/tr\/?s={search_term_string}"},"query-input":{"@type":"PropertyValueSpecification","valueRequired":true,"valueName":"search_term_string"}}],"inLanguage":"tr"},{"@type":"Organization","@id":"https:\/\/qaze.me\/tr\/#organization","name":"Qaze","url":"https:\/\/qaze.me\/tr\/","logo":{"@type":"ImageObject","inLanguage":"tr","@id":"https:\/\/qaze.me\/tr\/#\/schema\/logo\/image\/","url":"https:\/\/qaze.me\/wp-content\/uploads\/2024\/11\/Qaze-logo.svg","contentUrl":"https:\/\/qaze.me\/wp-content\/uploads\/2024\/11\/Qaze-logo.svg","width":828,"height":503,"caption":"Qaze"},"image":{"@id":"https:\/\/qaze.me\/tr\/#\/schema\/logo\/image\/"}}]}},"_links":{"self":[{"href":"https:\/\/qaze.me\/tr\/wp-json\/wp\/v2\/pages\/988376","targetHints":{"allow":["GET"]}}],"collection":[{"href":"https:\/\/qaze.me\/tr\/wp-json\/wp\/v2\/pages"}],"about":[{"href":"https:\/\/qaze.me\/tr\/wp-json\/wp\/v2\/types\/page"}],"author":[{"embeddable":true,"href":"https:\/\/qaze.me\/tr\/wp-json\/wp\/v2\/users\/1"}],"replies":[{"embeddable":true,"href":"https:\/\/qaze.me\/tr\/wp-json\/wp\/v2\/comments?post=988376"}],"version-history":[{"count":3,"href":"https:\/\/qaze.me\/tr\/wp-json\/wp\/v2\/pages\/988376\/revisions"}],"predecessor-version":[{"id":988452,"href":"https:\/\/qaze.me\/tr\/wp-json\/wp\/v2\/pages\/988376\/revisions\/988452"}],"wp:attachment":[{"href":"https:\/\/qaze.me\/tr\/wp-json\/wp\/v2\/media?parent=988376"}],"curies":[{"name":"wp","href":"https:\/\/api.w.org\/{rel}","templated":true}]}}