{"id":988378,"date":"2024-11-06T12:32:39","date_gmt":"2024-11-06T12:32:39","guid":{"rendered":"https:\/\/qaze.me\/kanat-kutlu\/"},"modified":"2025-12-09T13:13:23","modified_gmt":"2025-12-09T13:13:23","slug":"kanat-kutluk","status":"publish","type":"page","link":"https:\/\/qaze.me\/tr\/kanat-kutluk\/","title":{"rendered":"Kanat Kutluk"},"content":{"rendered":"<div class=\"vgblk-rw-wrapper limit-wrapper\">\n\n\t<p>Kanat Kutluk, kimya ve g\u0131da end\u00fcstrilerinden \u00f6nemli sosyal ve toplumsal programlara kadar bir\u00e7ok alanda faaliyet g\u00f6steren bir kurumsal ve sosyal giri\u015fimcidir.<\/p>\n<p>INSEAD Global Executive MBA Program\u0131 mezunu olan Kutluk, \u0130stanbul \u00dcniversitesi Siyaset Bilimi ve Uluslararas\u0131 \u0130li\u015fkiler B\u00f6l\u00fcm\u00fc&#8217;nden lisans derecesi ve Marmara \u00dcniversitesi Ekonomi B\u00f6l\u00fcm\u00fc&#8217;nden y\u00fcksek lisans derecesi alm\u0131\u015ft\u0131r. \u0130leti\u015fim ve koordinasyonun her t\u00fcrl\u00fc ekibi \u00fcst\u00fcn ba\u015far\u0131lara ula\u015ft\u0131raca\u011f\u0131na inanmaktad\u0131r. Sonu\u00e7 odakl\u0131, dinamik bir ki\u015filik, iyi bir dinleyici ve g\u00fcvenilir bir ortak olarak tan\u0131nmaktad\u0131r. Kariyerini 25 y\u0131l\u0131 a\u015fk\u0131n s\u00fcredir hizmet verdi\u011fi Afrika, Orta Do\u011fu, Orta Asya, T\u00fcrkiye ve Hint Yar\u0131madas\u0131 b\u00f6lgelerinde in\u015fa etmi\u015ftir.<\/p>\n<p>Kanat Kutluk, son 17 y\u0131ld\u0131r Dubai&#8217;de ya\u015famakta ve Dubai ve Kuzey Emirlikleri T\u00fcrk \u0130\u015f Konseyi Ba\u015fkan\u0131 olarak topluma hizmet etmektedir.<\/p>\n\n<\/div><!-- .vgblk-rw-wrapper -->","protected":false},"excerpt":{"rendered":"<p>Kanat Kutluk, kimya ve g\u0131da end\u00fcstrilerinden \u00f6nemli sosyal ve toplumsal programlara kadar bir\u00e7ok alanda faaliyet g\u00f6steren bir kurumsal ve sosyal giri\u015fimcidir. INSEAD Global Executive MBA Program\u0131 mezunu olan Kutluk, \u0130stanbul \u00dcniversitesi Siyaset Bilimi ve Uluslararas\u0131 \u0130li\u015fkiler B\u00f6l\u00fcm\u00fc&#8217;nden lisans derecesi ve Marmara \u00dcniversitesi Ekonomi B\u00f6l\u00fcm\u00fc&#8217;nden y\u00fcksek lisans derecesi alm\u0131\u015ft\u0131r. \u0130leti\u015fim ve koordinasyonun her t\u00fcrl\u00fc ekibi \u00fcst\u00fcn&#8230;<\/p>\n","protected":false},"author":1,"featured_media":0,"parent":0,"menu_order":0,"comment_status":"closed","ping_status":"closed","template":"","meta":{"footnotes":""},"class_list":["post-988378","page","type-page","status-publish","hentry"],"yoast_head":"<!-- This site is optimized with the Yoast SEO plugin v27.3 - https:\/\/yoast.com\/product\/yoast-seo-wordpress\/ -->\n<title>Kanat Kutluk - Qaze Alliance Advisors<\/title>\n<meta name=\"robots\" content=\"noindex, follow, max-snippet:-1, max-image-preview:large, max-video-preview:-1\" \/>\n<meta property=\"og:locale\" content=\"tr_TR\" \/>\n<meta property=\"og:type\" content=\"article\" \/>\n<meta property=\"og:title\" content=\"Kanat Kutluk - Qaze Alliance Advisors\" \/>\n<meta property=\"og:description\" content=\"Kanat Kutluk, kimya ve g\u0131da end\u00fcstrilerinden \u00f6nemli sosyal ve toplumsal programlara kadar bir\u00e7ok alanda faaliyet g\u00f6steren bir kurumsal ve sosyal giri\u015fimcidir. INSEAD Global Executive MBA Program\u0131 mezunu olan Kutluk, \u0130stanbul \u00dcniversitesi Siyaset Bilimi ve Uluslararas\u0131 \u0130li\u015fkiler B\u00f6l\u00fcm\u00fc&#8217;nden lisans derecesi ve Marmara \u00dcniversitesi Ekonomi B\u00f6l\u00fcm\u00fc&#8217;nden y\u00fcksek lisans derecesi alm\u0131\u015ft\u0131r. \u0130leti\u015fim ve koordinasyonun her t\u00fcrl\u00fc ekibi \u00fcst\u00fcn...\" \/>\n<meta property=\"og:url\" content=\"https:\/\/qaze.me\/tr\/kanat-kutluk\/\" \/>\n<meta property=\"og:site_name\" content=\"Qaze Alliance Advisors\" \/>\n<meta property=\"article:modified_time\" content=\"2025-12-09T13:13:23+00:00\" \/>\n<meta name=\"twitter:card\" content=\"summary_large_image\" \/>\n<meta name=\"twitter:label1\" content=\"Tahmini okuma s\u00fcresi\" \/>\n\t<meta name=\"twitter:data1\" content=\"1 dakika\" \/>\n<script type=\"application\/ld+json\" class=\"yoast-schema-graph\">{\"@context\":\"https:\\\/\\\/schema.org\",\"@graph\":[{\"@type\":\"WebPage\",\"@id\":\"https:\\\/\\\/qaze.me\\\/tr\\\/kanat-kutluk\\\/\",\"url\":\"https:\\\/\\\/qaze.me\\\/tr\\\/kanat-kutluk\\\/\",\"name\":\"Kanat Kutluk - Qaze Alliance Advisors\",\"isPartOf\":{\"@id\":\"https:\\\/\\\/qaze.me\\\/tr\\\/#website\"},\"datePublished\":\"2024-11-06T12:32:39+00:00\",\"dateModified\":\"2025-12-09T13:13:23+00:00\",\"breadcrumb\":{\"@id\":\"https:\\\/\\\/qaze.me\\\/tr\\\/kanat-kutluk\\\/#breadcrumb\"},\"inLanguage\":\"tr\",\"potentialAction\":[{\"@type\":\"ReadAction\",\"target\":[\"https:\\\/\\\/qaze.me\\\/tr\\\/kanat-kutluk\\\/\"]}]},{\"@type\":\"BreadcrumbList\",\"@id\":\"https:\\\/\\\/qaze.me\\\/tr\\\/kanat-kutluk\\\/#breadcrumb\",\"itemListElement\":[{\"@type\":\"ListItem\",\"position\":1,\"name\":\"Home\",\"item\":\"https:\\\/\\\/qaze.me\\\/tr\\\/\"},{\"@type\":\"ListItem\",\"position\":2,\"name\":\"Kanat Kutluk\"}]},{\"@type\":\"WebSite\",\"@id\":\"https:\\\/\\\/qaze.me\\\/tr\\\/#website\",\"url\":\"https:\\\/\\\/qaze.me\\\/tr\\\/\",\"name\":\"Qaze Alliance Advisors\",\"description\":\"\",\"publisher\":{\"@id\":\"https:\\\/\\\/qaze.me\\\/tr\\\/#organization\"},\"potentialAction\":[{\"@type\":\"SearchAction\",\"target\":{\"@type\":\"EntryPoint\",\"urlTemplate\":\"https:\\\/\\\/qaze.me\\\/tr\\\/?s={search_term_string}\"},\"query-input\":{\"@type\":\"PropertyValueSpecification\",\"valueRequired\":true,\"valueName\":\"search_term_string\"}}],\"inLanguage\":\"tr\"},{\"@type\":\"Organization\",\"@id\":\"https:\\\/\\\/qaze.me\\\/tr\\\/#organization\",\"name\":\"Qaze\",\"url\":\"https:\\\/\\\/qaze.me\\\/tr\\\/\",\"logo\":{\"@type\":\"ImageObject\",\"inLanguage\":\"tr\",\"@id\":\"https:\\\/\\\/qaze.me\\\/tr\\\/#\\\/schema\\\/logo\\\/image\\\/\",\"url\":\"https:\\\/\\\/qaze.me\\\/wp-content\\\/uploads\\\/2024\\\/11\\\/Qaze-logo.svg\",\"contentUrl\":\"https:\\\/\\\/qaze.me\\\/wp-content\\\/uploads\\\/2024\\\/11\\\/Qaze-logo.svg\",\"width\":828,\"height\":503,\"caption\":\"Qaze\"},\"image\":{\"@id\":\"https:\\\/\\\/qaze.me\\\/tr\\\/#\\\/schema\\\/logo\\\/image\\\/\"}}]}<\/script>\n<!-- \/ Yoast SEO plugin. -->","yoast_head_json":{"title":"Kanat Kutluk - Qaze Alliance Advisors","robots":{"index":"noindex","follow":"follow","max-snippet":"max-snippet:-1","max-image-preview":"max-image-preview:large","max-video-preview":"max-video-preview:-1"},"og_locale":"tr_TR","og_type":"article","og_title":"Kanat Kutluk - Qaze Alliance Advisors","og_description":"Kanat Kutluk, kimya ve g\u0131da end\u00fcstrilerinden \u00f6nemli sosyal ve toplumsal programlara kadar bir\u00e7ok alanda faaliyet g\u00f6steren bir kurumsal ve sosyal giri\u015fimcidir. INSEAD Global Executive MBA Program\u0131 mezunu olan Kutluk, \u0130stanbul \u00dcniversitesi Siyaset Bilimi ve Uluslararas\u0131 \u0130li\u015fkiler B\u00f6l\u00fcm\u00fc&#8217;nden lisans derecesi ve Marmara \u00dcniversitesi Ekonomi B\u00f6l\u00fcm\u00fc&#8217;nden y\u00fcksek lisans derecesi alm\u0131\u015ft\u0131r. \u0130leti\u015fim ve koordinasyonun her t\u00fcrl\u00fc ekibi \u00fcst\u00fcn...","og_url":"https:\/\/qaze.me\/tr\/kanat-kutluk\/","og_site_name":"Qaze Alliance Advisors","article_modified_time":"2025-12-09T13:13:23+00:00","twitter_card":"summary_large_image","twitter_misc":{"Tahmini okuma s\u00fcresi":"1 dakika"},"schema":{"@context":"https:\/\/schema.org","@graph":[{"@type":"WebPage","@id":"https:\/\/qaze.me\/tr\/kanat-kutluk\/","url":"https:\/\/qaze.me\/tr\/kanat-kutluk\/","name":"Kanat Kutluk - Qaze Alliance Advisors","isPartOf":{"@id":"https:\/\/qaze.me\/tr\/#website"},"datePublished":"2024-11-06T12:32:39+00:00","dateModified":"2025-12-09T13:13:23+00:00","breadcrumb":{"@id":"https:\/\/qaze.me\/tr\/kanat-kutluk\/#breadcrumb"},"inLanguage":"tr","potentialAction":[{"@type":"ReadAction","target":["https:\/\/qaze.me\/tr\/kanat-kutluk\/"]}]},{"@type":"BreadcrumbList","@id":"https:\/\/qaze.me\/tr\/kanat-kutluk\/#breadcrumb","itemListElement":[{"@type":"ListItem","position":1,"name":"Home","item":"https:\/\/qaze.me\/tr\/"},{"@type":"ListItem","position":2,"name":"Kanat Kutluk"}]},{"@type":"WebSite","@id":"https:\/\/qaze.me\/tr\/#website","url":"https:\/\/qaze.me\/tr\/","name":"Qaze Alliance Advisors","description":"","publisher":{"@id":"https:\/\/qaze.me\/tr\/#organization"},"potentialAction":[{"@type":"SearchAction","target":{"@type":"EntryPoint","urlTemplate":"https:\/\/qaze.me\/tr\/?s={search_term_string}"},"query-input":{"@type":"PropertyValueSpecification","valueRequired":true,"valueName":"search_term_string"}}],"inLanguage":"tr"},{"@type":"Organization","@id":"https:\/\/qaze.me\/tr\/#organization","name":"Qaze","url":"https:\/\/qaze.me\/tr\/","logo":{"@type":"ImageObject","inLanguage":"tr","@id":"https:\/\/qaze.me\/tr\/#\/schema\/logo\/image\/","url":"https:\/\/qaze.me\/wp-content\/uploads\/2024\/11\/Qaze-logo.svg","contentUrl":"https:\/\/qaze.me\/wp-content\/uploads\/2024\/11\/Qaze-logo.svg","width":828,"height":503,"caption":"Qaze"},"image":{"@id":"https:\/\/qaze.me\/tr\/#\/schema\/logo\/image\/"}}]}},"_links":{"self":[{"href":"https:\/\/qaze.me\/tr\/wp-json\/wp\/v2\/pages\/988378","targetHints":{"allow":["GET"]}}],"collection":[{"href":"https:\/\/qaze.me\/tr\/wp-json\/wp\/v2\/pages"}],"about":[{"href":"https:\/\/qaze.me\/tr\/wp-json\/wp\/v2\/types\/page"}],"author":[{"embeddable":true,"href":"https:\/\/qaze.me\/tr\/wp-json\/wp\/v2\/users\/1"}],"replies":[{"embeddable":true,"href":"https:\/\/qaze.me\/tr\/wp-json\/wp\/v2\/comments?post=988378"}],"version-history":[{"count":4,"href":"https:\/\/qaze.me\/tr\/wp-json\/wp\/v2\/pages\/988378\/revisions"}],"predecessor-version":[{"id":988447,"href":"https:\/\/qaze.me\/tr\/wp-json\/wp\/v2\/pages\/988378\/revisions\/988447"}],"wp:attachment":[{"href":"https:\/\/qaze.me\/tr\/wp-json\/wp\/v2\/media?parent=988378"}],"curies":[{"name":"wp","href":"https:\/\/api.w.org\/{rel}","templated":true}]}}