{"id":988380,"date":"2024-11-06T13:01:09","date_gmt":"2024-11-06T13:01:09","guid":{"rendered":"https:\/\/qaze.me\/ozum-melek-dogan\/"},"modified":"2025-12-09T13:20:40","modified_gmt":"2025-12-09T13:20:40","slug":"ozum-melek-dogan","status":"publish","type":"page","link":"https:\/\/qaze.me\/tr\/ozum-melek-dogan\/","title":{"rendered":"\u00d6z\u00fcm Melek Do\u011fan"},"content":{"rendered":"<div class=\"vgblk-rw-wrapper limit-wrapper\">\r\n\r\n\t<p>\u00d6z\u00fcm Melek DO\u011eAN, \u0130stanbul \u00dcniversitesi Hukuk Fak\u00fcltesi mezunu olup, QAZE Alliance Advisors ekibine hukuk orta\u011f\u0131 olarak kat\u0131lm\u0131\u015ft\u0131r. Mesleki hukuk kariyerine sayg\u0131n bir hukuk b\u00fcrosunda ortak olarak ba\u015flam\u0131\u015f ve burada bir\u00e7ok hukuk alan\u0131nda uzmanl\u0131\u011f\u0131n\u0131 geli\u015ftirmi\u015ftir. \u00d6z\u00fcm, y\u0131llar i\u00e7inde enerji sekt\u00f6r\u00fcnde, \u00f6zellikle T\u00fcrkiye&#8217;nin \u00f6nde gelen kamu yetkili kurumsal gruplar\u0131ndan biri olan elektrik da\u011f\u0131t\u0131m\u0131 ve elektrik ticareti alan\u0131nda faaliyet g\u00f6steren bir grupta se\u00e7kin bir kariyer in\u015fa etti. Ba\u015flang\u0131\u00e7ta avukat olarak g\u00f6rev yapan \u00d6z\u00fcm, daha sonra hukuk dan\u0131\u015fman\u0131 olarak bu y\u00fcksek d\u00fczeyde d\u00fczenlemeye tabi sekt\u00f6rde karma\u015f\u0131k d\u00fczenleme ve uyum konular\u0131nda stratejik dan\u0131\u015fmanl\u0131k hizmetleri verdi.<\/p>\r\n<p>\u00d6z\u00fcm, enerji hukuku, ticaret hukuku, \u015firketler hukuku, i\u015f hukuku, icra ve iflas hukuku, s\u00f6zle\u015fme hukuku ve hem ulusal hem de uluslararas\u0131 tahkim gibi kilit alanlara odaklanarak her bir m\u00fcvekkiline kapsaml\u0131 hukuki destek sunmaktad\u0131r. Deneyimi, karma\u015f\u0131k uyu\u015fmazl\u0131klarda m\u00fcvekkillerini temsil etmek ve \u00e7ok y\u00f6nl\u00fc hukuki zorluklar\u0131 ele alan dava stratejilerini y\u00f6netmekle s\u0131n\u0131rl\u0131 de\u011fildir. Ayr\u0131ca, \u00d6z\u00fcm, veri gizlili\u011fi hukuku ve rekabet hukuku ile ilgili mevzuatta son derece bilgilidir ve bu alanlarda aktif olarak uyum giri\u015fimlerine \u00f6nc\u00fcl\u00fck etmi\u015ftir. Kurulu\u015flar\u0131 d\u00fczenleyici uyum s\u00fcre\u00e7lerinde y\u00f6nlendirerek, yasal \u00e7er\u00e7evelere uyulmas\u0131n\u0131 sa\u011flar ve kurumsal uyumu te\u015fvik eder.<\/p>\r\n<p>M\u00fc\u015fteri odakl\u0131 bir yakla\u015f\u0131mla ve 14 y\u0131l\u0131 a\u015fk\u0131n deneyimiyle \u00d6z\u00fcm, derinlemesine hukuki bilgisini pratik deneyimle birle\u015ftirerek, m\u00fc\u015fterilere hem \u00f6nleyici hukuki stratejilerde hem de hukuki uyu\u015fmazl\u0131klar\u0131n verimli bir \u015fekilde \u00e7\u00f6z\u00fclmesinde destek olur.<\/p>\r\n\r\n<\/div><!-- .vgblk-rw-wrapper -->","protected":false},"excerpt":{"rendered":"<p>\u00d6z\u00fcm Melek DO\u011eAN, \u0130stanbul \u00dcniversitesi Hukuk Fak\u00fcltesi mezunu olup, QAZE Alliance Advisors ekibine hukuk orta\u011f\u0131 olarak kat\u0131lm\u0131\u015ft\u0131r. Mesleki hukuk kariyerine sayg\u0131n bir hukuk b\u00fcrosunda ortak olarak ba\u015flam\u0131\u015f ve burada bir\u00e7ok hukuk alan\u0131nda uzmanl\u0131\u011f\u0131n\u0131 geli\u015ftirmi\u015ftir. \u00d6z\u00fcm, y\u0131llar i\u00e7inde enerji sekt\u00f6r\u00fcnde, \u00f6zellikle T\u00fcrkiye&#8217;nin \u00f6nde gelen kamu yetkili kurumsal gruplar\u0131ndan biri olan elektrik da\u011f\u0131t\u0131m\u0131 ve elektrik ticareti alan\u0131nda&#8230;<\/p>\n","protected":false},"author":1,"featured_media":0,"parent":0,"menu_order":0,"comment_status":"closed","ping_status":"closed","template":"","meta":{"footnotes":""},"class_list":["post-988380","page","type-page","status-publish","hentry"],"yoast_head":"<!-- This site is optimized with the Yoast SEO plugin v27.3 - https:\/\/yoast.com\/product\/yoast-seo-wordpress\/ -->\n<title>\u00d6z\u00fcm Melek Do\u011fan - Qaze Alliance Advisors<\/title>\n<meta name=\"robots\" content=\"noindex, follow, max-snippet:-1, max-image-preview:large, max-video-preview:-1\" \/>\n<meta property=\"og:locale\" content=\"tr_TR\" \/>\n<meta property=\"og:type\" content=\"article\" \/>\n<meta property=\"og:title\" content=\"\u00d6z\u00fcm Melek Do\u011fan - Qaze Alliance Advisors\" \/>\n<meta property=\"og:description\" content=\"\u00d6z\u00fcm Melek DO\u011eAN, \u0130stanbul \u00dcniversitesi Hukuk Fak\u00fcltesi mezunu olup, QAZE Alliance Advisors ekibine hukuk orta\u011f\u0131 olarak kat\u0131lm\u0131\u015ft\u0131r. Mesleki hukuk kariyerine sayg\u0131n bir hukuk b\u00fcrosunda ortak olarak ba\u015flam\u0131\u015f ve burada bir\u00e7ok hukuk alan\u0131nda uzmanl\u0131\u011f\u0131n\u0131 geli\u015ftirmi\u015ftir. \u00d6z\u00fcm, y\u0131llar i\u00e7inde enerji sekt\u00f6r\u00fcnde, \u00f6zellikle T\u00fcrkiye&#8217;nin \u00f6nde gelen kamu yetkili kurumsal gruplar\u0131ndan biri olan elektrik da\u011f\u0131t\u0131m\u0131 ve elektrik ticareti alan\u0131nda...\" \/>\n<meta property=\"og:url\" content=\"https:\/\/qaze.me\/tr\/ozum-melek-dogan\/\" \/>\n<meta property=\"og:site_name\" content=\"Qaze Alliance Advisors\" \/>\n<meta property=\"article:modified_time\" content=\"2025-12-09T13:20:40+00:00\" \/>\n<meta name=\"twitter:card\" content=\"summary_large_image\" \/>\n<meta name=\"twitter:label1\" content=\"Tahmini okuma s\u00fcresi\" \/>\n\t<meta name=\"twitter:data1\" content=\"1 dakika\" \/>\n<script type=\"application\/ld+json\" class=\"yoast-schema-graph\">{\"@context\":\"https:\\\/\\\/schema.org\",\"@graph\":[{\"@type\":\"WebPage\",\"@id\":\"https:\\\/\\\/qaze.me\\\/tr\\\/ozum-melek-dogan\\\/\",\"url\":\"https:\\\/\\\/qaze.me\\\/tr\\\/ozum-melek-dogan\\\/\",\"name\":\"\u00d6z\u00fcm Melek Do\u011fan - Qaze Alliance Advisors\",\"isPartOf\":{\"@id\":\"https:\\\/\\\/qaze.me\\\/tr\\\/#website\"},\"datePublished\":\"2024-11-06T13:01:09+00:00\",\"dateModified\":\"2025-12-09T13:20:40+00:00\",\"breadcrumb\":{\"@id\":\"https:\\\/\\\/qaze.me\\\/tr\\\/ozum-melek-dogan\\\/#breadcrumb\"},\"inLanguage\":\"tr\",\"potentialAction\":[{\"@type\":\"ReadAction\",\"target\":[\"https:\\\/\\\/qaze.me\\\/tr\\\/ozum-melek-dogan\\\/\"]}]},{\"@type\":\"BreadcrumbList\",\"@id\":\"https:\\\/\\\/qaze.me\\\/tr\\\/ozum-melek-dogan\\\/#breadcrumb\",\"itemListElement\":[{\"@type\":\"ListItem\",\"position\":1,\"name\":\"Home\",\"item\":\"https:\\\/\\\/qaze.me\\\/tr\\\/\"},{\"@type\":\"ListItem\",\"position\":2,\"name\":\"\u00d6z\u00fcm Melek Do\u011fan\"}]},{\"@type\":\"WebSite\",\"@id\":\"https:\\\/\\\/qaze.me\\\/tr\\\/#website\",\"url\":\"https:\\\/\\\/qaze.me\\\/tr\\\/\",\"name\":\"Qaze Alliance Advisors\",\"description\":\"\",\"publisher\":{\"@id\":\"https:\\\/\\\/qaze.me\\\/tr\\\/#organization\"},\"potentialAction\":[{\"@type\":\"SearchAction\",\"target\":{\"@type\":\"EntryPoint\",\"urlTemplate\":\"https:\\\/\\\/qaze.me\\\/tr\\\/?s={search_term_string}\"},\"query-input\":{\"@type\":\"PropertyValueSpecification\",\"valueRequired\":true,\"valueName\":\"search_term_string\"}}],\"inLanguage\":\"tr\"},{\"@type\":\"Organization\",\"@id\":\"https:\\\/\\\/qaze.me\\\/tr\\\/#organization\",\"name\":\"Qaze\",\"url\":\"https:\\\/\\\/qaze.me\\\/tr\\\/\",\"logo\":{\"@type\":\"ImageObject\",\"inLanguage\":\"tr\",\"@id\":\"https:\\\/\\\/qaze.me\\\/tr\\\/#\\\/schema\\\/logo\\\/image\\\/\",\"url\":\"https:\\\/\\\/qaze.me\\\/wp-content\\\/uploads\\\/2024\\\/11\\\/Qaze-logo.svg\",\"contentUrl\":\"https:\\\/\\\/qaze.me\\\/wp-content\\\/uploads\\\/2024\\\/11\\\/Qaze-logo.svg\",\"width\":828,\"height\":503,\"caption\":\"Qaze\"},\"image\":{\"@id\":\"https:\\\/\\\/qaze.me\\\/tr\\\/#\\\/schema\\\/logo\\\/image\\\/\"}}]}<\/script>\n<!-- \/ Yoast SEO plugin. -->","yoast_head_json":{"title":"\u00d6z\u00fcm Melek Do\u011fan - Qaze Alliance Advisors","robots":{"index":"noindex","follow":"follow","max-snippet":"max-snippet:-1","max-image-preview":"max-image-preview:large","max-video-preview":"max-video-preview:-1"},"og_locale":"tr_TR","og_type":"article","og_title":"\u00d6z\u00fcm Melek Do\u011fan - Qaze Alliance Advisors","og_description":"\u00d6z\u00fcm Melek DO\u011eAN, \u0130stanbul \u00dcniversitesi Hukuk Fak\u00fcltesi mezunu olup, QAZE Alliance Advisors ekibine hukuk orta\u011f\u0131 olarak kat\u0131lm\u0131\u015ft\u0131r. Mesleki hukuk kariyerine sayg\u0131n bir hukuk b\u00fcrosunda ortak olarak ba\u015flam\u0131\u015f ve burada bir\u00e7ok hukuk alan\u0131nda uzmanl\u0131\u011f\u0131n\u0131 geli\u015ftirmi\u015ftir. \u00d6z\u00fcm, y\u0131llar i\u00e7inde enerji sekt\u00f6r\u00fcnde, \u00f6zellikle T\u00fcrkiye&#8217;nin \u00f6nde gelen kamu yetkili kurumsal gruplar\u0131ndan biri olan elektrik da\u011f\u0131t\u0131m\u0131 ve elektrik ticareti alan\u0131nda...","og_url":"https:\/\/qaze.me\/tr\/ozum-melek-dogan\/","og_site_name":"Qaze Alliance Advisors","article_modified_time":"2025-12-09T13:20:40+00:00","twitter_card":"summary_large_image","twitter_misc":{"Tahmini okuma s\u00fcresi":"1 dakika"},"schema":{"@context":"https:\/\/schema.org","@graph":[{"@type":"WebPage","@id":"https:\/\/qaze.me\/tr\/ozum-melek-dogan\/","url":"https:\/\/qaze.me\/tr\/ozum-melek-dogan\/","name":"\u00d6z\u00fcm Melek Do\u011fan - Qaze Alliance Advisors","isPartOf":{"@id":"https:\/\/qaze.me\/tr\/#website"},"datePublished":"2024-11-06T13:01:09+00:00","dateModified":"2025-12-09T13:20:40+00:00","breadcrumb":{"@id":"https:\/\/qaze.me\/tr\/ozum-melek-dogan\/#breadcrumb"},"inLanguage":"tr","potentialAction":[{"@type":"ReadAction","target":["https:\/\/qaze.me\/tr\/ozum-melek-dogan\/"]}]},{"@type":"BreadcrumbList","@id":"https:\/\/qaze.me\/tr\/ozum-melek-dogan\/#breadcrumb","itemListElement":[{"@type":"ListItem","position":1,"name":"Home","item":"https:\/\/qaze.me\/tr\/"},{"@type":"ListItem","position":2,"name":"\u00d6z\u00fcm Melek Do\u011fan"}]},{"@type":"WebSite","@id":"https:\/\/qaze.me\/tr\/#website","url":"https:\/\/qaze.me\/tr\/","name":"Qaze Alliance Advisors","description":"","publisher":{"@id":"https:\/\/qaze.me\/tr\/#organization"},"potentialAction":[{"@type":"SearchAction","target":{"@type":"EntryPoint","urlTemplate":"https:\/\/qaze.me\/tr\/?s={search_term_string}"},"query-input":{"@type":"PropertyValueSpecification","valueRequired":true,"valueName":"search_term_string"}}],"inLanguage":"tr"},{"@type":"Organization","@id":"https:\/\/qaze.me\/tr\/#organization","name":"Qaze","url":"https:\/\/qaze.me\/tr\/","logo":{"@type":"ImageObject","inLanguage":"tr","@id":"https:\/\/qaze.me\/tr\/#\/schema\/logo\/image\/","url":"https:\/\/qaze.me\/wp-content\/uploads\/2024\/11\/Qaze-logo.svg","contentUrl":"https:\/\/qaze.me\/wp-content\/uploads\/2024\/11\/Qaze-logo.svg","width":828,"height":503,"caption":"Qaze"},"image":{"@id":"https:\/\/qaze.me\/tr\/#\/schema\/logo\/image\/"}}]}},"_links":{"self":[{"href":"https:\/\/qaze.me\/tr\/wp-json\/wp\/v2\/pages\/988380","targetHints":{"allow":["GET"]}}],"collection":[{"href":"https:\/\/qaze.me\/tr\/wp-json\/wp\/v2\/pages"}],"about":[{"href":"https:\/\/qaze.me\/tr\/wp-json\/wp\/v2\/types\/page"}],"author":[{"embeddable":true,"href":"https:\/\/qaze.me\/tr\/wp-json\/wp\/v2\/users\/1"}],"replies":[{"embeddable":true,"href":"https:\/\/qaze.me\/tr\/wp-json\/wp\/v2\/comments?post=988380"}],"version-history":[{"count":3,"href":"https:\/\/qaze.me\/tr\/wp-json\/wp\/v2\/pages\/988380\/revisions"}],"predecessor-version":[{"id":988453,"href":"https:\/\/qaze.me\/tr\/wp-json\/wp\/v2\/pages\/988380\/revisions\/988453"}],"wp:attachment":[{"href":"https:\/\/qaze.me\/tr\/wp-json\/wp\/v2\/media?parent=988380"}],"curies":[{"name":"wp","href":"https:\/\/api.w.org\/{rel}","templated":true}]}}