{"id":988382,"date":"2017-08-12T20:46:30","date_gmt":"2017-08-12T20:46:30","guid":{"rendered":"https:\/\/qaze.me\/sezin-aktepe-artik\/"},"modified":"2025-12-09T13:14:47","modified_gmt":"2025-12-09T13:14:47","slug":"sezin-aktepe-artik","status":"publish","type":"page","link":"https:\/\/qaze.me\/tr\/sezin-aktepe-artik\/","title":{"rendered":"Sezin Aktepe Art\u0131k"},"content":{"rendered":"<div class=\"vgblk-rw-wrapper limit-wrapper\">\n\n\t<p>Do\u00e7. Dr. Sezin Aktepe Art\u0131k, medeni usul hukuku, yeniden yap\u0131land\u0131rma ve iflas hukuku ile tahkim alanlar\u0131nda 20 y\u0131ll\u0131k deneyime sahip olup, QAZE Alliance Advisors&#8217;\u0131n kurucu orta\u011f\u0131d\u0131r. Bir\u00e7ok yarg\u0131 b\u00f6lgesinde \u00f6nde gelen \u00fcniversitelere ve kurulu\u015flara uzman hukuki dan\u0131\u015fmanl\u0131k ve akademik bilgiler sunmaktad\u0131r. \u00c7al\u0131\u015fmalar\u0131, \u00e7e\u015fitli sekt\u00f6rlerdeki uyu\u015fmazl\u0131k \u00e7\u00f6z\u00fcm\u00fc, risk y\u00f6netimi ve y\u00fcksek de\u011ferli tahkim davalar\u0131na odaklanmaktad\u0131r.<\/p>\n<p>Sezin, Galatasaray \u00dcniversitesi&#8217;nden \u00d6zel Hukuk alan\u0131nda doktora derecesine sahiptir ve Chartered Institute of Arbitrators (FCIArb) sertifikal\u0131 bir \u00fcyedir, bu da tahkim alan\u0131ndaki yetkinli\u011fini g\u00f6stermektedir. Medeni Usul Hukuku ve \u0130cra ve \u0130flas Hukuku Do\u00e7enti olarak, akademik titizli\u011fini pratik deneyimiyle birle\u015ftirerek tahkimde hukuki standartlar\u0131n geli\u015ftirilmesine katk\u0131da bulunmaktad\u0131r.<\/p>\n<p>Liderlik rollerinin yan\u0131 s\u0131ra, Sezin daha \u00f6nce Dubai&#8217;deki en b\u00fcy\u00fck uluslararas\u0131 dan\u0131\u015fmanl\u0131k \u015firketlerinden birinde k\u0131demli dan\u0131\u015fman olarak \u00e7al\u0131\u015fm\u0131\u015ft\u0131r. Bu \u015firket, MENA b\u00f6lgesindeki in\u015faat \u015firketleri aras\u0131nda \u00e7ok tan\u0131nm\u0131\u015f bir dan\u0131\u015fmanl\u0131k \u015firketidir.<\/p>\n<p>Sezin, \u0130stanbul Ticaret \u00dcniversitesi, Alt\u0131nba\u015f \u00dcniversitesi ve Ozye\u011fin \u00dcniversitesi hukuk fak\u00fcltelerinde \u00f6\u011fretim \u00fcyesi olarak medeni usul hukuku, iflas ve icra hukuku, ticari arabuluculuk ve tahkim dersleri vermi\u015ftir.<\/p>\n<p>Sezin, tahkim alan\u0131nda i\u015fbirli\u011fi ve m\u00fckemmelli\u011fi te\u015fvik etmeye b\u00fcy\u00fck \u00f6nem vermektedir ve akademik ve mesleki \u00e7abalar\u0131yla bu mesle\u011fin geli\u015fimine s\u00fcrekli olarak katk\u0131da bulunmaktad\u0131r.<\/p>\n\n<\/div><!-- .vgblk-rw-wrapper -->","protected":false},"excerpt":{"rendered":"<p>Do\u00e7. Dr. Sezin Aktepe Art\u0131k, medeni usul hukuku, yeniden yap\u0131land\u0131rma ve iflas hukuku ile tahkim alanlar\u0131nda 20 y\u0131ll\u0131k deneyime sahip olup, QAZE Alliance Advisors&#8217;\u0131n kurucu orta\u011f\u0131d\u0131r. Bir\u00e7ok yarg\u0131 b\u00f6lgesinde \u00f6nde gelen \u00fcniversitelere ve kurulu\u015flara uzman hukuki dan\u0131\u015fmanl\u0131k ve akademik bilgiler sunmaktad\u0131r. \u00c7al\u0131\u015fmalar\u0131, \u00e7e\u015fitli sekt\u00f6rlerdeki uyu\u015fmazl\u0131k \u00e7\u00f6z\u00fcm\u00fc, risk y\u00f6netimi ve y\u00fcksek de\u011ferli tahkim davalar\u0131na odaklanmaktad\u0131r. Sezin,&#8230;<\/p>\n","protected":false},"author":1,"featured_media":0,"parent":0,"menu_order":0,"comment_status":"closed","ping_status":"closed","template":"","meta":{"footnotes":""},"class_list":["post-988382","page","type-page","status-publish","hentry"],"yoast_head":"<!-- This site is optimized with the Yoast SEO plugin v27.3 - https:\/\/yoast.com\/product\/yoast-seo-wordpress\/ -->\n<title>Sezin Aktepe Art\u0131k - Qaze Alliance Advisors<\/title>\n<meta name=\"robots\" content=\"noindex, follow, max-snippet:-1, max-image-preview:large, max-video-preview:-1\" \/>\n<meta property=\"og:locale\" content=\"tr_TR\" \/>\n<meta property=\"og:type\" content=\"article\" \/>\n<meta property=\"og:title\" content=\"Sezin Aktepe Art\u0131k - Qaze Alliance Advisors\" \/>\n<meta property=\"og:description\" content=\"Do\u00e7. Dr. Sezin Aktepe Art\u0131k, medeni usul hukuku, yeniden yap\u0131land\u0131rma ve iflas hukuku ile tahkim alanlar\u0131nda 20 y\u0131ll\u0131k deneyime sahip olup, QAZE Alliance Advisors&#8217;\u0131n kurucu orta\u011f\u0131d\u0131r. Bir\u00e7ok yarg\u0131 b\u00f6lgesinde \u00f6nde gelen \u00fcniversitelere ve kurulu\u015flara uzman hukuki dan\u0131\u015fmanl\u0131k ve akademik bilgiler sunmaktad\u0131r. \u00c7al\u0131\u015fmalar\u0131, \u00e7e\u015fitli sekt\u00f6rlerdeki uyu\u015fmazl\u0131k \u00e7\u00f6z\u00fcm\u00fc, risk y\u00f6netimi ve y\u00fcksek de\u011ferli tahkim davalar\u0131na odaklanmaktad\u0131r. Sezin,...\" \/>\n<meta property=\"og:url\" content=\"https:\/\/qaze.me\/tr\/sezin-aktepe-artik\/\" \/>\n<meta property=\"og:site_name\" content=\"Qaze Alliance Advisors\" \/>\n<meta property=\"article:modified_time\" content=\"2025-12-09T13:14:47+00:00\" \/>\n<meta name=\"twitter:card\" content=\"summary_large_image\" \/>\n<meta name=\"twitter:label1\" content=\"Tahmini okuma s\u00fcresi\" \/>\n\t<meta name=\"twitter:data1\" content=\"1 dakika\" \/>\n<script type=\"application\/ld+json\" class=\"yoast-schema-graph\">{\"@context\":\"https:\\\/\\\/schema.org\",\"@graph\":[{\"@type\":\"WebPage\",\"@id\":\"https:\\\/\\\/qaze.me\\\/tr\\\/sezin-aktepe-artik\\\/\",\"url\":\"https:\\\/\\\/qaze.me\\\/tr\\\/sezin-aktepe-artik\\\/\",\"name\":\"Sezin Aktepe Art\u0131k - Qaze Alliance Advisors\",\"isPartOf\":{\"@id\":\"https:\\\/\\\/qaze.me\\\/tr\\\/#website\"},\"datePublished\":\"2017-08-12T20:46:30+00:00\",\"dateModified\":\"2025-12-09T13:14:47+00:00\",\"breadcrumb\":{\"@id\":\"https:\\\/\\\/qaze.me\\\/tr\\\/sezin-aktepe-artik\\\/#breadcrumb\"},\"inLanguage\":\"tr\",\"potentialAction\":[{\"@type\":\"ReadAction\",\"target\":[\"https:\\\/\\\/qaze.me\\\/tr\\\/sezin-aktepe-artik\\\/\"]}]},{\"@type\":\"BreadcrumbList\",\"@id\":\"https:\\\/\\\/qaze.me\\\/tr\\\/sezin-aktepe-artik\\\/#breadcrumb\",\"itemListElement\":[{\"@type\":\"ListItem\",\"position\":1,\"name\":\"Home\",\"item\":\"https:\\\/\\\/qaze.me\\\/tr\\\/\"},{\"@type\":\"ListItem\",\"position\":2,\"name\":\"Sezin Aktepe Art\u0131k\"}]},{\"@type\":\"WebSite\",\"@id\":\"https:\\\/\\\/qaze.me\\\/tr\\\/#website\",\"url\":\"https:\\\/\\\/qaze.me\\\/tr\\\/\",\"name\":\"Qaze Alliance Advisors\",\"description\":\"\",\"publisher\":{\"@id\":\"https:\\\/\\\/qaze.me\\\/tr\\\/#organization\"},\"potentialAction\":[{\"@type\":\"SearchAction\",\"target\":{\"@type\":\"EntryPoint\",\"urlTemplate\":\"https:\\\/\\\/qaze.me\\\/tr\\\/?s={search_term_string}\"},\"query-input\":{\"@type\":\"PropertyValueSpecification\",\"valueRequired\":true,\"valueName\":\"search_term_string\"}}],\"inLanguage\":\"tr\"},{\"@type\":\"Organization\",\"@id\":\"https:\\\/\\\/qaze.me\\\/tr\\\/#organization\",\"name\":\"Qaze\",\"url\":\"https:\\\/\\\/qaze.me\\\/tr\\\/\",\"logo\":{\"@type\":\"ImageObject\",\"inLanguage\":\"tr\",\"@id\":\"https:\\\/\\\/qaze.me\\\/tr\\\/#\\\/schema\\\/logo\\\/image\\\/\",\"url\":\"https:\\\/\\\/qaze.me\\\/wp-content\\\/uploads\\\/2024\\\/11\\\/Qaze-logo.svg\",\"contentUrl\":\"https:\\\/\\\/qaze.me\\\/wp-content\\\/uploads\\\/2024\\\/11\\\/Qaze-logo.svg\",\"width\":828,\"height\":503,\"caption\":\"Qaze\"},\"image\":{\"@id\":\"https:\\\/\\\/qaze.me\\\/tr\\\/#\\\/schema\\\/logo\\\/image\\\/\"}}]}<\/script>\n<!-- \/ Yoast SEO plugin. -->","yoast_head_json":{"title":"Sezin Aktepe Art\u0131k - Qaze Alliance Advisors","robots":{"index":"noindex","follow":"follow","max-snippet":"max-snippet:-1","max-image-preview":"max-image-preview:large","max-video-preview":"max-video-preview:-1"},"og_locale":"tr_TR","og_type":"article","og_title":"Sezin Aktepe Art\u0131k - Qaze Alliance Advisors","og_description":"Do\u00e7. Dr. Sezin Aktepe Art\u0131k, medeni usul hukuku, yeniden yap\u0131land\u0131rma ve iflas hukuku ile tahkim alanlar\u0131nda 20 y\u0131ll\u0131k deneyime sahip olup, QAZE Alliance Advisors&#8217;\u0131n kurucu orta\u011f\u0131d\u0131r. Bir\u00e7ok yarg\u0131 b\u00f6lgesinde \u00f6nde gelen \u00fcniversitelere ve kurulu\u015flara uzman hukuki dan\u0131\u015fmanl\u0131k ve akademik bilgiler sunmaktad\u0131r. \u00c7al\u0131\u015fmalar\u0131, \u00e7e\u015fitli sekt\u00f6rlerdeki uyu\u015fmazl\u0131k \u00e7\u00f6z\u00fcm\u00fc, risk y\u00f6netimi ve y\u00fcksek de\u011ferli tahkim davalar\u0131na odaklanmaktad\u0131r. Sezin,...","og_url":"https:\/\/qaze.me\/tr\/sezin-aktepe-artik\/","og_site_name":"Qaze Alliance Advisors","article_modified_time":"2025-12-09T13:14:47+00:00","twitter_card":"summary_large_image","twitter_misc":{"Tahmini okuma s\u00fcresi":"1 dakika"},"schema":{"@context":"https:\/\/schema.org","@graph":[{"@type":"WebPage","@id":"https:\/\/qaze.me\/tr\/sezin-aktepe-artik\/","url":"https:\/\/qaze.me\/tr\/sezin-aktepe-artik\/","name":"Sezin Aktepe Art\u0131k - Qaze Alliance Advisors","isPartOf":{"@id":"https:\/\/qaze.me\/tr\/#website"},"datePublished":"2017-08-12T20:46:30+00:00","dateModified":"2025-12-09T13:14:47+00:00","breadcrumb":{"@id":"https:\/\/qaze.me\/tr\/sezin-aktepe-artik\/#breadcrumb"},"inLanguage":"tr","potentialAction":[{"@type":"ReadAction","target":["https:\/\/qaze.me\/tr\/sezin-aktepe-artik\/"]}]},{"@type":"BreadcrumbList","@id":"https:\/\/qaze.me\/tr\/sezin-aktepe-artik\/#breadcrumb","itemListElement":[{"@type":"ListItem","position":1,"name":"Home","item":"https:\/\/qaze.me\/tr\/"},{"@type":"ListItem","position":2,"name":"Sezin Aktepe Art\u0131k"}]},{"@type":"WebSite","@id":"https:\/\/qaze.me\/tr\/#website","url":"https:\/\/qaze.me\/tr\/","name":"Qaze Alliance Advisors","description":"","publisher":{"@id":"https:\/\/qaze.me\/tr\/#organization"},"potentialAction":[{"@type":"SearchAction","target":{"@type":"EntryPoint","urlTemplate":"https:\/\/qaze.me\/tr\/?s={search_term_string}"},"query-input":{"@type":"PropertyValueSpecification","valueRequired":true,"valueName":"search_term_string"}}],"inLanguage":"tr"},{"@type":"Organization","@id":"https:\/\/qaze.me\/tr\/#organization","name":"Qaze","url":"https:\/\/qaze.me\/tr\/","logo":{"@type":"ImageObject","inLanguage":"tr","@id":"https:\/\/qaze.me\/tr\/#\/schema\/logo\/image\/","url":"https:\/\/qaze.me\/wp-content\/uploads\/2024\/11\/Qaze-logo.svg","contentUrl":"https:\/\/qaze.me\/wp-content\/uploads\/2024\/11\/Qaze-logo.svg","width":828,"height":503,"caption":"Qaze"},"image":{"@id":"https:\/\/qaze.me\/tr\/#\/schema\/logo\/image\/"}}]}},"_links":{"self":[{"href":"https:\/\/qaze.me\/tr\/wp-json\/wp\/v2\/pages\/988382","targetHints":{"allow":["GET"]}}],"collection":[{"href":"https:\/\/qaze.me\/tr\/wp-json\/wp\/v2\/pages"}],"about":[{"href":"https:\/\/qaze.me\/tr\/wp-json\/wp\/v2\/types\/page"}],"author":[{"embeddable":true,"href":"https:\/\/qaze.me\/tr\/wp-json\/wp\/v2\/users\/1"}],"replies":[{"embeddable":true,"href":"https:\/\/qaze.me\/tr\/wp-json\/wp\/v2\/comments?post=988382"}],"version-history":[{"count":3,"href":"https:\/\/qaze.me\/tr\/wp-json\/wp\/v2\/pages\/988382\/revisions"}],"predecessor-version":[{"id":988448,"href":"https:\/\/qaze.me\/tr\/wp-json\/wp\/v2\/pages\/988382\/revisions\/988448"}],"wp:attachment":[{"href":"https:\/\/qaze.me\/tr\/wp-json\/wp\/v2\/media?parent=988382"}],"curies":[{"name":"wp","href":"https:\/\/api.w.org\/{rel}","templated":true}]}}