{"id":988384,"date":"2024-11-06T12:45:01","date_gmt":"2024-11-06T12:45:01","guid":{"rendered":"https:\/\/qaze.me\/umut-burcu-acimis-ulusahin\/"},"modified":"2025-12-09T13:17:25","modified_gmt":"2025-12-09T13:17:25","slug":"umut-burcu-acimis-ulusahin","status":"publish","type":"page","link":"https:\/\/qaze.me\/tr\/umut-burcu-acimis-ulusahin\/","title":{"rendered":"Umut Burcu Ac\u0131m\u0131\u015f Ulu\u015fahin"},"content":{"rendered":"<div class=\"vgblk-rw-wrapper limit-wrapper\">\r\n\r\n\t<p>Umut Burcu Ac\u0131m\u0131\u015f Ulu\u015fahin, 2004 y\u0131l\u0131nda \u0130stanbul \u00dcniversitesi Hukuk Fak\u00fcltesi&#8217;nden mezun olan ba\u015far\u0131l\u0131 bir hukuk\u00e7udur. Bah\u00e7e\u015fehir \u00dcniversitesi&#8217;nde burslu olarak Avrupa Birli\u011fi Hukuku alan\u0131nda y\u00fcksek lisans\u0131n\u0131 tamamlayarak uzmanl\u0131\u011f\u0131n\u0131 daha da geli\u015ftirmi\u015ftir.<\/p>\r\n<p>Kariyeri boyunca, Burcu, sayg\u0131n hukuk b\u00fcrolar\u0131nda ve \u0130stanbul&#8217;un \u00f6nde gelen bir bankas\u0131n\u0131n Hukuk Dan\u0131\u015fmanl\u0131\u011f\u0131 Departman\u0131nda \u00e7al\u0131\u015farak, dava ve hukuk dan\u0131\u015fmanl\u0131\u011f\u0131 alanlar\u0131nda kapsaml\u0131 bir uzmanl\u0131k kazanm\u0131\u015ft\u0131r. 2018 y\u0131l\u0131nda \u0130stanbul&#8217;da BGO Legal Hukuk B\u00fcrosu&#8217;nu kuran Burcu, burada Bankac\u0131l\u0131k Hukuku, \u0130cra ve \u0130flas Hukuku, \u0130\u015f Hukuku, Ticaret Hukuku, \u015eirketler Hukuku, T\u00fcketici Hukuku, S\u00f6zle\u015fme Hukuku, Miras Hukuku ve Aile Hukuku alanlar\u0131nda uzmanla\u015fm\u0131\u015f hukuki hizmetler sunmaya devam etmektedir. 2024 y\u0131l\u0131nda Burcu, Qaze&#8217;ye se\u00e7kin hukuk orta\u011f\u0131 olarak kat\u0131lm\u0131\u015ft\u0131r.<\/p>\r\n<p>Stratejik ve m\u00fc\u015fteri odakl\u0131 yakla\u015f\u0131m\u0131yla \u00f6ne \u00e7\u0131kan Burcu, m\u00fc\u015fterilerinin ihtiya\u00e7lar\u0131na uygun etkili hukuki \u00e7\u00f6z\u00fcmler sunmaktad\u0131r. 2005 y\u0131l\u0131ndan bu yana \u0130stanbul Barosu&#8217;na kay\u0131tl\u0131 olan Burcu, 2023 y\u0131l\u0131nda T\u00fcrkiye Arabuluculuk Sicili&#8217;nde \u0130\u015f Hukuku ve Ticaret Hukuku alanlar\u0131nda uzmanla\u015fm\u0131\u015f sertifikal\u0131 arabulucu olarak mesleki niteliklerini daha da geni\u015fletmi\u015ftir.<\/p>\r\n\r\n<\/div><!-- .vgblk-rw-wrapper -->","protected":false},"excerpt":{"rendered":"<p>Umut Burcu Ac\u0131m\u0131\u015f Ulu\u015fahin, 2004 y\u0131l\u0131nda \u0130stanbul \u00dcniversitesi Hukuk Fak\u00fcltesi&#8217;nden mezun olan ba\u015far\u0131l\u0131 bir hukuk\u00e7udur. Bah\u00e7e\u015fehir \u00dcniversitesi&#8217;nde burslu olarak Avrupa Birli\u011fi Hukuku alan\u0131nda y\u00fcksek lisans\u0131n\u0131 tamamlayarak uzmanl\u0131\u011f\u0131n\u0131 daha da geli\u015ftirmi\u015ftir. Kariyeri boyunca, Burcu, sayg\u0131n hukuk b\u00fcrolar\u0131nda ve \u0130stanbul&#8217;un \u00f6nde gelen bir bankas\u0131n\u0131n Hukuk Dan\u0131\u015fmanl\u0131\u011f\u0131 Departman\u0131nda \u00e7al\u0131\u015farak, dava ve hukuk dan\u0131\u015fmanl\u0131\u011f\u0131 alanlar\u0131nda kapsaml\u0131 bir uzmanl\u0131k kazanm\u0131\u015ft\u0131r&#8230;.<\/p>\n","protected":false},"author":1,"featured_media":0,"parent":0,"menu_order":0,"comment_status":"closed","ping_status":"closed","template":"","meta":{"footnotes":""},"class_list":["post-988384","page","type-page","status-publish","hentry"],"yoast_head":"<!-- This site is optimized with the Yoast SEO plugin v27.3 - https:\/\/yoast.com\/product\/yoast-seo-wordpress\/ -->\n<title>Umut Burcu Ac\u0131m\u0131\u015f Ulu\u015fahin - Qaze Alliance Advisors<\/title>\n<meta name=\"robots\" content=\"noindex, follow, max-snippet:-1, max-image-preview:large, max-video-preview:-1\" \/>\n<meta property=\"og:locale\" content=\"tr_TR\" \/>\n<meta property=\"og:type\" content=\"article\" \/>\n<meta property=\"og:title\" content=\"Umut Burcu Ac\u0131m\u0131\u015f Ulu\u015fahin - Qaze Alliance Advisors\" \/>\n<meta property=\"og:description\" content=\"Umut Burcu Ac\u0131m\u0131\u015f Ulu\u015fahin, 2004 y\u0131l\u0131nda \u0130stanbul \u00dcniversitesi Hukuk Fak\u00fcltesi&#8217;nden mezun olan ba\u015far\u0131l\u0131 bir hukuk\u00e7udur. Bah\u00e7e\u015fehir \u00dcniversitesi&#8217;nde burslu olarak Avrupa Birli\u011fi Hukuku alan\u0131nda y\u00fcksek lisans\u0131n\u0131 tamamlayarak uzmanl\u0131\u011f\u0131n\u0131 daha da geli\u015ftirmi\u015ftir. Kariyeri boyunca, Burcu, sayg\u0131n hukuk b\u00fcrolar\u0131nda ve \u0130stanbul&#8217;un \u00f6nde gelen bir bankas\u0131n\u0131n Hukuk Dan\u0131\u015fmanl\u0131\u011f\u0131 Departman\u0131nda \u00e7al\u0131\u015farak, dava ve hukuk dan\u0131\u015fmanl\u0131\u011f\u0131 alanlar\u0131nda kapsaml\u0131 bir uzmanl\u0131k kazanm\u0131\u015ft\u0131r....\" \/>\n<meta property=\"og:url\" content=\"https:\/\/qaze.me\/tr\/umut-burcu-acimis-ulusahin\/\" \/>\n<meta property=\"og:site_name\" content=\"Qaze Alliance Advisors\" \/>\n<meta property=\"article:modified_time\" content=\"2025-12-09T13:17:25+00:00\" \/>\n<meta name=\"twitter:card\" content=\"summary_large_image\" \/>\n<meta name=\"twitter:label1\" content=\"Tahmini okuma s\u00fcresi\" \/>\n\t<meta name=\"twitter:data1\" content=\"1 dakika\" \/>\n<script type=\"application\/ld+json\" class=\"yoast-schema-graph\">{\"@context\":\"https:\\\/\\\/schema.org\",\"@graph\":[{\"@type\":\"WebPage\",\"@id\":\"https:\\\/\\\/qaze.me\\\/tr\\\/umut-burcu-acimis-ulusahin\\\/\",\"url\":\"https:\\\/\\\/qaze.me\\\/tr\\\/umut-burcu-acimis-ulusahin\\\/\",\"name\":\"Umut Burcu Ac\u0131m\u0131\u015f Ulu\u015fahin - Qaze Alliance Advisors\",\"isPartOf\":{\"@id\":\"https:\\\/\\\/qaze.me\\\/tr\\\/#website\"},\"datePublished\":\"2024-11-06T12:45:01+00:00\",\"dateModified\":\"2025-12-09T13:17:25+00:00\",\"breadcrumb\":{\"@id\":\"https:\\\/\\\/qaze.me\\\/tr\\\/umut-burcu-acimis-ulusahin\\\/#breadcrumb\"},\"inLanguage\":\"tr\",\"potentialAction\":[{\"@type\":\"ReadAction\",\"target\":[\"https:\\\/\\\/qaze.me\\\/tr\\\/umut-burcu-acimis-ulusahin\\\/\"]}]},{\"@type\":\"BreadcrumbList\",\"@id\":\"https:\\\/\\\/qaze.me\\\/tr\\\/umut-burcu-acimis-ulusahin\\\/#breadcrumb\",\"itemListElement\":[{\"@type\":\"ListItem\",\"position\":1,\"name\":\"Home\",\"item\":\"https:\\\/\\\/qaze.me\\\/tr\\\/\"},{\"@type\":\"ListItem\",\"position\":2,\"name\":\"Umut Burcu Ac\u0131m\u0131\u015f Ulu\u015fahin\"}]},{\"@type\":\"WebSite\",\"@id\":\"https:\\\/\\\/qaze.me\\\/tr\\\/#website\",\"url\":\"https:\\\/\\\/qaze.me\\\/tr\\\/\",\"name\":\"Qaze Alliance Advisors\",\"description\":\"\",\"publisher\":{\"@id\":\"https:\\\/\\\/qaze.me\\\/tr\\\/#organization\"},\"potentialAction\":[{\"@type\":\"SearchAction\",\"target\":{\"@type\":\"EntryPoint\",\"urlTemplate\":\"https:\\\/\\\/qaze.me\\\/tr\\\/?s={search_term_string}\"},\"query-input\":{\"@type\":\"PropertyValueSpecification\",\"valueRequired\":true,\"valueName\":\"search_term_string\"}}],\"inLanguage\":\"tr\"},{\"@type\":\"Organization\",\"@id\":\"https:\\\/\\\/qaze.me\\\/tr\\\/#organization\",\"name\":\"Qaze\",\"url\":\"https:\\\/\\\/qaze.me\\\/tr\\\/\",\"logo\":{\"@type\":\"ImageObject\",\"inLanguage\":\"tr\",\"@id\":\"https:\\\/\\\/qaze.me\\\/tr\\\/#\\\/schema\\\/logo\\\/image\\\/\",\"url\":\"https:\\\/\\\/qaze.me\\\/wp-content\\\/uploads\\\/2024\\\/11\\\/Qaze-logo.svg\",\"contentUrl\":\"https:\\\/\\\/qaze.me\\\/wp-content\\\/uploads\\\/2024\\\/11\\\/Qaze-logo.svg\",\"width\":828,\"height\":503,\"caption\":\"Qaze\"},\"image\":{\"@id\":\"https:\\\/\\\/qaze.me\\\/tr\\\/#\\\/schema\\\/logo\\\/image\\\/\"}}]}<\/script>\n<!-- \/ Yoast SEO plugin. -->","yoast_head_json":{"title":"Umut Burcu Ac\u0131m\u0131\u015f Ulu\u015fahin - Qaze Alliance Advisors","robots":{"index":"noindex","follow":"follow","max-snippet":"max-snippet:-1","max-image-preview":"max-image-preview:large","max-video-preview":"max-video-preview:-1"},"og_locale":"tr_TR","og_type":"article","og_title":"Umut Burcu Ac\u0131m\u0131\u015f Ulu\u015fahin - Qaze Alliance Advisors","og_description":"Umut Burcu Ac\u0131m\u0131\u015f Ulu\u015fahin, 2004 y\u0131l\u0131nda \u0130stanbul \u00dcniversitesi Hukuk Fak\u00fcltesi&#8217;nden mezun olan ba\u015far\u0131l\u0131 bir hukuk\u00e7udur. Bah\u00e7e\u015fehir \u00dcniversitesi&#8217;nde burslu olarak Avrupa Birli\u011fi Hukuku alan\u0131nda y\u00fcksek lisans\u0131n\u0131 tamamlayarak uzmanl\u0131\u011f\u0131n\u0131 daha da geli\u015ftirmi\u015ftir. Kariyeri boyunca, Burcu, sayg\u0131n hukuk b\u00fcrolar\u0131nda ve \u0130stanbul&#8217;un \u00f6nde gelen bir bankas\u0131n\u0131n Hukuk Dan\u0131\u015fmanl\u0131\u011f\u0131 Departman\u0131nda \u00e7al\u0131\u015farak, dava ve hukuk dan\u0131\u015fmanl\u0131\u011f\u0131 alanlar\u0131nda kapsaml\u0131 bir uzmanl\u0131k kazanm\u0131\u015ft\u0131r....","og_url":"https:\/\/qaze.me\/tr\/umut-burcu-acimis-ulusahin\/","og_site_name":"Qaze Alliance Advisors","article_modified_time":"2025-12-09T13:17:25+00:00","twitter_card":"summary_large_image","twitter_misc":{"Tahmini okuma s\u00fcresi":"1 dakika"},"schema":{"@context":"https:\/\/schema.org","@graph":[{"@type":"WebPage","@id":"https:\/\/qaze.me\/tr\/umut-burcu-acimis-ulusahin\/","url":"https:\/\/qaze.me\/tr\/umut-burcu-acimis-ulusahin\/","name":"Umut Burcu Ac\u0131m\u0131\u015f Ulu\u015fahin - Qaze Alliance Advisors","isPartOf":{"@id":"https:\/\/qaze.me\/tr\/#website"},"datePublished":"2024-11-06T12:45:01+00:00","dateModified":"2025-12-09T13:17:25+00:00","breadcrumb":{"@id":"https:\/\/qaze.me\/tr\/umut-burcu-acimis-ulusahin\/#breadcrumb"},"inLanguage":"tr","potentialAction":[{"@type":"ReadAction","target":["https:\/\/qaze.me\/tr\/umut-burcu-acimis-ulusahin\/"]}]},{"@type":"BreadcrumbList","@id":"https:\/\/qaze.me\/tr\/umut-burcu-acimis-ulusahin\/#breadcrumb","itemListElement":[{"@type":"ListItem","position":1,"name":"Home","item":"https:\/\/qaze.me\/tr\/"},{"@type":"ListItem","position":2,"name":"Umut Burcu Ac\u0131m\u0131\u015f Ulu\u015fahin"}]},{"@type":"WebSite","@id":"https:\/\/qaze.me\/tr\/#website","url":"https:\/\/qaze.me\/tr\/","name":"Qaze Alliance Advisors","description":"","publisher":{"@id":"https:\/\/qaze.me\/tr\/#organization"},"potentialAction":[{"@type":"SearchAction","target":{"@type":"EntryPoint","urlTemplate":"https:\/\/qaze.me\/tr\/?s={search_term_string}"},"query-input":{"@type":"PropertyValueSpecification","valueRequired":true,"valueName":"search_term_string"}}],"inLanguage":"tr"},{"@type":"Organization","@id":"https:\/\/qaze.me\/tr\/#organization","name":"Qaze","url":"https:\/\/qaze.me\/tr\/","logo":{"@type":"ImageObject","inLanguage":"tr","@id":"https:\/\/qaze.me\/tr\/#\/schema\/logo\/image\/","url":"https:\/\/qaze.me\/wp-content\/uploads\/2024\/11\/Qaze-logo.svg","contentUrl":"https:\/\/qaze.me\/wp-content\/uploads\/2024\/11\/Qaze-logo.svg","width":828,"height":503,"caption":"Qaze"},"image":{"@id":"https:\/\/qaze.me\/tr\/#\/schema\/logo\/image\/"}}]}},"_links":{"self":[{"href":"https:\/\/qaze.me\/tr\/wp-json\/wp\/v2\/pages\/988384","targetHints":{"allow":["GET"]}}],"collection":[{"href":"https:\/\/qaze.me\/tr\/wp-json\/wp\/v2\/pages"}],"about":[{"href":"https:\/\/qaze.me\/tr\/wp-json\/wp\/v2\/types\/page"}],"author":[{"embeddable":true,"href":"https:\/\/qaze.me\/tr\/wp-json\/wp\/v2\/users\/1"}],"replies":[{"embeddable":true,"href":"https:\/\/qaze.me\/tr\/wp-json\/wp\/v2\/comments?post=988384"}],"version-history":[{"count":3,"href":"https:\/\/qaze.me\/tr\/wp-json\/wp\/v2\/pages\/988384\/revisions"}],"predecessor-version":[{"id":988449,"href":"https:\/\/qaze.me\/tr\/wp-json\/wp\/v2\/pages\/988384\/revisions\/988449"}],"wp:attachment":[{"href":"https:\/\/qaze.me\/tr\/wp-json\/wp\/v2\/media?parent=988384"}],"curies":[{"name":"wp","href":"https:\/\/api.w.org\/{rel}","templated":true}]}}